{"id":8999,"date":"2025-07-08T07:03:40","date_gmt":"2025-07-08T07:03:40","guid":{"rendered":"https:\/\/jvk.novo-peak.it\/placa-de-mineria-sala\/"},"modified":"2025-12-09T13:16:06","modified_gmt":"2025-12-09T13:16:06","slug":"placa-de-mineria-sala","status":"publish","type":"page","link":"https:\/\/jvk.de\/es\/productos\/placa-de-mineria-sala\/","title":{"rendered":"Placa de miner\u00eda Sala"},"content":{"rendered":"\t\t<div data-elementor-type=\"wp-page\" data-elementor-id=\"8999\" class=\"elementor elementor-8999 elementor-2246\" data-elementor-post-type=\"page\">\n\t\t\t\t<div class=\"elementor-element elementor-element-46ced249 e-con-full e-flex e-con e-parent\" data-id=\"46ced249\" data-element_type=\"container\" data-e-type=\"container\" data-settings=\"{&quot;background_background&quot;:&quot;classic&quot;}\">\n\t\t\t\t<div class=\"elementor-element elementor-element-2bb29cdc elementor-widget__width-inherit elementor--h-position-center elementor--v-position-middle elementor-widget elementor-widget-slides\" data-id=\"2bb29cdc\" data-element_type=\"widget\" data-e-type=\"widget\" data-settings=\"{&quot;navigation&quot;:&quot;none&quot;,&quot;autoplay&quot;:&quot;yes&quot;,&quot;pause_on_hover&quot;:&quot;yes&quot;,&quot;pause_on_interaction&quot;:&quot;yes&quot;,&quot;autoplay_speed&quot;:5000,&quot;infinite&quot;:&quot;yes&quot;,&quot;transition&quot;:&quot;slide&quot;,&quot;transition_speed&quot;:500}\" data-widget_type=\"slides.default\">\n\t\t\t\t<div class=\"elementor-widget-container\">\n\t\t\t\t\t\t\t\t\t<div class=\"elementor-swiper\">\n\t\t\t\t\t<div class=\"elementor-slides-wrapper elementor-main-swiper swiper\" role=\"region\" aria-roledescription=\"carousel\" aria-label=\"Slides\" dir=\"ltr\" data-animation=\"fadeInUp\">\n\t\t\t\t<div class=\"swiper-wrapper elementor-slides\">\n\t\t\t\t\t\t\t\t\t\t<div class=\"elementor-repeater-item-ec279c4 swiper-slide\" role=\"group\" aria-roledescription=\"slide\"><div class=\"swiper-slide-bg elementor-ken-burns elementor-ken-burns--out\" role=\"img\" aria-label=\"Automatisierte Produktionsanlage mit Handhabungsrobotern und Maschinen zur Bearbeitung und Montage von Filterplatten in einer Industriehalle. Fertigungsumgebung f\u00fcr pr\u00e4zise Kunststoff- und Metallverarbeitung im Serienprozess.\"><\/div><div class=\"elementor-background-overlay\"><\/div><div class=\"swiper-slide-inner\" ><div class=\"swiper-slide-contents\"><div class=\"elementor-slide-heading\">Placa de miner\u00eda Sala<\/div><\/div><\/div><\/div>\t\t\t\t<\/div>\n\t\t\t\t\t\t\t<\/div>\n\t\t\t\t<\/div>\n\t\t\t\t\t\t\t\t<\/div>\n\t\t\t\t<\/div>\n\t\t\t\t<\/div>\n\t\t<div class=\"elementor-element elementor-element-74ab23d3 e-flex e-con-boxed e-con e-parent\" data-id=\"74ab23d3\" data-element_type=\"container\" data-e-type=\"container\" data-settings=\"{&quot;background_background&quot;:&quot;classic&quot;}\">\n\t\t\t\t\t<div class=\"e-con-inner\">\n\t\t<div class=\"elementor-element elementor-element-5eb53802 e-con-full e-flex elementor-invisible e-con e-child\" data-id=\"5eb53802\" data-element_type=\"container\" data-e-type=\"container\" data-settings=\"{&quot;animation&quot;:&quot;fadeInLeft&quot;}\">\n\t\t\t\t<div class=\"elementor-element elementor-element-399dd95 elementor-widget elementor-widget-image\" data-id=\"399dd95\" data-element_type=\"widget\" data-e-type=\"widget\" data-widget_type=\"image.default\">\n\t\t\t\t<div class=\"elementor-widget-container\">\n\t\t\t\t\t\t\t\t\t\t\t\t\t\t\t<img fetchpriority=\"high\" decoding=\"async\" width=\"800\" height=\"441\" src=\"https:\/\/jvk.de\/wp-content\/uploads\/2025\/10\/montage_jvk_plates_on_mining-1024x564.png\" class=\"attachment-large size-large wp-image-8181\" alt=\"Mining-Platte SALA von JVK Filtration Systems mit schwarzer Membran und grauer Filterplatte vor Tagebau-Hintergrund. Industrie-Filterplatte f\u00fcr Bergbauanwendungen mit austauschbarer Membran und stabiler Tr\u00e4gerkonstruktion.\" srcset=\"https:\/\/jvk.de\/wp-content\/uploads\/2025\/10\/montage_jvk_plates_on_mining-1024x564.png 1024w, https:\/\/jvk.de\/wp-content\/uploads\/2025\/10\/montage_jvk_plates_on_mining-300x165.png 300w, https:\/\/jvk.de\/wp-content\/uploads\/2025\/10\/montage_jvk_plates_on_mining-768x423.png 768w, https:\/\/jvk.de\/wp-content\/uploads\/2025\/10\/montage_jvk_plates_on_mining-1536x845.png 1536w, https:\/\/jvk.de\/wp-content\/uploads\/2025\/10\/montage_jvk_plates_on_mining.png 2048w\" sizes=\"(max-width: 800px) 100vw, 800px\" \/>\t\t\t\t\t\t\t\t\t\t\t\t\t\t\t<\/div>\n\t\t\t\t<\/div>\n\t\t\t\t<\/div>\n\t\t<div class=\"elementor-element elementor-element-8503bae e-con-full e-flex elementor-invisible e-con e-child\" data-id=\"8503bae\" data-element_type=\"container\" data-e-type=\"container\" data-settings=\"{&quot;animation&quot;:&quot;fadeInRight&quot;}\">\n\t\t\t\t<div class=\"elementor-element elementor-element-2a51a89f elementor-widget elementor-widget-heading\" data-id=\"2a51a89f\" data-element_type=\"widget\" data-e-type=\"widget\" data-widget_type=\"heading.default\">\n\t\t\t\t<div class=\"elementor-widget-container\">\n\t\t\t\t\t<p class=\"elementor-heading-title elementor-size-default\">Placa de miner\u00eda Sala<\/p>\t\t\t\t<\/div>\n\t\t\t\t<\/div>\n\t\t\t\t<div class=\"elementor-element elementor-element-4d8413ce elementor-widget elementor-widget-text-editor\" data-id=\"4d8413ce\" data-element_type=\"widget\" data-e-type=\"widget\" data-widget_type=\"text-editor.default\">\n\t\t\t\t<div class=\"elementor-widget-container\">\n\t\t\t\t\t\t\t\t\t<p><strong>Tama\u00f1o:<\/strong> 1500&#215;1500 mm<br><strong>Aplicaci\u00f3n:<\/strong> Miner\u00eda, Industria qu\u00edmica, Procesamiento de metales<\/p><p><strong>Caracter\u00edsticas especiales:<\/strong><\/p><ul><li>Membrana intercambiable <\/li><li>Salida de filtrado intercambiable<\/li><\/ul>\t\t\t\t\t\t\t\t<\/div>\n\t\t\t\t<\/div>\n\t\t<div class=\"elementor-element elementor-element-82999d2 e-con-full e-flex e-con e-child\" data-id=\"82999d2\" data-element_type=\"container\" data-e-type=\"container\">\n\t\t\t\t<div class=\"elementor-element elementor-element-ed27fbd elementor-align-center elementor-widget elementor-widget-button\" data-id=\"ed27fbd\" data-element_type=\"widget\" data-e-type=\"widget\" data-widget_type=\"button.default\">\n\t\t\t\t<div class=\"elementor-widget-container\">\n\t\t\t\t\t\t\t\t\t<div class=\"elementor-button-wrapper\">\n\t\t\t\t\t<a class=\"elementor-button elementor-button-link elementor-size-sm\" href=\"mailto:sales@jvk.de\" target=\"_blank\">\n\t\t\t\t\t\t<span class=\"elementor-button-content-wrapper\">\n\t\t\t\t\t\t\t\t\t<span class=\"elementor-button-text\">Solicitar producto<\/span>\n\t\t\t\t\t<\/span>\n\t\t\t\t\t<\/a>\n\t\t\t\t<\/div>\n\t\t\t\t\t\t\t\t<\/div>\n\t\t\t\t<\/div>\n\t\t\t\t<div class=\"elementor-element elementor-element-5bae466 elementor-align-center elementor-widget elementor-widget-button\" data-id=\"5bae466\" data-element_type=\"widget\" data-e-type=\"widget\" data-widget_type=\"button.default\">\n\t\t\t\t<div class=\"elementor-widget-container\">\n\t\t\t\t\t\t\t\t\t<div class=\"elementor-button-wrapper\">\n\t\t\t\t\t<a class=\"elementor-button elementor-button-link elementor-size-sm\" href=\"https:\/\/calendly.com\/jvk-filtration-systems\/neues-meeting\" target=\"_blank\">\n\t\t\t\t\t\t<span class=\"elementor-button-content-wrapper\">\n\t\t\t\t\t\t\t\t\t<span class=\"elementor-button-text\">Solicite asesoramiento ahora<\/span>\n\t\t\t\t\t<\/span>\n\t\t\t\t\t<\/a>\n\t\t\t\t<\/div>\n\t\t\t\t\t\t\t\t<\/div>\n\t\t\t\t<\/div>\n\t\t\t\t<\/div>\n\t\t\t\t<\/div>\n\t\t\t\t\t<\/div>\n\t\t\t\t<\/div>\n\t\t<div class=\"elementor-element elementor-element-30e5d70d e-flex e-con-boxed e-con e-parent\" data-id=\"30e5d70d\" data-element_type=\"container\" data-e-type=\"container\" data-settings=\"{&quot;background_background&quot;:&quot;classic&quot;}\">\n\t\t\t\t\t<div class=\"e-con-inner\">\n\t\t<div class=\"elementor-element elementor-element-6d74a5f3 e-con-full e-flex elementor-invisible e-con e-child\" data-id=\"6d74a5f3\" data-element_type=\"container\" data-e-type=\"container\" data-settings=\"{&quot;animation&quot;:&quot;fadeInLeft&quot;}\">\n\t\t\t\t<div class=\"elementor-element elementor-element-56943c4c elementor-widget elementor-widget-heading\" data-id=\"56943c4c\" data-element_type=\"widget\" data-e-type=\"widget\" data-widget_type=\"heading.default\">\n\t\t\t\t<div class=\"elementor-widget-container\">\n\t\t\t\t\t<p class=\"elementor-heading-title elementor-size-default\">Placa JVK\u00ae SALA \u2013 Ejemplo SALA 1500<\/p>\t\t\t\t<\/div>\n\t\t\t\t<\/div>\n\t\t\t\t<div class=\"elementor-element elementor-element-14f6d200 elementor-widget elementor-widget-text-editor\" data-id=\"14f6d200\" data-element_type=\"widget\" data-e-type=\"widget\" data-widget_type=\"text-editor.default\">\n\t\t\t\t<div class=\"elementor-widget-container\">\n\t\t\t\t\t\t\t\t\t<p><strong>Compatible. Robusta. Probada en miner\u00eda.  <\/strong><\/p><p>La placa JVK\u00ae SALA es la soluci\u00f3n a medida para filtros prensa de las series (antiguas) SALA\/Metso. Tomando como ejemplo <strong>SALA 1500<\/strong>, JVK\u00ae fabrica placas de c\u00e1mara, c\u00e1mara de membrana (MRP) y placas de combinaci\u00f3n de membrana (MCP) que se adaptan mec\u00e1nica e hidr\u00e1ulicamente a la instalaci\u00f3n, incluyendo suspensiones, patrones de perforaci\u00f3n y conceptos de sellado. <\/p><h3><br>Ventajas de un vistazo<\/h3><ul><li><strong>Compatibilidad Plug &amp; Play:<\/strong> Sustituci\u00f3n en prensas SALA existentes sin adaptaciones.<\/li><li><strong>Larga vida \u00fatil:<\/strong> Canales optimizados para el flujo y materiales resistentes a la abrasi\u00f3n para medios de miner\u00eda abrasivos.<\/li><li><strong>Mayor seguridad del proceso:<\/strong> Represi\u00f3n opcional (MRP\/MCP), lavado eficiente de la torta, termosecado\/atemperado.<\/li><li><strong>Calidad constante:<\/strong> Fabricaci\u00f3n dimensionalmente precisa, espesor de torta reproducible, sellado seguro.<\/li><\/ul><h3><br>Datos t\u00e9cnicos clave (SALA 1500 \u2013 a modo de ejemplo)<\/h3><ul><li><strong>Tama\u00f1o de la placa:<\/strong> 1500 mm<\/li><li><strong>Tipos de placa:<\/strong> C\u00e1mara, MRP, MCP<\/li><li><strong>Materiales:<\/strong> PP o PVDF; Membrana p. ej. TPE\/EPDM\/NBR<\/li><li><strong>Presi\u00f3n de servicio:<\/strong> seg\u00fan tipo\/material; Exprimido posible con MRP\/MCP<\/li><li><strong>Opciones:<\/strong> Entrada central\/de esquina, lavado de torta, termosecado\/atemperado<\/li><\/ul><p><br><strong>\u00c1mbitos de aplicaci\u00f3n:<\/strong> Concentrados, relaves, preparaci\u00f3n de minerales, deshidrataci\u00f3n de residuos \u2013 en todos los lugares donde las prensas SALA deban funcionar de forma fiable.<\/p>\t\t\t\t\t\t\t\t<\/div>\n\t\t\t\t<\/div>\n\t\t\t\t<\/div>\n\t\t<div class=\"elementor-element elementor-element-9bbf533 e-con-full animated-slow e-flex elementor-invisible e-con e-child\" data-id=\"9bbf533\" data-element_type=\"container\" data-e-type=\"container\" data-settings=\"{&quot;background_background&quot;:&quot;classic&quot;,&quot;animation_widescreen&quot;:&quot;fadeInRight&quot;,&quot;animation&quot;:&quot;fadeInRight&quot;}\">\n\t\t\t\t<div class=\"elementor-element elementor-element-5d412f6 elementor-widget elementor-widget-image\" data-id=\"5d412f6\" data-element_type=\"widget\" data-e-type=\"widget\" data-settings=\"{&quot;_animation_widescreen&quot;:&quot;fadeInRight&quot;}\" data-widget_type=\"image.default\">\n\t\t\t\t<div class=\"elementor-widget-container\">\n\t\t\t\t\t\t\t\t\t\t\t\t\t\t\t<img decoding=\"async\" width=\"600\" height=\"1050\" src=\"https:\/\/jvk.de\/wp-content\/uploads\/2025\/10\/mining_sala_jvk-1.jpg\" class=\"attachment-full size-full wp-image-8183\" alt=\"Die Mining-Platte SALA ist eine robuste Filterplattenl\u00f6sung f\u00fcr den Einsatz im Bergbau, der chemischen Industrie und der Metallverarbeitung. Sie verf\u00fcgt \u00fcber eine auswechselbare Membrane sowie einen austauschbaren Filtratauslauf f\u00fcr maximale Wartungsfreundlichkeit und Prozesssicherheit.\" srcset=\"https:\/\/jvk.de\/wp-content\/uploads\/2025\/10\/mining_sala_jvk-1.jpg 600w, https:\/\/jvk.de\/wp-content\/uploads\/2025\/10\/mining_sala_jvk-1-171x300.jpg 171w, https:\/\/jvk.de\/wp-content\/uploads\/2025\/10\/mining_sala_jvk-1-585x1024.jpg 585w\" sizes=\"(max-width: 600px) 100vw, 600px\" \/>\t\t\t\t\t\t\t\t\t\t\t\t\t\t\t<\/div>\n\t\t\t\t<\/div>\n\t\t\t\t<\/div>\n\t\t\t\t\t<\/div>\n\t\t\t\t<\/div>\n\t\t\t\t<\/div>\n\t\t","protected":false},"excerpt":{"rendered":"<p>Paneles especiales Sala Mining para miner\u00eda, qu\u00edmica y metalurgia<\/p>\n","protected":false},"author":1,"featured_media":10499,"parent":9179,"menu_order":0,"comment_status":"closed","ping_status":"closed","template":"","meta":{"_acf_changed":false,"footnotes":""},"categories":[49,43],"tags":[],"class_list":["post-8999","page","type-page","status-publish","has-post-thumbnail","hentry","category-placas-de-membrana","category-productos"],"acf":[],"yoast_head":"<!-- This site is optimized with the Yoast SEO Premium plugin v27.1 (Yoast SEO v27.1.1) - https:\/\/yoast.com\/product\/yoast-seo-premium-wordpress\/ -->\n<title>Placa de miner\u00eda Sala<\/title>\n<meta name=\"robots\" content=\"index, follow, max-snippet:-1, max-image-preview:large, max-video-preview:-1\" \/>\n<link rel=\"canonical\" href=\"https:\/\/jvk.de\/es\/productos\/placa-de-mineria-sala\/\" \/>\n<meta property=\"og:locale\" content=\"es_ES\" \/>\n<meta property=\"og:type\" content=\"article\" \/>\n<meta property=\"og:title\" content=\"Placa de miner\u00eda Sala\" \/>\n<meta property=\"og:description\" content=\"Paneles especiales Sala Mining para miner\u00eda, qu\u00edmica y metalurgia\" \/>\n<meta property=\"og:url\" content=\"https:\/\/jvk.de\/es\/productos\/placa-de-mineria-sala\/\" \/>\n<meta property=\"og:site_name\" content=\"JVK Filtration Systems\" \/>\n<meta property=\"article:modified_time\" content=\"2025-12-09T13:16:06+00:00\" \/>\n<meta property=\"og:image\" content=\"https:\/\/jvk.de\/wp-content\/uploads\/2025\/12\/Mining-Platte-Sala.png\" \/>\n\t<meta property=\"og:image:width\" content=\"800\" \/>\n\t<meta property=\"og:image:height\" content=\"800\" \/>\n\t<meta property=\"og:image:type\" content=\"image\/png\" \/>\n<meta name=\"twitter:card\" content=\"summary_large_image\" \/>\n<meta name=\"twitter:label1\" content=\"Tiempo de lectura\" \/>\n\t<meta name=\"twitter:data1\" content=\"1 minuto\" \/>\n<script type=\"application\/ld+json\" class=\"yoast-schema-graph\">{\"@context\":\"https:\/\/schema.org\",\"@graph\":[{\"@type\":\"WebPage\",\"@id\":\"https:\/\/jvk.de\/es\/productos\/placa-de-mineria-sala\/\",\"url\":\"https:\/\/jvk.de\/es\/productos\/placa-de-mineria-sala\/\",\"name\":\"Placa de miner\u00eda Sala\",\"isPartOf\":{\"@id\":\"https:\/\/jvk.de\/es\/#website\"},\"primaryImageOfPage\":{\"@id\":\"https:\/\/jvk.de\/es\/productos\/placa-de-mineria-sala\/#primaryimage\"},\"image\":{\"@id\":\"https:\/\/jvk.de\/es\/productos\/placa-de-mineria-sala\/#primaryimage\"},\"thumbnailUrl\":\"https:\/\/jvk.de\/wp-content\/uploads\/2025\/12\/Mining-Platte-Sala.png\",\"datePublished\":\"2025-07-08T07:03:40+00:00\",\"dateModified\":\"2025-12-09T13:16:06+00:00\",\"breadcrumb\":{\"@id\":\"https:\/\/jvk.de\/es\/productos\/placa-de-mineria-sala\/#breadcrumb\"},\"inLanguage\":\"es\",\"potentialAction\":[{\"@type\":\"ReadAction\",\"target\":[\"https:\/\/jvk.de\/es\/productos\/placa-de-mineria-sala\/\"]}]},{\"@type\":\"ImageObject\",\"inLanguage\":\"es\",\"@id\":\"https:\/\/jvk.de\/es\/productos\/placa-de-mineria-sala\/#primaryimage\",\"url\":\"https:\/\/jvk.de\/wp-content\/uploads\/2025\/12\/Mining-Platte-Sala.png\",\"contentUrl\":\"https:\/\/jvk.de\/wp-content\/uploads\/2025\/12\/Mining-Platte-Sala.png\",\"width\":800,\"height\":800,\"caption\":\"Placa minera Sala\"},{\"@type\":\"BreadcrumbList\",\"@id\":\"https:\/\/jvk.de\/es\/productos\/placa-de-mineria-sala\/#breadcrumb\",\"itemListElement\":[{\"@type\":\"ListItem\",\"position\":1,\"name\":\"Startseite\",\"item\":\"https:\/\/jvk.de\/es\/jvk-filtration-systems-2\/\"},{\"@type\":\"ListItem\",\"position\":2,\"name\":\"Productos\",\"item\":\"https:\/\/jvk.de\/es\/productos\/\"},{\"@type\":\"ListItem\",\"position\":3,\"name\":\"Placa de miner\u00eda Sala\"}]},{\"@type\":\"WebSite\",\"@id\":\"https:\/\/jvk.de\/es\/#website\",\"url\":\"https:\/\/jvk.de\/es\/\",\"name\":\"JVK Filtration Systems GmbH\",\"description\":\"\",\"publisher\":{\"@id\":\"https:\/\/jvk.de\/es\/#organization\"},\"potentialAction\":[{\"@type\":\"SearchAction\",\"target\":{\"@type\":\"EntryPoint\",\"urlTemplate\":\"https:\/\/jvk.de\/es\/?s={search_term_string}\"},\"query-input\":{\"@type\":\"PropertyValueSpecification\",\"valueRequired\":true,\"valueName\":\"search_term_string\"}}],\"inLanguage\":\"es\"},{\"@type\":\"Organization\",\"@id\":\"https:\/\/jvk.de\/es\/#organization\",\"name\":\"JVK Filtration Systems\",\"url\":\"https:\/\/jvk.de\/es\/\",\"logo\":{\"@type\":\"ImageObject\",\"inLanguage\":\"es\",\"@id\":\"https:\/\/jvk.de\/es\/#\/schema\/logo\/image\/\",\"url\":\"https:\/\/jvk.de\/wp-content\/uploads\/2025\/02\/logo-jvk.svg\",\"contentUrl\":\"https:\/\/jvk.de\/wp-content\/uploads\/2025\/02\/logo-jvk.svg\",\"width\":100,\"height\":100,\"caption\":\"JVK Filtration Systems\"},\"image\":{\"@id\":\"https:\/\/jvk.de\/es\/#\/schema\/logo\/image\/\"}}]}<\/script>\n<!-- \/ Yoast SEO Premium plugin. -->","yoast_head_json":{"title":"Placa de miner\u00eda Sala","robots":{"index":"index","follow":"follow","max-snippet":"max-snippet:-1","max-image-preview":"max-image-preview:large","max-video-preview":"max-video-preview:-1"},"canonical":"https:\/\/jvk.de\/es\/productos\/placa-de-mineria-sala\/","og_locale":"es_ES","og_type":"article","og_title":"Placa de miner\u00eda Sala","og_description":"Paneles especiales Sala Mining para miner\u00eda, qu\u00edmica y metalurgia","og_url":"https:\/\/jvk.de\/es\/productos\/placa-de-mineria-sala\/","og_site_name":"JVK Filtration Systems","article_modified_time":"2025-12-09T13:16:06+00:00","og_image":[{"width":800,"height":800,"url":"https:\/\/jvk.de\/wp-content\/uploads\/2025\/12\/Mining-Platte-Sala.png","type":"image\/png"}],"twitter_card":"summary_large_image","twitter_misc":{"Tiempo de lectura":"1 minuto"},"schema":{"@context":"https:\/\/schema.org","@graph":[{"@type":"WebPage","@id":"https:\/\/jvk.de\/es\/productos\/placa-de-mineria-sala\/","url":"https:\/\/jvk.de\/es\/productos\/placa-de-mineria-sala\/","name":"Placa de miner\u00eda Sala","isPartOf":{"@id":"https:\/\/jvk.de\/es\/#website"},"primaryImageOfPage":{"@id":"https:\/\/jvk.de\/es\/productos\/placa-de-mineria-sala\/#primaryimage"},"image":{"@id":"https:\/\/jvk.de\/es\/productos\/placa-de-mineria-sala\/#primaryimage"},"thumbnailUrl":"https:\/\/jvk.de\/wp-content\/uploads\/2025\/12\/Mining-Platte-Sala.png","datePublished":"2025-07-08T07:03:40+00:00","dateModified":"2025-12-09T13:16:06+00:00","breadcrumb":{"@id":"https:\/\/jvk.de\/es\/productos\/placa-de-mineria-sala\/#breadcrumb"},"inLanguage":"es","potentialAction":[{"@type":"ReadAction","target":["https:\/\/jvk.de\/es\/productos\/placa-de-mineria-sala\/"]}]},{"@type":"ImageObject","inLanguage":"es","@id":"https:\/\/jvk.de\/es\/productos\/placa-de-mineria-sala\/#primaryimage","url":"https:\/\/jvk.de\/wp-content\/uploads\/2025\/12\/Mining-Platte-Sala.png","contentUrl":"https:\/\/jvk.de\/wp-content\/uploads\/2025\/12\/Mining-Platte-Sala.png","width":800,"height":800,"caption":"Placa minera Sala"},{"@type":"BreadcrumbList","@id":"https:\/\/jvk.de\/es\/productos\/placa-de-mineria-sala\/#breadcrumb","itemListElement":[{"@type":"ListItem","position":1,"name":"Startseite","item":"https:\/\/jvk.de\/es\/jvk-filtration-systems-2\/"},{"@type":"ListItem","position":2,"name":"Productos","item":"https:\/\/jvk.de\/es\/productos\/"},{"@type":"ListItem","position":3,"name":"Placa de miner\u00eda Sala"}]},{"@type":"WebSite","@id":"https:\/\/jvk.de\/es\/#website","url":"https:\/\/jvk.de\/es\/","name":"JVK Filtration Systems GmbH","description":"","publisher":{"@id":"https:\/\/jvk.de\/es\/#organization"},"potentialAction":[{"@type":"SearchAction","target":{"@type":"EntryPoint","urlTemplate":"https:\/\/jvk.de\/es\/?s={search_term_string}"},"query-input":{"@type":"PropertyValueSpecification","valueRequired":true,"valueName":"search_term_string"}}],"inLanguage":"es"},{"@type":"Organization","@id":"https:\/\/jvk.de\/es\/#organization","name":"JVK Filtration Systems","url":"https:\/\/jvk.de\/es\/","logo":{"@type":"ImageObject","inLanguage":"es","@id":"https:\/\/jvk.de\/es\/#\/schema\/logo\/image\/","url":"https:\/\/jvk.de\/wp-content\/uploads\/2025\/02\/logo-jvk.svg","contentUrl":"https:\/\/jvk.de\/wp-content\/uploads\/2025\/02\/logo-jvk.svg","width":100,"height":100,"caption":"JVK Filtration Systems"},"image":{"@id":"https:\/\/jvk.de\/es\/#\/schema\/logo\/image\/"}}]}},"_links":{"self":[{"href":"https:\/\/jvk.de\/es\/wp-json\/wp\/v2\/pages\/8999","targetHints":{"allow":["GET"]}}],"collection":[{"href":"https:\/\/jvk.de\/es\/wp-json\/wp\/v2\/pages"}],"about":[{"href":"https:\/\/jvk.de\/es\/wp-json\/wp\/v2\/types\/page"}],"author":[{"embeddable":true,"href":"https:\/\/jvk.de\/es\/wp-json\/wp\/v2\/users\/1"}],"replies":[{"embeddable":true,"href":"https:\/\/jvk.de\/es\/wp-json\/wp\/v2\/comments?post=8999"}],"version-history":[{"count":4,"href":"https:\/\/jvk.de\/es\/wp-json\/wp\/v2\/pages\/8999\/revisions"}],"predecessor-version":[{"id":10656,"href":"https:\/\/jvk.de\/es\/wp-json\/wp\/v2\/pages\/8999\/revisions\/10656"}],"up":[{"embeddable":true,"href":"https:\/\/jvk.de\/es\/wp-json\/wp\/v2\/pages\/9179"}],"wp:featuredmedia":[{"embeddable":true,"href":"https:\/\/jvk.de\/es\/wp-json\/wp\/v2\/media\/10499"}],"wp:attachment":[{"href":"https:\/\/jvk.de\/es\/wp-json\/wp\/v2\/media?parent=8999"}],"wp:term":[{"taxonomy":"category","embeddable":true,"href":"https:\/\/jvk.de\/es\/wp-json\/wp\/v2\/categories?post=8999"},{"taxonomy":"post_tag","embeddable":true,"href":"https:\/\/jvk.de\/es\/wp-json\/wp\/v2\/tags?post=8999"}],"curies":[{"name":"wp","href":"https:\/\/api.w.org\/{rel}","templated":true}]}}