{"id":8959,"date":"2025-07-08T07:26:38","date_gmt":"2025-07-08T07:26:38","guid":{"rendered":"https:\/\/jvk.novo-peak.it\/placa-de-mineria-para-prensa-de-carga\/"},"modified":"2025-10-30T13:17:05","modified_gmt":"2025-10-30T13:17:05","slug":"placa-de-mineria-para-prensa-de-carga","status":"publish","type":"page","link":"https:\/\/jvk.de\/es\/productos\/placa-de-mineria-para-prensa-de-carga\/","title":{"rendered":"Placa de miner\u00eda para prensa de carga"},"content":{"rendered":"<p>Placa de miner\u00eda<\/p>\n<p>Para prensa de carga<\/p>\n<style id=\"bwg-style-10\">  #bwg_container1_10 {    display: table;\t\/*visibility: hidden;*\/  }  #bwg_container1_10 * {\t  -moz-user-select: none;\t  -khtml-user-select: none;\t  -webkit-user-select: none;\t  -ms-user-select: none;\t  user-select: none;  }  #bwg_container1_10 #bwg_container2_10 .bwg_slideshow_image_wrap_10 {\t  background-color: #FFFFFF;\t  width: 800px;\t  height: 500px;  }  #bwg_container1_10 #bwg_container2_10 .bwg_slideshow_image_10 {\t  max-width: 800px;\t  max-height: 410px;  }  #bwg_container1_10 #bwg_container2_10 .bwg_slideshow_embed_10 {    width: 800px;    height: 410px;  }  #bwg_container1_10 #bwg_container2_10 #bwg_slideshow_play_pause_10 {\t  background: transparent url(\"https:\/\/jvk.de\/wp-content\/plugins\/photo-gallery\/images\/blank.gif\") repeat scroll 0 0;  }  #bwg_container1_10 #bwg_container2_10 #bwg_slideshow_play_pause-ico_10 {    color: #002652;    font-size: 35px;  }  #bwg_container1_10 #bwg_container2_10 #bwg_slideshow_play_pause-ico_10:hover {\t  color: #002652;  }  #bwg_container1_10 #bwg_container2_10 #spider_slideshow_left_10,  #bwg_container1_10 #bwg_container2_10 #spider_slideshow_right_10 {\t  background: transparent url(\"https:\/\/jvk.de\/wp-content\/plugins\/photo-gallery\/images\/blank.gif\") repeat scroll 0 0;  }  #bwg_container1_10 #bwg_container2_10 #spider_slideshow_left-ico_10,  #bwg_container1_10 #bwg_container2_10 #spider_slideshow_right-ico_10 {\t  background-color: #FFFFFF;\t  border-radius: 0;\t  border: 0px none #FFFFFF;\t  box-shadow: 0px;\t  color: #002652;\t  height: 37px;\t  font-size: 12px;\t  width: 37px;\t  opacity: 1.00;  }  #bwg_container1_10 #bwg_container2_10 #spider_slideshow_left-ico_10:hover,  #bwg_container1_10 #bwg_container2_10 #spider_slideshow_right-ico_10:hover {\t  color: #002652;  }      #spider_slideshow_left-ico_10{      left: -9999px;    }    #spider_slideshow_right-ico_10{      left: -9999px;    }      #bwg_container1_10 #bwg_container2_10 .bwg_slideshow_image_container_10 {\t  bottom: 90px;\t  width: 800px;\t  height: 500px;\t}\t#bwg_container1_10 #bwg_container2_10 .bwg_slideshow_filmstrip_container_10 {\t  display: table;\t  height: 90px;\t  width: 800px;\t  bottom: 0;  }  \/* Filmstrip dimension *\/  #bwg_container1_10 #bwg_container2_10 .bwg_slideshow_filmstrip_10 {\t  left: 20px;\t  width: 760px;\t  \/*z-index: 10106;*\/  }  #bwg_container1_10 #bwg_container2_10 .bwg_slideshow_filmstrip_thumbnails_10 {    left: 0px;    width: 187px;    height: 90px;  }  #bwg_container1_10 #bwg_container2_10 .bwg_slideshow_filmstrip_thumbnail_10 {    width: 161px;    height: 90px;    margin: 20px 26px 0 0;    border: 0px none #000000;    border-radius: 0;  }  #bwg_container1_10 #bwg_container2_10 .bwg_slideshow_thumb_active_10 {\t  border: 0px solid #FFFFFF;  }  #bwg_container1_10 #bwg_container2_10 .bwg_slideshow_thumb_deactive_10 {    opacity: 1.00;  }  #bwg_container1_10 #bwg_container2_10 .bwg_slideshow_filmstrip_left_10,  #bwg_container1_10 #bwg_container2_10 .bwg_slideshow_filmstrip_left_disabled_10 {\t  background-color: #FFFFFF;\t  display: table-cell;\t  width: 20px;\t  left: 0;\t  \t    }  #bwg_container1_10 #bwg_container2_10 .bwg_slideshow_filmstrip_right_10,  #bwg_container1_10 #bwg_container2_10 .bwg_slideshow_filmstrip_right_disabled_10 {\t  background-color: #FFFFFF;    display: table-cell;    right: 0;\t  width: 20px;\t  \t    }  #bwg_container1_10 #bwg_container2_10 .bwg_slideshow_filmstrip_left_10 i,  #bwg_container1_10 #bwg_container2_10 .bwg_slideshow_filmstrip_right_10 i,  #bwg_container1_10 #bwg_container2_10 .bwg_slideshow_filmstrip_left_disabled_10 i,  #bwg_container1_10 #bwg_container2_10 .bwg_slideshow_filmstrip_right_disabled_10 i {\t  color: #002652;\t  font-size: 15px;  }  #bwg_container1_10 #bwg_container2_10 .bwg_slideshow_filmstrip_left_10 {    display: none;  }  #bwg_container1_10 #bwg_container2_10 .bwg_slideshow_filmstrip_left_disabled_10,  #bwg_container1_10 #bwg_container2_10 .bwg_slideshow_filmstrip_right_disabled_10 {    display: none;    opacity: 0.3;  }  #bwg_container1_10 #bwg_container2_10 .bwg_slideshow_filmstrip_left_disabled_10 {    display: table-cell;  }  #bwg_container1_10 #bwg_container2_10 .bwg_slideshow_watermark_spun_10 {\t  text-align: left;\t  vertical-align: bottom;  }  #bwg_container1_10 #bwg_container2_10 .bwg_slideshow_title_spun_10 {\t  text-align: right;\t  vertical-align: top;  }  #bwg_container1_10 #bwg_container2_10 .bwg_slideshow_description_spun_10 {\t  text-align: right;\t  vertical-align: bottom;  }  #bwg_container1_10 #bwg_container2_10 .bwg_slideshow_watermark_image_10 {\t  max-height: 90px;\t  max-width: 90px;\t  opacity: 0.30;  }  #bwg_container1_10 #bwg_container2_10 .bwg_slideshow_watermark_text_10,  #bwg_container1_10 #bwg_container2_10 .bwg_slideshow_watermark_text_10:hover {\t  text-decoration: none;\t  margin: 4px;\t  position: relative;\t  z-index: 15;  }  #bwg_container1_10 #bwg_container2_10 .bwg_slideshow_title_text_10 {\t  font-size: 16px;\t  font-family: Ubuntu;\t  color: #FFFFFF !important;\t  opacity: 0.70;    border-radius: 0;\t  background-color: #000000;\t  padding: 0 0 0 0;\t  \t\tmargin: 5px;\t  \t    }  #bwg_container1_10 #bwg_container2_10 .bwg_slideshow_description_text_10 {\t  font-size: 14px;\t  font-family: Ubuntu;\t  color: #FFFFFF !important;\t  opacity: 0.70;    border-radius: 0;\t  background-color: #000000;\t  padding: 5px 10px 5px 10px;\t    }  #bwg_container1_10 #bwg_container2_10 .bwg_slideshow_description_text_10 * {\ttext-decoration: none;\tcolor: #FFFFFF !important;  }  #bwg_container1_10 #bwg_container2_10 .bwg_slideshow_dots_10 {\t  width: 12px;\t  height: 12px;\t  border-radius: 0;\t  background: #F2D22E;\t  margin: 3px;  }  #bwg_container1_10 #bwg_container2_10 .bwg_slideshow_dots_container_10 {\t  width: 800px;\t  bottom: 0;  }  #bwg_container1_10 #bwg_container2_10 .bwg_slideshow_dots_thumbnails_10 {\t  height: 18px;\t  width: 18px;  }  #bwg_container1_10 #bwg_container2_10 .bwg_slideshow_dots_active_10 {\t  background: #FFFFFF;\t  border: 1px solid #000000;  }  <\/style>\n<form id=\"gal_front_form_10\"                           method=\"post\"              action=\"#\"              data-current=\"10\"              data-shortcode-id=\"35\"              data-gallery-type=\"slideshow\"              data-gallery-id=\"5\"              data-tag=\"0\"              data-album-id=\"0\"              data-theme-id=\"1\"              data-ajax-url=\"https:\/\/jvk.de\/wp-admin\/admin-ajax.php?action=bwg_frontend_data\">                                                                                                                                                  <img decoding=\"async\"                  style=\"width:161px; height:281.46853146853px; margin-left: 0px; margin-top: -95.734265734266px;\"                  data-style=\"width:161px; height:281.46853146853px; margin-left: 0px; margin-top: -95.734265734266px;\"                  src=\"https:\/\/jvk.de\/wp-content\/uploads\/photo-gallery\/thumb\/mining_platte_lastapresse_jvk.jpg?bwg=1751961532\"                  data-src=\"https:\/\/jvk.de\/wp-content\/uploads\/photo-gallery\/thumb\/mining_platte_lastapresse_jvk.jpg?bwg=1751961532\"                  onclick=\"bwg_change_image(parseInt(jQuery('#bwg_current_image_key_10').val()), '0', '', '', '10')\"                  image_id=\"17\"                  image_key=\"0\"                  alt=\"mining platte lastapresse jvk\"                  title=\"mining platte lastapresse jvk\" \/>                                                                                                                                                                                                                                                                  <a  href=\"https:\/\/jvk.de\/wp-content\/uploads\/photo-gallery\/mining_platte_lastapresse_jvk.jpg?bwg=1751961532\" data-image-id=\"17\" data-elementor-open-lightbox=\"no\">                          <img decoding=\"async\" id=\"bwg_slideshow_image_10\"                                                             src=\"https:\/\/jvk.de\/wp-content\/uploads\/photo-gallery\/mining_platte_lastapresse_jvk.jpg?bwg=1751961532\"                               data-src=\"https:\/\/jvk.de\/wp-content\/uploads\/photo-gallery\/mining_platte_lastapresse_jvk.jpg?bwg=1751961532\"                               image_id=\"17\"                               alt=\"mining platte lastapresse jvk\" \/>                          <\/a>                                                                                                                                        <input type=\"hidden\" id=\"bwg_current_image_key_10\" value=\"0\" \/>                                                                            <\/form>\n<style>          #bwg_container1_10 #bwg_container2_10 #spider_popup_overlay_10 {          background-color: #EEEEEE;          opacity: 0.60;          }          <\/style>\n<p>                        <input type=\"hidden\" id=\"bwg_random_seed_10\" value=\"1231001856\">                            \t\t\t\t<\/p>\n<p>Placa de miner\u00eda para prensa de carga<\/p>\n<p><strong>Tama\u00f1o:<\/strong> 1500&#215;1500 mm, 1000&#215;1000 mm<br \/><strong>Aplicaci\u00f3n:<\/strong> Miner\u00eda, Industria qu\u00edmica, Metalurgia<\/p>\n<p><strong>Caracter\u00edsticas especiales:<\/strong><\/p>\n<ul>\n<li>Membrana intercambiable<\/li>\n<li>Salida de filtrado intercambiable<\/li>\n<\/ul>\n<p>\t\t\t\t\t<a href=\"mailto:sales@jvk.de\" target=\"_blank\"><br \/>\n\t\t\t\t\t\t\t\t\tSolicitar producto<br \/>\n\t\t\t\t\t<\/a><br \/>\n\t\t\t\t\t<a href=\"https:\/\/calendly.com\/jvk-filtration-systems\/neues-meeting\" target=\"_blank\"><br \/>\n\t\t\t\t\t\t\t\t\tSolicite asesoramiento ahora<br \/>\n\t\t\t\t\t<\/a><\/p>\n<p>Moldeo por inyecci\u00f3n de polvo<\/p>\n<p>Fabricaci\u00f3n integral<\/p>\n<p>JVK Filtration Systems es el experto del sector en soluciones de filtraci\u00f3n. Nuestros elementos filtrantes para la separaci\u00f3n s\u00f3lido-l\u00edquido establecen est\u00e1ndares en el procesamiento de pl\u00e1sticos. <\/p>\n<p>Con nuestra experiencia en la ciencia de los materiales y nuestro compromiso continuo con la innovaci\u00f3n, somos el proveedor preferido de fabricantes de bienes de equipo en todo el mundo. Nuestro \u00e9xito se basa en nuestra b\u00fasqueda de la excelencia y nuestra capacidad para satisfacer las necesidades de los clientes. <\/p>\n<h2>Otros productos<\/h2>\n","protected":false},"excerpt":{"rendered":"<p>Aplicaci\u00f3n: miner\u00eda, industria qu\u00edmica, metalurgia, etc.<\/p>\n","protected":false},"author":1,"featured_media":8248,"parent":9179,"menu_order":0,"comment_status":"closed","ping_status":"closed","template":"","meta":{"_acf_changed":false,"footnotes":""},"categories":[49,43],"tags":[],"class_list":["post-8959","page","type-page","status-publish","has-post-thumbnail","hentry","category-placas-de-membrana","category-productos"],"acf":[],"yoast_head":"<!-- This site is optimized with the Yoast SEO Premium plugin v27.1 (Yoast SEO v27.1.1) - https:\/\/yoast.com\/product\/yoast-seo-premium-wordpress\/ -->\n<title>Placa de miner\u00eda para prensa de carga<\/title>\n<meta name=\"robots\" content=\"index, follow, max-snippet:-1, max-image-preview:large, max-video-preview:-1\" \/>\n<link rel=\"canonical\" href=\"https:\/\/jvk.de\/es\/productos\/placa-de-mineria-para-prensa-de-carga\/\" \/>\n<meta property=\"og:locale\" content=\"es_ES\" \/>\n<meta property=\"og:type\" content=\"article\" \/>\n<meta property=\"og:title\" content=\"Placa de miner\u00eda para prensa de carga\" \/>\n<meta property=\"og:description\" content=\"Aplicaci\u00f3n: miner\u00eda, industria qu\u00edmica, metalurgia, etc.\" \/>\n<meta property=\"og:url\" content=\"https:\/\/jvk.de\/es\/productos\/placa-de-mineria-para-prensa-de-carga\/\" \/>\n<meta property=\"og:site_name\" content=\"JVK Filtration Systems\" \/>\n<meta property=\"article:modified_time\" content=\"2025-10-30T13:17:05+00:00\" \/>\n<meta property=\"og:image\" content=\"https:\/\/jvk.de\/wp-content\/uploads\/2025\/07\/mining_platte_lastapresse_jvk.jpg\" \/>\n\t<meta property=\"og:image:width\" content=\"600\" \/>\n\t<meta property=\"og:image:height\" content=\"1050\" \/>\n\t<meta property=\"og:image:type\" content=\"image\/jpeg\" \/>\n<meta name=\"twitter:card\" content=\"summary_large_image\" \/>\n<meta name=\"twitter:label1\" content=\"Tiempo de lectura\" \/>\n\t<meta name=\"twitter:data1\" content=\"1 minuto\" \/>\n<script type=\"application\/ld+json\" class=\"yoast-schema-graph\">{\"@context\":\"https:\/\/schema.org\",\"@graph\":[{\"@type\":\"WebPage\",\"@id\":\"https:\/\/jvk.de\/es\/productos\/placa-de-mineria-para-prensa-de-carga\/\",\"url\":\"https:\/\/jvk.de\/es\/productos\/placa-de-mineria-para-prensa-de-carga\/\",\"name\":\"Placa de miner\u00eda para prensa de carga\",\"isPartOf\":{\"@id\":\"https:\/\/jvk.de\/es\/#website\"},\"primaryImageOfPage\":{\"@id\":\"https:\/\/jvk.de\/es\/productos\/placa-de-mineria-para-prensa-de-carga\/#primaryimage\"},\"image\":{\"@id\":\"https:\/\/jvk.de\/es\/productos\/placa-de-mineria-para-prensa-de-carga\/#primaryimage\"},\"thumbnailUrl\":\"https:\/\/jvk.de\/wp-content\/uploads\/2025\/07\/mining_platte_lastapresse_jvk.jpg\",\"datePublished\":\"2025-07-08T07:26:38+00:00\",\"dateModified\":\"2025-10-30T13:17:05+00:00\",\"breadcrumb\":{\"@id\":\"https:\/\/jvk.de\/es\/productos\/placa-de-mineria-para-prensa-de-carga\/#breadcrumb\"},\"inLanguage\":\"es\",\"potentialAction\":[{\"@type\":\"ReadAction\",\"target\":[\"https:\/\/jvk.de\/es\/productos\/placa-de-mineria-para-prensa-de-carga\/\"]}]},{\"@type\":\"ImageObject\",\"inLanguage\":\"es\",\"@id\":\"https:\/\/jvk.de\/es\/productos\/placa-de-mineria-para-prensa-de-carga\/#primaryimage\",\"url\":\"https:\/\/jvk.de\/wp-content\/uploads\/2025\/07\/mining_platte_lastapresse_jvk.jpg\",\"contentUrl\":\"https:\/\/jvk.de\/wp-content\/uploads\/2025\/07\/mining_platte_lastapresse_jvk.jpg\",\"width\":600,\"height\":1050},{\"@type\":\"BreadcrumbList\",\"@id\":\"https:\/\/jvk.de\/es\/productos\/placa-de-mineria-para-prensa-de-carga\/#breadcrumb\",\"itemListElement\":[{\"@type\":\"ListItem\",\"position\":1,\"name\":\"Startseite\",\"item\":\"https:\/\/jvk.de\/es\/jvk-filtration-systems-2\/\"},{\"@type\":\"ListItem\",\"position\":2,\"name\":\"Productos\",\"item\":\"https:\/\/jvk.de\/es\/productos\/\"},{\"@type\":\"ListItem\",\"position\":3,\"name\":\"Placa de miner\u00eda para prensa de carga\"}]},{\"@type\":\"WebSite\",\"@id\":\"https:\/\/jvk.de\/es\/#website\",\"url\":\"https:\/\/jvk.de\/es\/\",\"name\":\"JVK Filtration Systems GmbH\",\"description\":\"\",\"publisher\":{\"@id\":\"https:\/\/jvk.de\/es\/#organization\"},\"potentialAction\":[{\"@type\":\"SearchAction\",\"target\":{\"@type\":\"EntryPoint\",\"urlTemplate\":\"https:\/\/jvk.de\/es\/?s={search_term_string}\"},\"query-input\":{\"@type\":\"PropertyValueSpecification\",\"valueRequired\":true,\"valueName\":\"search_term_string\"}}],\"inLanguage\":\"es\"},{\"@type\":\"Organization\",\"@id\":\"https:\/\/jvk.de\/es\/#organization\",\"name\":\"JVK Filtration Systems\",\"url\":\"https:\/\/jvk.de\/es\/\",\"logo\":{\"@type\":\"ImageObject\",\"inLanguage\":\"es\",\"@id\":\"https:\/\/jvk.de\/es\/#\/schema\/logo\/image\/\",\"url\":\"https:\/\/jvk.de\/wp-content\/uploads\/2025\/02\/logo-jvk.svg\",\"contentUrl\":\"https:\/\/jvk.de\/wp-content\/uploads\/2025\/02\/logo-jvk.svg\",\"width\":100,\"height\":100,\"caption\":\"JVK Filtration Systems\"},\"image\":{\"@id\":\"https:\/\/jvk.de\/es\/#\/schema\/logo\/image\/\"}}]}<\/script>\n<!-- \/ Yoast SEO Premium plugin. -->","yoast_head_json":{"title":"Placa de miner\u00eda para prensa de carga","robots":{"index":"index","follow":"follow","max-snippet":"max-snippet:-1","max-image-preview":"max-image-preview:large","max-video-preview":"max-video-preview:-1"},"canonical":"https:\/\/jvk.de\/es\/productos\/placa-de-mineria-para-prensa-de-carga\/","og_locale":"es_ES","og_type":"article","og_title":"Placa de miner\u00eda para prensa de carga","og_description":"Aplicaci\u00f3n: miner\u00eda, industria qu\u00edmica, metalurgia, etc.","og_url":"https:\/\/jvk.de\/es\/productos\/placa-de-mineria-para-prensa-de-carga\/","og_site_name":"JVK Filtration Systems","article_modified_time":"2025-10-30T13:17:05+00:00","og_image":[{"width":600,"height":1050,"url":"https:\/\/jvk.de\/wp-content\/uploads\/2025\/07\/mining_platte_lastapresse_jvk.jpg","type":"image\/jpeg"}],"twitter_card":"summary_large_image","twitter_misc":{"Tiempo de lectura":"1 minuto"},"schema":{"@context":"https:\/\/schema.org","@graph":[{"@type":"WebPage","@id":"https:\/\/jvk.de\/es\/productos\/placa-de-mineria-para-prensa-de-carga\/","url":"https:\/\/jvk.de\/es\/productos\/placa-de-mineria-para-prensa-de-carga\/","name":"Placa de miner\u00eda para prensa de carga","isPartOf":{"@id":"https:\/\/jvk.de\/es\/#website"},"primaryImageOfPage":{"@id":"https:\/\/jvk.de\/es\/productos\/placa-de-mineria-para-prensa-de-carga\/#primaryimage"},"image":{"@id":"https:\/\/jvk.de\/es\/productos\/placa-de-mineria-para-prensa-de-carga\/#primaryimage"},"thumbnailUrl":"https:\/\/jvk.de\/wp-content\/uploads\/2025\/07\/mining_platte_lastapresse_jvk.jpg","datePublished":"2025-07-08T07:26:38+00:00","dateModified":"2025-10-30T13:17:05+00:00","breadcrumb":{"@id":"https:\/\/jvk.de\/es\/productos\/placa-de-mineria-para-prensa-de-carga\/#breadcrumb"},"inLanguage":"es","potentialAction":[{"@type":"ReadAction","target":["https:\/\/jvk.de\/es\/productos\/placa-de-mineria-para-prensa-de-carga\/"]}]},{"@type":"ImageObject","inLanguage":"es","@id":"https:\/\/jvk.de\/es\/productos\/placa-de-mineria-para-prensa-de-carga\/#primaryimage","url":"https:\/\/jvk.de\/wp-content\/uploads\/2025\/07\/mining_platte_lastapresse_jvk.jpg","contentUrl":"https:\/\/jvk.de\/wp-content\/uploads\/2025\/07\/mining_platte_lastapresse_jvk.jpg","width":600,"height":1050},{"@type":"BreadcrumbList","@id":"https:\/\/jvk.de\/es\/productos\/placa-de-mineria-para-prensa-de-carga\/#breadcrumb","itemListElement":[{"@type":"ListItem","position":1,"name":"Startseite","item":"https:\/\/jvk.de\/es\/jvk-filtration-systems-2\/"},{"@type":"ListItem","position":2,"name":"Productos","item":"https:\/\/jvk.de\/es\/productos\/"},{"@type":"ListItem","position":3,"name":"Placa de miner\u00eda para prensa de carga"}]},{"@type":"WebSite","@id":"https:\/\/jvk.de\/es\/#website","url":"https:\/\/jvk.de\/es\/","name":"JVK Filtration Systems GmbH","description":"","publisher":{"@id":"https:\/\/jvk.de\/es\/#organization"},"potentialAction":[{"@type":"SearchAction","target":{"@type":"EntryPoint","urlTemplate":"https:\/\/jvk.de\/es\/?s={search_term_string}"},"query-input":{"@type":"PropertyValueSpecification","valueRequired":true,"valueName":"search_term_string"}}],"inLanguage":"es"},{"@type":"Organization","@id":"https:\/\/jvk.de\/es\/#organization","name":"JVK Filtration Systems","url":"https:\/\/jvk.de\/es\/","logo":{"@type":"ImageObject","inLanguage":"es","@id":"https:\/\/jvk.de\/es\/#\/schema\/logo\/image\/","url":"https:\/\/jvk.de\/wp-content\/uploads\/2025\/02\/logo-jvk.svg","contentUrl":"https:\/\/jvk.de\/wp-content\/uploads\/2025\/02\/logo-jvk.svg","width":100,"height":100,"caption":"JVK Filtration Systems"},"image":{"@id":"https:\/\/jvk.de\/es\/#\/schema\/logo\/image\/"}}]}},"_links":{"self":[{"href":"https:\/\/jvk.de\/es\/wp-json\/wp\/v2\/pages\/8959","targetHints":{"allow":["GET"]}}],"collection":[{"href":"https:\/\/jvk.de\/es\/wp-json\/wp\/v2\/pages"}],"about":[{"href":"https:\/\/jvk.de\/es\/wp-json\/wp\/v2\/types\/page"}],"author":[{"embeddable":true,"href":"https:\/\/jvk.de\/es\/wp-json\/wp\/v2\/users\/1"}],"replies":[{"embeddable":true,"href":"https:\/\/jvk.de\/es\/wp-json\/wp\/v2\/comments?post=8959"}],"version-history":[{"count":6,"href":"https:\/\/jvk.de\/es\/wp-json\/wp\/v2\/pages\/8959\/revisions"}],"predecessor-version":[{"id":9011,"href":"https:\/\/jvk.de\/es\/wp-json\/wp\/v2\/pages\/8959\/revisions\/9011"}],"up":[{"embeddable":true,"href":"https:\/\/jvk.de\/es\/wp-json\/wp\/v2\/pages\/9179"}],"wp:featuredmedia":[{"embeddable":true,"href":"https:\/\/jvk.de\/es\/wp-json\/wp\/v2\/media\/8248"}],"wp:attachment":[{"href":"https:\/\/jvk.de\/es\/wp-json\/wp\/v2\/media?parent=8959"}],"wp:term":[{"taxonomy":"category","embeddable":true,"href":"https:\/\/jvk.de\/es\/wp-json\/wp\/v2\/categories?post=8959"},{"taxonomy":"post_tag","embeddable":true,"href":"https:\/\/jvk.de\/es\/wp-json\/wp\/v2\/tags?post=8959"}],"curies":[{"name":"wp","href":"https:\/\/api.w.org\/{rel}","templated":true}]}}