{"id":8934,"date":"2025-06-17T11:05:33","date_gmt":"2025-06-17T11:05:33","guid":{"rendered":"https:\/\/jvk.novo-peak.it\/sectores\/"},"modified":"2025-12-09T13:02:59","modified_gmt":"2025-12-09T13:02:59","slug":"sectores","status":"publish","type":"page","link":"https:\/\/jvk.de\/es\/sectores\/","title":{"rendered":"Sectores"},"content":{"rendered":"\t\t<div data-elementor-type=\"wp-page\" data-elementor-id=\"8934\" class=\"elementor elementor-8934 elementor-1572\" data-elementor-post-type=\"page\">\n\t\t\t\t<div class=\"elementor-element elementor-element-59a657a0 e-con-full e-flex e-con e-parent\" data-id=\"59a657a0\" data-element_type=\"container\" data-e-type=\"container\" data-settings=\"{&quot;background_background&quot;:&quot;classic&quot;}\">\n\t\t\t\t<div class=\"elementor-element elementor-element-7aa754ae elementor-widget__width-inherit elementor--h-position-center elementor--v-position-middle elementor-widget elementor-widget-slides\" data-id=\"7aa754ae\" data-element_type=\"widget\" data-e-type=\"widget\" data-settings=\"{&quot;navigation&quot;:&quot;none&quot;,&quot;autoplay&quot;:&quot;yes&quot;,&quot;pause_on_hover&quot;:&quot;yes&quot;,&quot;pause_on_interaction&quot;:&quot;yes&quot;,&quot;autoplay_speed&quot;:5000,&quot;infinite&quot;:&quot;yes&quot;,&quot;transition&quot;:&quot;slide&quot;,&quot;transition_speed&quot;:500}\" data-widget_type=\"slides.default\">\n\t\t\t\t<div class=\"elementor-widget-container\">\n\t\t\t\t\t\t\t\t\t<div class=\"elementor-swiper\">\n\t\t\t\t\t<div class=\"elementor-slides-wrapper elementor-main-swiper swiper\" role=\"region\" aria-roledescription=\"carousel\" aria-label=\"Slides\" dir=\"ltr\" data-animation=\"fadeInUp\">\n\t\t\t\t<div class=\"swiper-wrapper elementor-slides\">\n\t\t\t\t\t\t\t\t\t\t<div class=\"elementor-repeater-item-ec279c4 swiper-slide\" role=\"group\" aria-roledescription=\"slide\"><div class=\"swiper-slide-bg elementor-ken-burns elementor-ken-burns--out\" role=\"img\" aria-label=\"Alta tecnolog\u00eda, pl\u00e1stico, inyecci\u00f3n, moldeo, m\u00e1quinas, alineadas, en, un, moderno\"><\/div><div class=\"elementor-background-overlay\"><\/div><div class=\"swiper-slide-inner\" ><div class=\"swiper-slide-contents\"><h1 class=\"elementor-slide-heading\">T\u00e9cnica de filtraci\u00f3n para<br>todos los sectores<\/h1><\/div><\/div><\/div>\t\t\t\t<\/div>\n\t\t\t\t\t\t\t<\/div>\n\t\t\t\t<\/div>\n\t\t\t\t\t\t\t\t<\/div>\n\t\t\t\t<\/div>\n\t\t\t\t<\/div>\n\t\t<div class=\"elementor-element elementor-element-b5fc886 e-flex e-con-boxed e-con e-parent\" data-id=\"b5fc886\" data-element_type=\"container\" data-e-type=\"container\" data-settings=\"{&quot;animation&quot;:&quot;none&quot;}\">\n\t\t\t\t\t<div class=\"e-con-inner\">\n\t\t\t\t<div class=\"elementor-element elementor-element-35f437cf elementor-invisible elementor-widget elementor-widget-heading\" data-id=\"35f437cf\" data-element_type=\"widget\" data-e-type=\"widget\" data-settings=\"{&quot;_animation&quot;:&quot;fadeInDown&quot;,&quot;_animation_tablet_extra&quot;:&quot;none&quot;,&quot;_animation_delay&quot;:500}\" data-widget_type=\"heading.default\">\n\t\t\t\t<div class=\"elementor-widget-container\">\n\t\t\t\t\t<h2 class=\"elementor-heading-title elementor-size-default\">Nuestros sectores<\/h2>\t\t\t\t<\/div>\n\t\t\t\t<\/div>\n\t\t\t\t<div class=\"elementor-element elementor-element-cb216e6 elementor-invisible elementor-widget elementor-widget-text-editor\" data-id=\"cb216e6\" data-element_type=\"widget\" data-e-type=\"widget\" data-settings=\"{&quot;_animation&quot;:&quot;fadeInDown&quot;,&quot;_animation_delay&quot;:750,&quot;_animation_tablet_extra&quot;:&quot;none&quot;}\" data-widget_type=\"text-editor.default\">\n\t\t\t\t<div class=\"elementor-widget-container\">\n\t\t\t\t\t\t\t\t\t<p>JVK<sup>\u00ae<\/sup> es un socio l\u00edder en numerosos sectores, que convence con soluciones innovadoras y conocimientos t\u00e9cnicos. Con muchos a\u00f1os de experiencia y un claro enfoque en la calidad, nos hemos establecido en \u00e1reas como la miner\u00eda, la farmacia, la producci\u00f3n de alimentos y m\u00e1s. Nuestra experiencia y soluciones a medida nos convierten en un socio indispensable para las empresas que exigen los m\u00e1s altos est\u00e1ndares de rendimiento y precisi\u00f3n.  <\/p>\t\t\t\t\t\t\t\t<\/div>\n\t\t\t\t<\/div>\n\t\t\t\t\t<\/div>\n\t\t\t\t<\/div>\n\t\t<div class=\"elementor-element elementor-element-34f9d1e7 e-con-full side-scroll e-flex e-con e-parent\" data-id=\"34f9d1e7\" data-element_type=\"container\" data-e-type=\"container\">\n\t\t<a class=\"elementor-element elementor-element-26e321a6 e-con-full e-flex e-con e-child\" data-id=\"26e321a6\" data-element_type=\"container\" data-e-type=\"container\" data-settings=\"{&quot;background_background&quot;:&quot;classic&quot;,&quot;background_motion_fx_motion_fx_mouse&quot;:&quot;yes&quot;,&quot;background_motion_fx_mouseTrack_effect&quot;:&quot;yes&quot;,&quot;background_motion_fx_mouseTrack_speed&quot;:{&quot;unit&quot;:&quot;px&quot;,&quot;size&quot;:0.2,&quot;sizes&quot;:[]},&quot;animation&quot;:&quot;none&quot;,&quot;animation_tablet_extra&quot;:&quot;none&quot;}\" href=\"https:\/\/jvk.de\/es\/sectores\/farmacia\/\">\n\t\t\t\t<div class=\"elementor-element elementor-element-1e365a51 elementor-widget-divider--view-line_text elementor-widget-divider--element-align-right elementor-invisible elementor-widget elementor-widget-divider\" data-id=\"1e365a51\" data-element_type=\"widget\" data-e-type=\"widget\" data-settings=\"{&quot;_animation&quot;:&quot;fadeInUp&quot;,&quot;_animation_tablet_extra&quot;:&quot;none&quot;}\" data-widget_type=\"divider.default\">\n\t\t\t\t<div class=\"elementor-widget-container\">\n\t\t\t\t\t\t\t<div class=\"elementor-divider\">\n\t\t\t<span class=\"elementor-divider-separator\">\n\t\t\t\t\t\t\t<span class=\"elementor-divider__text elementor-divider__element\">\n\t\t\t\tFarmacia\t\t\t\t<\/span>\n\t\t\t\t\t\t<\/span>\n\t\t<\/div>\n\t\t\t\t\t\t<\/div>\n\t\t\t\t<\/div>\n\t\t<div class=\"elementor-element elementor-element-52f4acae e-con-full animated-slow e-flex elementor-invisible e-con e-child\" data-id=\"52f4acae\" data-element_type=\"container\" data-e-type=\"container\" data-settings=\"{&quot;background_background&quot;:&quot;classic&quot;,&quot;animation&quot;:&quot;fadeIn&quot;,&quot;animation_delay&quot;:500}\">\n\t\t\t\t<\/div>\n\t\t\t\t<\/a>\n\t\t<a class=\"elementor-element elementor-element-5d3c295c e-con-full e-flex e-con e-child\" data-id=\"5d3c295c\" data-element_type=\"container\" data-e-type=\"container\" data-settings=\"{&quot;background_background&quot;:&quot;classic&quot;,&quot;background_motion_fx_motion_fx_mouse&quot;:&quot;yes&quot;,&quot;background_motion_fx_mouseTrack_effect&quot;:&quot;yes&quot;,&quot;background_motion_fx_mouseTrack_speed&quot;:{&quot;unit&quot;:&quot;px&quot;,&quot;size&quot;:0.2,&quot;sizes&quot;:[]},&quot;animation&quot;:&quot;none&quot;,&quot;animation_tablet_extra&quot;:&quot;none&quot;}\" href=\"https:\/\/jvk.de\/es\/sectores\/mineria-minerales\/\">\n\t\t\t\t<div class=\"elementor-element elementor-element-6a46e73a elementor-widget-divider--view-line_text elementor-widget-divider--element-align-right elementor-invisible elementor-widget elementor-widget-divider\" data-id=\"6a46e73a\" data-element_type=\"widget\" data-e-type=\"widget\" data-settings=\"{&quot;_animation&quot;:&quot;fadeInUp&quot;,&quot;_animation_tablet_extra&quot;:&quot;none&quot;}\" data-widget_type=\"divider.default\">\n\t\t\t\t<div class=\"elementor-widget-container\">\n\t\t\t\t\t\t\t<div class=\"elementor-divider\">\n\t\t\t<span class=\"elementor-divider-separator\">\n\t\t\t\t\t\t\t<span class=\"elementor-divider__text elementor-divider__element\">\n\t\t\t\tMiner\u00eda \/ Minerales\t\t\t\t<\/span>\n\t\t\t\t\t\t<\/span>\n\t\t<\/div>\n\t\t\t\t\t\t<\/div>\n\t\t\t\t<\/div>\n\t\t<div class=\"elementor-element elementor-element-7e0aba9 e-con-full animated-slow e-flex elementor-invisible e-con e-child\" data-id=\"7e0aba9\" data-element_type=\"container\" data-e-type=\"container\" data-settings=\"{&quot;background_background&quot;:&quot;classic&quot;,&quot;animation&quot;:&quot;fadeIn&quot;,&quot;animation_delay&quot;:500}\">\n\t\t\t\t<\/div>\n\t\t\t\t<\/a>\n\t\t<a class=\"elementor-element elementor-element-c0d3dbf e-con-full e-flex e-con e-child\" data-id=\"c0d3dbf\" data-element_type=\"container\" data-e-type=\"container\" data-settings=\"{&quot;background_background&quot;:&quot;classic&quot;,&quot;background_motion_fx_motion_fx_mouse&quot;:&quot;yes&quot;,&quot;background_motion_fx_mouseTrack_effect&quot;:&quot;yes&quot;,&quot;background_motion_fx_mouseTrack_speed&quot;:{&quot;unit&quot;:&quot;px&quot;,&quot;size&quot;:0.2,&quot;sizes&quot;:[]},&quot;animation&quot;:&quot;none&quot;,&quot;animation_tablet_extra&quot;:&quot;none&quot;}\" href=\"https:\/\/jvk.de\/es\/sectores\/reciclaje\/\">\n\t\t\t\t<div class=\"elementor-element elementor-element-307855e3 elementor-widget-divider--view-line_text elementor-widget-divider--element-align-right elementor-invisible elementor-widget elementor-widget-divider\" data-id=\"307855e3\" data-element_type=\"widget\" data-e-type=\"widget\" data-settings=\"{&quot;_animation&quot;:&quot;fadeInUp&quot;,&quot;_animation_tablet_extra&quot;:&quot;none&quot;}\" data-widget_type=\"divider.default\">\n\t\t\t\t<div class=\"elementor-widget-container\">\n\t\t\t\t\t\t\t<div class=\"elementor-divider\">\n\t\t\t<span class=\"elementor-divider-separator\">\n\t\t\t\t\t\t\t<span class=\"elementor-divider__text elementor-divider__element\">\n\t\t\t\tReciclaje \/ Procesamiento\t\t\t\t<\/span>\n\t\t\t\t\t\t<\/span>\n\t\t<\/div>\n\t\t\t\t\t\t<\/div>\n\t\t\t\t<\/div>\n\t\t<div class=\"elementor-element elementor-element-13a1cfa e-con-full animated-slow e-flex elementor-invisible e-con e-child\" data-id=\"13a1cfa\" data-element_type=\"container\" data-e-type=\"container\" data-settings=\"{&quot;background_background&quot;:&quot;classic&quot;,&quot;animation&quot;:&quot;fadeIn&quot;,&quot;animation_delay&quot;:500}\">\n\t\t\t\t<\/div>\n\t\t\t\t<\/a>\n\t\t<a class=\"elementor-element elementor-element-3d3a203d e-con-full e-flex e-con e-child\" data-id=\"3d3a203d\" data-element_type=\"container\" data-e-type=\"container\" data-settings=\"{&quot;background_background&quot;:&quot;classic&quot;,&quot;background_motion_fx_motion_fx_mouse&quot;:&quot;yes&quot;,&quot;background_motion_fx_mouseTrack_effect&quot;:&quot;yes&quot;,&quot;background_motion_fx_mouseTrack_speed&quot;:{&quot;unit&quot;:&quot;px&quot;,&quot;size&quot;:0.2,&quot;sizes&quot;:[]},&quot;animation&quot;:&quot;none&quot;,&quot;animation_tablet_extra&quot;:&quot;none&quot;}\" href=\"https:\/\/jvk.de\/es\/sectores\/alimentos\/\">\n\t\t\t\t<div class=\"elementor-element elementor-element-a5fb5f0 elementor-widget-divider--view-line_text elementor-widget-divider--element-align-right elementor-invisible elementor-widget elementor-widget-divider\" data-id=\"a5fb5f0\" data-element_type=\"widget\" data-e-type=\"widget\" data-settings=\"{&quot;_animation&quot;:&quot;fadeInUp&quot;,&quot;_animation_tablet_extra&quot;:&quot;none&quot;}\" data-widget_type=\"divider.default\">\n\t\t\t\t<div class=\"elementor-widget-container\">\n\t\t\t\t\t\t\t<div class=\"elementor-divider\">\n\t\t\t<span class=\"elementor-divider-separator\">\n\t\t\t\t\t\t\t<span class=\"elementor-divider__text elementor-divider__element\">\n\t\t\t\tAlimentos\t\t\t\t<\/span>\n\t\t\t\t\t\t<\/span>\n\t\t<\/div>\n\t\t\t\t\t\t<\/div>\n\t\t\t\t<\/div>\n\t\t<div class=\"elementor-element elementor-element-1f595fba e-con-full animated-slow e-flex elementor-invisible e-con e-child\" data-id=\"1f595fba\" data-element_type=\"container\" data-e-type=\"container\" data-settings=\"{&quot;background_background&quot;:&quot;classic&quot;,&quot;animation&quot;:&quot;fadeIn&quot;,&quot;animation_delay&quot;:500}\">\n\t\t\t\t<\/div>\n\t\t\t\t<\/a>\n\t\t<a class=\"elementor-element elementor-element-5db1f789 e-con-full e-flex e-con e-child\" data-id=\"5db1f789\" data-element_type=\"container\" data-e-type=\"container\" data-settings=\"{&quot;background_background&quot;:&quot;classic&quot;,&quot;background_motion_fx_motion_fx_mouse&quot;:&quot;yes&quot;,&quot;background_motion_fx_mouseTrack_effect&quot;:&quot;yes&quot;,&quot;background_motion_fx_mouseTrack_speed&quot;:{&quot;unit&quot;:&quot;px&quot;,&quot;size&quot;:0.2,&quot;sizes&quot;:[]},&quot;animation&quot;:&quot;none&quot;,&quot;animation_tablet_extra&quot;:&quot;none&quot;}\" href=\"https:\/\/jvk.de\/es\/sectores\/quimica\/\">\n\t\t\t\t<div class=\"elementor-element elementor-element-4a6535b9 elementor-widget-divider--view-line_text elementor-widget-divider--element-align-right elementor-invisible elementor-widget elementor-widget-divider\" data-id=\"4a6535b9\" data-element_type=\"widget\" data-e-type=\"widget\" data-settings=\"{&quot;_animation&quot;:&quot;fadeInUp&quot;,&quot;_animation_tablet_extra&quot;:&quot;none&quot;}\" data-widget_type=\"divider.default\">\n\t\t\t\t<div class=\"elementor-widget-container\">\n\t\t\t\t\t\t\t<div class=\"elementor-divider\">\n\t\t\t<span class=\"elementor-divider-separator\">\n\t\t\t\t\t\t\t<span class=\"elementor-divider__text elementor-divider__element\">\n\t\t\t\tQu\u00edmica\t\t\t\t<\/span>\n\t\t\t\t\t\t<\/span>\n\t\t<\/div>\n\t\t\t\t\t\t<\/div>\n\t\t\t\t<\/div>\n\t\t<div class=\"elementor-element elementor-element-360cd888 e-con-full animated-slow e-flex elementor-invisible e-con e-child\" data-id=\"360cd888\" data-element_type=\"container\" data-e-type=\"container\" data-settings=\"{&quot;background_background&quot;:&quot;classic&quot;,&quot;animation&quot;:&quot;fadeIn&quot;,&quot;animation_delay&quot;:500}\">\n\t\t\t\t<\/div>\n\t\t\t\t<\/a>\n\t\t\t\t<\/div>\n\t\t<div class=\"elementor-element elementor-element-64a277d6 e-con-full e-flex e-con e-parent\" data-id=\"64a277d6\" data-element_type=\"container\" data-e-type=\"container\" data-settings=\"{&quot;background_background&quot;:&quot;classic&quot;,&quot;animation&quot;:&quot;none&quot;}\">\n\t\t<div class=\"elementor-element elementor-element-3978181 e-con-full e-flex e-con e-child\" data-id=\"3978181\" data-element_type=\"container\" data-e-type=\"container\" data-settings=\"{&quot;animation&quot;:&quot;none&quot;,&quot;background_background&quot;:&quot;classic&quot;,&quot;motion_fx_motion_fx_scrolling&quot;:&quot;yes&quot;,&quot;motion_fx_translateY_effect&quot;:&quot;yes&quot;,&quot;motion_fx_translateY_speed&quot;:{&quot;unit&quot;:&quot;px&quot;,&quot;size&quot;:10,&quot;sizes&quot;:[]},&quot;motion_fx_devices&quot;:[&quot;widescreen&quot;,&quot;desktop&quot;,&quot;laptop&quot;],&quot;motion_fx_translateY_affectedRange&quot;:{&quot;unit&quot;:&quot;%&quot;,&quot;size&quot;:&quot;&quot;,&quot;sizes&quot;:{&quot;start&quot;:0,&quot;end&quot;:100}}}\">\n\t\t<div class=\"elementor-element elementor-element-2a768f87 e-con-full e-flex e-con e-child\" data-id=\"2a768f87\" data-element_type=\"container\" data-e-type=\"container\">\n\t\t\t\t<div class=\"elementor-element elementor-element-435dce4 elementor-widget elementor-widget-heading\" data-id=\"435dce4\" data-element_type=\"widget\" data-e-type=\"widget\" data-widget_type=\"heading.default\">\n\t\t\t\t<div class=\"elementor-widget-container\">\n\t\t\t\t\t<p class=\"elementor-heading-title elementor-size-default\">Flexibilidad en el servicio de piezas de repuesto<\/p>\t\t\t\t<\/div>\n\t\t\t\t<\/div>\n\t\t\t\t<div class=\"elementor-element elementor-element-3e3e44b7 elementor-widget elementor-widget-text-editor\" data-id=\"3e3e44b7\" data-element_type=\"widget\" data-e-type=\"widget\" data-widget_type=\"text-editor.default\">\n\t\t\t\t<div class=\"elementor-widget-container\">\n\t\t\t\t\t\t\t\t\t<span style=\"font-weight: 400;\">Necesitas <\/span><b>elementos de recambio<\/b><span style=\"font-weight: 400;\"> &#8211; \u00bfcon ajuste preciso y compatibles? JVK suministra <\/span><b>placas filtrantes de c\u00e1mara y de membrana compatibles con OEM<\/b><span style=\"font-weight: 400;\">, <\/span><b>juntas y telas filtrantes<\/b><span style=\"font-weight: 400;\"> para los sistemas m\u00e1s comunes <\/span><b>de todas las industrias<\/b><span style=\"font-weight: 400;\"> y documentados.<\/span>\n\n<b>Formatos y materiales:<\/b>\n\n<span style=\"font-weight: 400;\">150-4000 mm, en todos los formatos y dise\u00f1os est\u00e1ndar, varios conceptos de sellado; <\/span><b>PP\/PVDF<\/b><span style=\"font-weight: 400;\">membranas p.ej. <\/span><b>EPDM\/NBR, FKM, TPE<\/b><span style=\"font-weight: 400;\">.<\/span>\n\n<b>Opcional: Mejoras para una mayor eficacia y fiabilidad del proceso<\/b>\n<ul>\n \t<li style=\"font-weight: 400;\" aria-level=\"1\"><b>SnapFit<\/b><b>\u00ae<\/b><b> &#8211;<\/b><span style=\"font-weight: 400;\">Elemento de uni\u00f3n sin tornillos para la fijaci\u00f3n de accesorios y telas filtrantes &#8211; reduce los tiempos muertos durante el funcionamiento.<\/span><\/li>\n \t<li style=\"font-weight: 400;\" aria-level=\"1\"><b>Indicador post-prensa:<\/b><span style=\"font-weight: 400;\"> Temprana <\/span><b>detecci\u00f3n precoz de los puntos d\u00e9biles del proceso<\/b><span style=\"font-weight: 400;\">(por ejemplo, membranas defectuosas y acumulaci\u00f3n desigual de torta de filtraci\u00f3n) para una optimizaci\u00f3n espec\u00edfica y ciclos m\u00e1s estables.<\/span><\/li>\n<\/ul>\n<b>Tu ventaja:<\/b><span style=\"font-weight: 400;\"> Compatible con OEM, un ajuste perfecto, con mejoras \u00fatiles para el funcionamiento y la calidad.<\/span>\t\t\t\t\t\t\t\t<\/div>\n\t\t\t\t<\/div>\n\t\t\t\t<div class=\"elementor-element elementor-element-32ca1e0 elementor-align-center elementor-widget elementor-widget-button\" data-id=\"32ca1e0\" data-element_type=\"widget\" data-e-type=\"widget\" data-widget_type=\"button.default\">\n\t\t\t\t<div class=\"elementor-widget-container\">\n\t\t\t\t\t\t\t\t\t<div class=\"elementor-button-wrapper\">\n\t\t\t\t\t<a class=\"elementor-button elementor-button-link elementor-size-sm\" href=\"https:\/\/sales.jvk.de\/\" target=\"_blank\">\n\t\t\t\t\t\t<span class=\"elementor-button-content-wrapper\">\n\t\t\t\t\t\t\t\t\t<span class=\"elementor-button-text\">Al configurador<\/span>\n\t\t\t\t\t<\/span>\n\t\t\t\t\t<\/a>\n\t\t\t\t<\/div>\n\t\t\t\t\t\t\t\t<\/div>\n\t\t\t\t<\/div>\n\t\t\t\t<\/div>\n\t\t\t\t<\/div>\n\t\t\t\t<\/div>\n\t\t\t\t<\/div>\n\t\t","protected":false},"excerpt":{"rendered":"<p>T\u00e9cnica de filtraci\u00f3n paratodos los sectores Nuestros sectores JVK\u00ae es un socio l\u00edder en numerosos sectores, que convence con soluciones innovadoras y conocimientos t\u00e9cnicos. Con muchos a\u00f1os de experiencia y un claro enfoque en la calidad, nos hemos establecido en \u00e1reas como la miner\u00eda, la farmacia, la producci\u00f3n de alimentos y m\u00e1s. Nuestra experiencia y [&hellip;]<\/p>\n","protected":false},"author":1,"featured_media":0,"parent":0,"menu_order":0,"comment_status":"closed","ping_status":"closed","template":"","meta":{"_acf_changed":false,"footnotes":""},"categories":[],"tags":[],"class_list":["post-8934","page","type-page","status-publish","hentry"],"acf":[],"yoast_head":"<!-- This site is optimized with the Yoast SEO Premium plugin v27.1 (Yoast SEO v27.1.1) - https:\/\/yoast.com\/product\/yoast-seo-premium-wordpress\/ -->\n<title>T\u00e9cnica de filtraci\u00f3n tambi\u00e9n para su sector | JVK Filtration Systems<\/title>\n<meta name=\"description\" content=\"T\u00e9cnica de filtraci\u00f3n eficiente para cada sector: desde la miner\u00eda hasta la industria farmac\u00e9utica. JVK Filtration Systems es sin\u00f3nimo de precisi\u00f3n y durabilidad.\" \/>\n<meta name=\"robots\" content=\"index, follow, max-snippet:-1, max-image-preview:large, max-video-preview:-1\" \/>\n<link rel=\"canonical\" href=\"https:\/\/jvk.de\/es\/sectores\/\" \/>\n<meta property=\"og:locale\" content=\"es_ES\" \/>\n<meta property=\"og:type\" content=\"article\" \/>\n<meta property=\"og:title\" content=\"Sectores\" \/>\n<meta property=\"og:description\" content=\"T\u00e9cnica de filtraci\u00f3n eficiente para cada sector: desde la miner\u00eda hasta la industria farmac\u00e9utica. JVK Filtration Systems es sin\u00f3nimo de precisi\u00f3n y durabilidad.\" \/>\n<meta property=\"og:url\" content=\"https:\/\/jvk.de\/es\/sectores\/\" \/>\n<meta property=\"og:site_name\" content=\"JVK Filtration Systems\" \/>\n<meta property=\"article:modified_time\" content=\"2025-12-09T13:02:59+00:00\" \/>\n<meta property=\"og:image\" content=\"https:\/\/jvk.de\/wp-content\/uploads\/2025\/08\/JVK_page10_img47.png\" \/>\n\t<meta property=\"og:image:width\" content=\"579\" \/>\n\t<meta property=\"og:image:height\" content=\"461\" \/>\n\t<meta property=\"og:image:type\" content=\"image\/png\" \/>\n<meta name=\"twitter:card\" content=\"summary_large_image\" \/>\n<meta name=\"twitter:label1\" content=\"Tiempo de lectura\" \/>\n\t<meta name=\"twitter:data1\" content=\"1 minuto\" \/>\n<script type=\"application\/ld+json\" class=\"yoast-schema-graph\">{\"@context\":\"https:\/\/schema.org\",\"@graph\":[{\"@type\":\"WebPage\",\"@id\":\"https:\/\/jvk.de\/es\/sectores\/\",\"url\":\"https:\/\/jvk.de\/es\/sectores\/\",\"name\":\"T\u00e9cnica de filtraci\u00f3n tambi\u00e9n para su sector | JVK Filtration Systems\",\"isPartOf\":{\"@id\":\"https:\/\/jvk.de\/es\/#website\"},\"datePublished\":\"2025-06-17T11:05:33+00:00\",\"dateModified\":\"2025-12-09T13:02:59+00:00\",\"description\":\"T\u00e9cnica de filtraci\u00f3n eficiente para cada sector: desde la miner\u00eda hasta la industria farmac\u00e9utica. JVK Filtration Systems es sin\u00f3nimo de precisi\u00f3n y durabilidad.\",\"breadcrumb\":{\"@id\":\"https:\/\/jvk.de\/es\/sectores\/#breadcrumb\"},\"inLanguage\":\"es\",\"potentialAction\":[{\"@type\":\"ReadAction\",\"target\":[\"https:\/\/jvk.de\/es\/sectores\/\"]}]},{\"@type\":\"BreadcrumbList\",\"@id\":\"https:\/\/jvk.de\/es\/sectores\/#breadcrumb\",\"itemListElement\":[{\"@type\":\"ListItem\",\"position\":1,\"name\":\"Startseite\",\"item\":\"https:\/\/jvk.de\/es\/jvk-filtration-systems-2\/\"},{\"@type\":\"ListItem\",\"position\":2,\"name\":\"Sectores\"}]},{\"@type\":\"WebSite\",\"@id\":\"https:\/\/jvk.de\/es\/#website\",\"url\":\"https:\/\/jvk.de\/es\/\",\"name\":\"JVK Filtration Systems GmbH\",\"description\":\"\",\"publisher\":{\"@id\":\"https:\/\/jvk.de\/es\/#organization\"},\"potentialAction\":[{\"@type\":\"SearchAction\",\"target\":{\"@type\":\"EntryPoint\",\"urlTemplate\":\"https:\/\/jvk.de\/es\/?s={search_term_string}\"},\"query-input\":{\"@type\":\"PropertyValueSpecification\",\"valueRequired\":true,\"valueName\":\"search_term_string\"}}],\"inLanguage\":\"es\"},{\"@type\":\"Organization\",\"@id\":\"https:\/\/jvk.de\/es\/#organization\",\"name\":\"JVK Filtration Systems\",\"url\":\"https:\/\/jvk.de\/es\/\",\"logo\":{\"@type\":\"ImageObject\",\"inLanguage\":\"es\",\"@id\":\"https:\/\/jvk.de\/es\/#\/schema\/logo\/image\/\",\"url\":\"https:\/\/jvk.de\/wp-content\/uploads\/2025\/02\/logo-jvk.svg\",\"contentUrl\":\"https:\/\/jvk.de\/wp-content\/uploads\/2025\/02\/logo-jvk.svg\",\"width\":100,\"height\":100,\"caption\":\"JVK Filtration Systems\"},\"image\":{\"@id\":\"https:\/\/jvk.de\/es\/#\/schema\/logo\/image\/\"}}]}<\/script>\n<!-- \/ Yoast SEO Premium plugin. -->","yoast_head_json":{"title":"T\u00e9cnica de filtraci\u00f3n tambi\u00e9n para su sector | JVK Filtration Systems","description":"T\u00e9cnica de filtraci\u00f3n eficiente para cada sector: desde la miner\u00eda hasta la industria farmac\u00e9utica. JVK Filtration Systems es sin\u00f3nimo de precisi\u00f3n y durabilidad.","robots":{"index":"index","follow":"follow","max-snippet":"max-snippet:-1","max-image-preview":"max-image-preview:large","max-video-preview":"max-video-preview:-1"},"canonical":"https:\/\/jvk.de\/es\/sectores\/","og_locale":"es_ES","og_type":"article","og_title":"Sectores","og_description":"T\u00e9cnica de filtraci\u00f3n eficiente para cada sector: desde la miner\u00eda hasta la industria farmac\u00e9utica. JVK Filtration Systems es sin\u00f3nimo de precisi\u00f3n y durabilidad.","og_url":"https:\/\/jvk.de\/es\/sectores\/","og_site_name":"JVK Filtration Systems","article_modified_time":"2025-12-09T13:02:59+00:00","og_image":[{"width":579,"height":461,"url":"https:\/\/jvk.de\/wp-content\/uploads\/2025\/08\/JVK_page10_img47.png","type":"image\/png"}],"twitter_card":"summary_large_image","twitter_misc":{"Tiempo de lectura":"1 minuto"},"schema":{"@context":"https:\/\/schema.org","@graph":[{"@type":"WebPage","@id":"https:\/\/jvk.de\/es\/sectores\/","url":"https:\/\/jvk.de\/es\/sectores\/","name":"T\u00e9cnica de filtraci\u00f3n tambi\u00e9n para su sector | JVK Filtration Systems","isPartOf":{"@id":"https:\/\/jvk.de\/es\/#website"},"datePublished":"2025-06-17T11:05:33+00:00","dateModified":"2025-12-09T13:02:59+00:00","description":"T\u00e9cnica de filtraci\u00f3n eficiente para cada sector: desde la miner\u00eda hasta la industria farmac\u00e9utica. JVK Filtration Systems es sin\u00f3nimo de precisi\u00f3n y durabilidad.","breadcrumb":{"@id":"https:\/\/jvk.de\/es\/sectores\/#breadcrumb"},"inLanguage":"es","potentialAction":[{"@type":"ReadAction","target":["https:\/\/jvk.de\/es\/sectores\/"]}]},{"@type":"BreadcrumbList","@id":"https:\/\/jvk.de\/es\/sectores\/#breadcrumb","itemListElement":[{"@type":"ListItem","position":1,"name":"Startseite","item":"https:\/\/jvk.de\/es\/jvk-filtration-systems-2\/"},{"@type":"ListItem","position":2,"name":"Sectores"}]},{"@type":"WebSite","@id":"https:\/\/jvk.de\/es\/#website","url":"https:\/\/jvk.de\/es\/","name":"JVK Filtration Systems GmbH","description":"","publisher":{"@id":"https:\/\/jvk.de\/es\/#organization"},"potentialAction":[{"@type":"SearchAction","target":{"@type":"EntryPoint","urlTemplate":"https:\/\/jvk.de\/es\/?s={search_term_string}"},"query-input":{"@type":"PropertyValueSpecification","valueRequired":true,"valueName":"search_term_string"}}],"inLanguage":"es"},{"@type":"Organization","@id":"https:\/\/jvk.de\/es\/#organization","name":"JVK Filtration Systems","url":"https:\/\/jvk.de\/es\/","logo":{"@type":"ImageObject","inLanguage":"es","@id":"https:\/\/jvk.de\/es\/#\/schema\/logo\/image\/","url":"https:\/\/jvk.de\/wp-content\/uploads\/2025\/02\/logo-jvk.svg","contentUrl":"https:\/\/jvk.de\/wp-content\/uploads\/2025\/02\/logo-jvk.svg","width":100,"height":100,"caption":"JVK Filtration Systems"},"image":{"@id":"https:\/\/jvk.de\/es\/#\/schema\/logo\/image\/"}}]}},"_links":{"self":[{"href":"https:\/\/jvk.de\/es\/wp-json\/wp\/v2\/pages\/8934","targetHints":{"allow":["GET"]}}],"collection":[{"href":"https:\/\/jvk.de\/es\/wp-json\/wp\/v2\/pages"}],"about":[{"href":"https:\/\/jvk.de\/es\/wp-json\/wp\/v2\/types\/page"}],"author":[{"embeddable":true,"href":"https:\/\/jvk.de\/es\/wp-json\/wp\/v2\/users\/1"}],"replies":[{"embeddable":true,"href":"https:\/\/jvk.de\/es\/wp-json\/wp\/v2\/comments?post=8934"}],"version-history":[{"count":3,"href":"https:\/\/jvk.de\/es\/wp-json\/wp\/v2\/pages\/8934\/revisions"}],"predecessor-version":[{"id":10613,"href":"https:\/\/jvk.de\/es\/wp-json\/wp\/v2\/pages\/8934\/revisions\/10613"}],"wp:attachment":[{"href":"https:\/\/jvk.de\/es\/wp-json\/wp\/v2\/media?parent=8934"}],"wp:term":[{"taxonomy":"category","embeddable":true,"href":"https:\/\/jvk.de\/es\/wp-json\/wp\/v2\/categories?post=8934"},{"taxonomy":"post_tag","embeddable":true,"href":"https:\/\/jvk.de\/es\/wp-json\/wp\/v2\/tags?post=8934"}],"curies":[{"name":"wp","href":"https:\/\/api.w.org\/{rel}","templated":true}]}}