{"id":8710,"date":"2025-08-22T10:47:26","date_gmt":"2025-08-22T10:47:26","guid":{"rendered":"https:\/\/jvk.novo-peak.it\/declaracion-de-accesibilidad\/"},"modified":"2025-11-10T13:33:40","modified_gmt":"2025-11-10T13:33:40","slug":"declaracion-de-accesibilidad","status":"publish","type":"page","link":"https:\/\/jvk.de\/es\/declaracion-de-accesibilidad\/","title":{"rendered":"Declaraci\u00f3n de accesibilidad"},"content":{"rendered":"\t\t<div data-elementor-type=\"wp-page\" data-elementor-id=\"8710\" class=\"elementor elementor-8710 elementor-6013\" data-elementor-post-type=\"page\">\n\t\t\t\t<div class=\"elementor-element elementor-element-2447c7fd e-con-full e-flex e-con e-parent\" data-id=\"2447c7fd\" data-element_type=\"container\" data-e-type=\"container\" data-settings=\"{&quot;background_background&quot;:&quot;classic&quot;}\">\n\t\t\t\t<div class=\"elementor-element elementor-element-39852cc9 elementor-widget__width-inherit elementor--h-position-center elementor--v-position-middle elementor-widget elementor-widget-slides\" data-id=\"39852cc9\" data-element_type=\"widget\" data-e-type=\"widget\" data-settings=\"{&quot;navigation&quot;:&quot;none&quot;,&quot;autoplay&quot;:&quot;yes&quot;,&quot;pause_on_hover&quot;:&quot;yes&quot;,&quot;pause_on_interaction&quot;:&quot;yes&quot;,&quot;autoplay_speed&quot;:5000,&quot;infinite&quot;:&quot;yes&quot;,&quot;transition&quot;:&quot;slide&quot;,&quot;transition_speed&quot;:500}\" data-widget_type=\"slides.default\">\n\t\t\t\t<div class=\"elementor-widget-container\">\n\t\t\t\t\t\t\t\t\t<div class=\"elementor-swiper\">\n\t\t\t\t\t<div class=\"elementor-slides-wrapper elementor-main-swiper swiper\" role=\"region\" aria-roledescription=\"carousel\" aria-label=\"Slides\" dir=\"ltr\" data-animation=\"fadeInUp\">\n\t\t\t\t<div class=\"swiper-wrapper elementor-slides\">\n\t\t\t\t\t\t\t\t\t\t<div class=\"elementor-repeater-item-ec279c4 swiper-slide\" role=\"group\" aria-roledescription=\"slide\"><div class=\"swiper-slide-bg elementor-ken-burns elementor-ken-burns--out\" role=\"img\" aria-label=\"Alta tecnolog\u00eda, pl\u00e1stico, inyecci\u00f3n, moldeo, m\u00e1quinas, alineadas, en, un, moderno\"><\/div><div class=\"elementor-background-overlay\"><\/div><div class=\"swiper-slide-inner\" ><div class=\"swiper-slide-contents\"><div class=\"elementor-slide-heading\">Declaraci\u00f3n de accesibilidad<\/div><\/div><\/div><\/div>\t\t\t\t<\/div>\n\t\t\t\t\t\t\t<\/div>\n\t\t\t\t<\/div>\n\t\t\t\t\t\t\t\t<\/div>\n\t\t\t\t<\/div>\n\t\t\t\t<\/div>\n\t\t<div class=\"elementor-element elementor-element-2c35c26b e-flex e-con-boxed e-con e-parent\" data-id=\"2c35c26b\" data-element_type=\"container\" data-e-type=\"container\">\n\t\t\t\t\t<div class=\"e-con-inner\">\n\t\t\t\t<div class=\"elementor-element elementor-element-91efc2f elementor-widget elementor-widget-heading\" data-id=\"91efc2f\" data-element_type=\"widget\" data-e-type=\"widget\" data-widget_type=\"heading.default\">\n\t\t\t\t<div class=\"elementor-widget-container\">\n\t\t\t\t\t<h2 class=\"elementor-heading-title elementor-size-default\">Declaraci\u00f3n de accesibilidad<\/h2>\t\t\t\t<\/div>\n\t\t\t\t<\/div>\n\t\t\t\t<div class=\"elementor-element elementor-element-664c5533 elementor-widget elementor-widget-text-editor\" data-id=\"664c5533\" data-element_type=\"widget\" data-e-type=\"widget\" data-widget_type=\"text-editor.default\">\n\t\t\t\t<div class=\"elementor-widget-container\">\n\t\t\t\t\t\t\t\t\t<p>Esta declaraci\u00f3n se aplica al sitio web <a href=\"https:\/\/jvk.de\/\" target=\"_blank\" rel=\"noopener noreferrer\">https:\/\/jvk.de<\/a>. Nos comprometemos a garantizar la accesibilidad de acuerdo con los requisitos legales. <\/p><p><strong>Base legal y \u00e1mbito de aplicaci\u00f3n<\/strong><\/p><p>En Alemania, la Ley de Refuerzo de la Accesibilidad (BFSG) entrar\u00e1 en vigor el 28 de junio de 2025. Esta ley transpone la Directiva (UE) 2019\/882 (Ley Europea de Accesibilidad) y obliga tambi\u00e9n a los agentes econ\u00f3micos privados a dise\u00f1ar ofertas digitales accesibles. <\/p><p>Para nuestra tienda, esto significa que cumplimos con las Directrices de Accesibilidad al Contenido Web WCAG 2.1 Nivel AA (o, en breve, WCAG 2.2, como exige la BFSG).<\/p><p><strong>Estado de la accesibilidad<\/strong><\/p><p>Hemos revisado y mejorado continuamente el sitio web teniendo en cuenta las WCAG 2.1 Nivel AA. Las medidas m\u00e1s importantes son: <\/p><p><strong>Estructura sem\u00e1ntica:<\/strong><br>Uso de encabezados adecuados (h1, h2, etc.), roles ARIA y elementos de referencia para facilitar la navegaci\u00f3n a los lectores de pantalla.<\/p><p><strong>Elementos de formulario:<\/strong><br>Las etiquetas est\u00e1n correctamente vinculadas con atributos for. Los encabezados de variantes din\u00e1micas se insertan mediante JavaScript con role=\u00bbheading\u00bb y atributos ARIA adecuados. <\/p><p><strong>Contraste y dise\u00f1o:<\/strong><br>Los colores del texto y los fondos cumplen los requisitos de contraste para el nivel AA. Los indicadores de enfoque son claramente visibles. <\/p><p><strong>Dise\u00f1o adaptable:<\/strong><br>Las versiones para m\u00f3viles y ordenadores de escritorio se adaptan de forma flexible; el contenido sigue siendo accesible al hacer zoom o utilizar un lector de pantalla.<\/p><p><strong>Navegaci\u00f3n:<\/strong><br>Todos los elementos interactivos (botones, enlaces) son accesibles mediante el teclado, sin que se produzca una \u00abtrampa de teclado\u00bb.<\/p><p><strong>Limitaciones conocidas<\/strong><\/p><p><strong>Faltan atributos Alt:<\/strong><br>Algunas im\u00e1genes a\u00fan no tienen textos alternativos. Tenemos previsto a\u00f1adirlos con un plugin de IA. <\/p><p><strong>Contenido externo:<\/strong><br>Es posible que algunos widgets o scripts integrados de proveedores externos no sean totalmente accesibles.<\/p><p><strong>Contacto y comentarios<\/strong><\/p><p>Si detecta barreras o tiene alguna pregunta, p\u00f3ngase en contacto con:<br>JVK Filtration Systems GmbH<br>Obere Lerch 2<br>91166 Georgensgm\u00fcnd<\/p><p>Tel\u00e9fono: +49 9172 707-0<br>Telefax: +49 9172 707-77<br>Correo electr\u00f3nico: <a href=\"mailto:jvk@jvk.de\">jvk@jvk.de<\/a><br>Internet: www.jvk.de<\/p><p>Indique en qu\u00e9 p\u00e1gina ha detectado una barrera, qu\u00e9 dispositivo\/navegador\/lector de pantalla est\u00e1 utilizando y c\u00f3mo podemos reproducir el problema.<\/p><p><strong>Revisi\u00f3n y actualizaci\u00f3n<\/strong><\/p><p>\u00daltima revisi\u00f3n: 01 de septiembre de 2025<\/p><p>Adaptaremos esta declaraci\u00f3n en cuanto se produzcan cambios importantes en el contenido, el dise\u00f1o o los requisitos legales.<\/p><p><strong>Avisos legales<\/strong><\/p><p>Esta declaraci\u00f3n se basa en la Ley de Refuerzo de la Accesibilidad (BFSG), la Directiva (UE) 2019\/882 (Ley Europea de Accesibilidad) y las normas WCAG. Sirve de informaci\u00f3n y transparencia y no sustituye al asesoramiento jur\u00eddico. <\/p>\t\t\t\t\t\t\t\t<\/div>\n\t\t\t\t<\/div>\n\t\t\t\t\t<\/div>\n\t\t\t\t<\/div>\n\t\t\t\t<\/div>\n\t\t","protected":false},"excerpt":{"rendered":"<p>Declaraci\u00f3n de accesibilidad Declaraci\u00f3n de accesibilidad Esta declaraci\u00f3n se aplica al sitio web https:\/\/jvk.de. Nos comprometemos a garantizar la accesibilidad de acuerdo con los requisitos legales. Base legal y \u00e1mbito de aplicaci\u00f3n En Alemania, la Ley de Refuerzo de la Accesibilidad (BFSG) entrar\u00e1 en vigor el 28 de junio de 2025. Esta ley transpone la [&hellip;]<\/p>\n","protected":false},"author":1,"featured_media":0,"parent":0,"menu_order":0,"comment_status":"closed","ping_status":"closed","template":"elementor_header_footer","meta":{"_acf_changed":false,"footnotes":""},"categories":[],"tags":[],"class_list":["post-8710","page","type-page","status-publish","hentry"],"acf":[],"yoast_head":"<!-- This site is optimized with the Yoast SEO Premium plugin v27.1 (Yoast SEO v27.1.1) - https:\/\/yoast.com\/product\/yoast-seo-premium-wordpress\/ -->\n<title>Declaraci\u00f3n de accesibilidad<\/title>\n<meta name=\"robots\" content=\"noindex, follow\" \/>\n<meta property=\"og:locale\" content=\"es_ES\" \/>\n<meta property=\"og:type\" content=\"article\" \/>\n<meta property=\"og:title\" content=\"Declaraci\u00f3n de accesibilidad\" \/>\n<meta property=\"og:description\" content=\"Declaraci\u00f3n de accesibilidad Declaraci\u00f3n de accesibilidad Esta declaraci\u00f3n se aplica al sitio web https:\/\/jvk.de. Nos comprometemos a garantizar la accesibilidad de acuerdo con los requisitos legales. Base legal y \u00e1mbito de aplicaci\u00f3n En Alemania, la Ley de Refuerzo de la Accesibilidad (BFSG) entrar\u00e1 en vigor el 28 de junio de 2025. Esta ley transpone la [&hellip;]\" \/>\n<meta property=\"og:url\" content=\"https:\/\/jvk.de\/es\/declaracion-de-accesibilidad\/\" \/>\n<meta property=\"og:site_name\" content=\"JVK Filtration Systems\" \/>\n<meta property=\"article:modified_time\" content=\"2025-11-10T13:33:40+00:00\" \/>\n<meta property=\"og:image\" content=\"https:\/\/jvk.de\/wp-content\/uploads\/2025\/08\/JVK_page10_img47.png\" \/>\n\t<meta property=\"og:image:width\" content=\"579\" \/>\n\t<meta property=\"og:image:height\" content=\"461\" \/>\n\t<meta property=\"og:image:type\" content=\"image\/png\" \/>\n<meta name=\"twitter:card\" content=\"summary_large_image\" \/>\n<meta name=\"twitter:label1\" content=\"Tiempo de lectura\" \/>\n\t<meta name=\"twitter:data1\" content=\"2 minutos\" \/>\n<script type=\"application\/ld+json\" class=\"yoast-schema-graph\">{\"@context\":\"https:\/\/schema.org\",\"@graph\":[{\"@type\":\"WebPage\",\"@id\":\"https:\/\/jvk.de\/es\/declaracion-de-accesibilidad\/\",\"url\":\"https:\/\/jvk.de\/es\/declaracion-de-accesibilidad\/\",\"name\":\"Declaraci\u00f3n de accesibilidad\",\"isPartOf\":{\"@id\":\"https:\/\/jvk.de\/es\/#website\"},\"datePublished\":\"2025-08-22T10:47:26+00:00\",\"dateModified\":\"2025-11-10T13:33:40+00:00\",\"breadcrumb\":{\"@id\":\"https:\/\/jvk.de\/es\/declaracion-de-accesibilidad\/#breadcrumb\"},\"inLanguage\":\"es\",\"potentialAction\":[{\"@type\":\"ReadAction\",\"target\":[\"https:\/\/jvk.de\/es\/declaracion-de-accesibilidad\/\"]}]},{\"@type\":\"BreadcrumbList\",\"@id\":\"https:\/\/jvk.de\/es\/declaracion-de-accesibilidad\/#breadcrumb\",\"itemListElement\":[{\"@type\":\"ListItem\",\"position\":1,\"name\":\"Startseite\",\"item\":\"https:\/\/jvk.de\/es\/jvk-filtration-systems-2\/\"},{\"@type\":\"ListItem\",\"position\":2,\"name\":\"Declaraci\u00f3n de accesibilidad\"}]},{\"@type\":\"WebSite\",\"@id\":\"https:\/\/jvk.de\/es\/#website\",\"url\":\"https:\/\/jvk.de\/es\/\",\"name\":\"JVK Filtration Systems GmbH\",\"description\":\"\",\"publisher\":{\"@id\":\"https:\/\/jvk.de\/es\/#organization\"},\"potentialAction\":[{\"@type\":\"SearchAction\",\"target\":{\"@type\":\"EntryPoint\",\"urlTemplate\":\"https:\/\/jvk.de\/es\/?s={search_term_string}\"},\"query-input\":{\"@type\":\"PropertyValueSpecification\",\"valueRequired\":true,\"valueName\":\"search_term_string\"}}],\"inLanguage\":\"es\"},{\"@type\":\"Organization\",\"@id\":\"https:\/\/jvk.de\/es\/#organization\",\"name\":\"JVK Filtration Systems\",\"url\":\"https:\/\/jvk.de\/es\/\",\"logo\":{\"@type\":\"ImageObject\",\"inLanguage\":\"es\",\"@id\":\"https:\/\/jvk.de\/es\/#\/schema\/logo\/image\/\",\"url\":\"https:\/\/jvk.de\/wp-content\/uploads\/2025\/02\/logo-jvk.svg\",\"contentUrl\":\"https:\/\/jvk.de\/wp-content\/uploads\/2025\/02\/logo-jvk.svg\",\"width\":100,\"height\":100,\"caption\":\"JVK Filtration Systems\"},\"image\":{\"@id\":\"https:\/\/jvk.de\/es\/#\/schema\/logo\/image\/\"}}]}<\/script>\n<!-- \/ Yoast SEO Premium plugin. -->","yoast_head_json":{"title":"Declaraci\u00f3n de accesibilidad","robots":{"index":"noindex","follow":"follow"},"og_locale":"es_ES","og_type":"article","og_title":"Declaraci\u00f3n de accesibilidad","og_description":"Declaraci\u00f3n de accesibilidad Declaraci\u00f3n de accesibilidad Esta declaraci\u00f3n se aplica al sitio web https:\/\/jvk.de. Nos comprometemos a garantizar la accesibilidad de acuerdo con los requisitos legales. Base legal y \u00e1mbito de aplicaci\u00f3n En Alemania, la Ley de Refuerzo de la Accesibilidad (BFSG) entrar\u00e1 en vigor el 28 de junio de 2025. Esta ley transpone la [&hellip;]","og_url":"https:\/\/jvk.de\/es\/declaracion-de-accesibilidad\/","og_site_name":"JVK Filtration Systems","article_modified_time":"2025-11-10T13:33:40+00:00","og_image":[{"width":579,"height":461,"url":"https:\/\/jvk.de\/wp-content\/uploads\/2025\/08\/JVK_page10_img47.png","type":"image\/png"}],"twitter_card":"summary_large_image","twitter_misc":{"Tiempo de lectura":"2 minutos"},"schema":{"@context":"https:\/\/schema.org","@graph":[{"@type":"WebPage","@id":"https:\/\/jvk.de\/es\/declaracion-de-accesibilidad\/","url":"https:\/\/jvk.de\/es\/declaracion-de-accesibilidad\/","name":"Declaraci\u00f3n de accesibilidad","isPartOf":{"@id":"https:\/\/jvk.de\/es\/#website"},"datePublished":"2025-08-22T10:47:26+00:00","dateModified":"2025-11-10T13:33:40+00:00","breadcrumb":{"@id":"https:\/\/jvk.de\/es\/declaracion-de-accesibilidad\/#breadcrumb"},"inLanguage":"es","potentialAction":[{"@type":"ReadAction","target":["https:\/\/jvk.de\/es\/declaracion-de-accesibilidad\/"]}]},{"@type":"BreadcrumbList","@id":"https:\/\/jvk.de\/es\/declaracion-de-accesibilidad\/#breadcrumb","itemListElement":[{"@type":"ListItem","position":1,"name":"Startseite","item":"https:\/\/jvk.de\/es\/jvk-filtration-systems-2\/"},{"@type":"ListItem","position":2,"name":"Declaraci\u00f3n de accesibilidad"}]},{"@type":"WebSite","@id":"https:\/\/jvk.de\/es\/#website","url":"https:\/\/jvk.de\/es\/","name":"JVK Filtration Systems GmbH","description":"","publisher":{"@id":"https:\/\/jvk.de\/es\/#organization"},"potentialAction":[{"@type":"SearchAction","target":{"@type":"EntryPoint","urlTemplate":"https:\/\/jvk.de\/es\/?s={search_term_string}"},"query-input":{"@type":"PropertyValueSpecification","valueRequired":true,"valueName":"search_term_string"}}],"inLanguage":"es"},{"@type":"Organization","@id":"https:\/\/jvk.de\/es\/#organization","name":"JVK Filtration Systems","url":"https:\/\/jvk.de\/es\/","logo":{"@type":"ImageObject","inLanguage":"es","@id":"https:\/\/jvk.de\/es\/#\/schema\/logo\/image\/","url":"https:\/\/jvk.de\/wp-content\/uploads\/2025\/02\/logo-jvk.svg","contentUrl":"https:\/\/jvk.de\/wp-content\/uploads\/2025\/02\/logo-jvk.svg","width":100,"height":100,"caption":"JVK Filtration Systems"},"image":{"@id":"https:\/\/jvk.de\/es\/#\/schema\/logo\/image\/"}}]}},"_links":{"self":[{"href":"https:\/\/jvk.de\/es\/wp-json\/wp\/v2\/pages\/8710","targetHints":{"allow":["GET"]}}],"collection":[{"href":"https:\/\/jvk.de\/es\/wp-json\/wp\/v2\/pages"}],"about":[{"href":"https:\/\/jvk.de\/es\/wp-json\/wp\/v2\/types\/page"}],"author":[{"embeddable":true,"href":"https:\/\/jvk.de\/es\/wp-json\/wp\/v2\/users\/1"}],"replies":[{"embeddable":true,"href":"https:\/\/jvk.de\/es\/wp-json\/wp\/v2\/comments?post=8710"}],"version-history":[{"count":2,"href":"https:\/\/jvk.de\/es\/wp-json\/wp\/v2\/pages\/8710\/revisions"}],"predecessor-version":[{"id":8712,"href":"https:\/\/jvk.de\/es\/wp-json\/wp\/v2\/pages\/8710\/revisions\/8712"}],"wp:attachment":[{"href":"https:\/\/jvk.de\/es\/wp-json\/wp\/v2\/media?parent=8710"}],"wp:term":[{"taxonomy":"category","embeddable":true,"href":"https:\/\/jvk.de\/es\/wp-json\/wp\/v2\/categories?post=8710"},{"taxonomy":"post_tag","embeddable":true,"href":"https:\/\/jvk.de\/es\/wp-json\/wp\/v2\/tags?post=8710"}],"curies":[{"name":"wp","href":"https:\/\/api.w.org\/{rel}","templated":true}]}}