{"id":8271,"date":"2025-07-15T12:34:59","date_gmt":"2025-07-15T12:34:59","guid":{"rendered":"https:\/\/jvk.novo-peak.it\/proteccion-de-datos\/"},"modified":"2025-11-10T13:33:40","modified_gmt":"2025-11-10T13:33:40","slug":"proteccion-de-datos","status":"publish","type":"page","link":"https:\/\/jvk.de\/es\/proteccion-de-datos\/","title":{"rendered":"Protecci\u00f3n de datos"},"content":{"rendered":"\t\t<div data-elementor-type=\"wp-page\" data-elementor-id=\"8271\" class=\"elementor elementor-8271 elementor-3365\" data-elementor-post-type=\"page\">\n\t\t\t\t<div class=\"elementor-element elementor-element-36571c8d e-con-full e-flex e-con e-parent\" data-id=\"36571c8d\" data-element_type=\"container\" data-e-type=\"container\" data-settings=\"{&quot;background_background&quot;:&quot;classic&quot;}\">\n\t\t\t\t<div class=\"elementor-element elementor-element-6691b238 elementor-widget__width-inherit elementor--h-position-center elementor--v-position-middle elementor-widget elementor-widget-slides\" data-id=\"6691b238\" data-element_type=\"widget\" data-e-type=\"widget\" data-settings=\"{&quot;navigation&quot;:&quot;none&quot;,&quot;autoplay&quot;:&quot;yes&quot;,&quot;pause_on_hover&quot;:&quot;yes&quot;,&quot;pause_on_interaction&quot;:&quot;yes&quot;,&quot;autoplay_speed&quot;:5000,&quot;infinite&quot;:&quot;yes&quot;,&quot;transition&quot;:&quot;slide&quot;,&quot;transition_speed&quot;:500}\" data-widget_type=\"slides.default\">\n\t\t\t\t<div class=\"elementor-widget-container\">\n\t\t\t\t\t\t\t\t\t<div class=\"elementor-swiper\">\n\t\t\t\t\t<div class=\"elementor-slides-wrapper elementor-main-swiper swiper\" role=\"region\" aria-roledescription=\"carousel\" aria-label=\"Slides\" dir=\"ltr\" data-animation=\"fadeInUp\">\n\t\t\t\t<div class=\"swiper-wrapper elementor-slides\">\n\t\t\t\t\t\t\t\t\t\t<div class=\"elementor-repeater-item-ec279c4 swiper-slide\" role=\"group\" aria-roledescription=\"slide\"><div class=\"swiper-slide-bg elementor-ken-burns elementor-ken-burns--out\" role=\"img\" aria-label=\"Alta tecnolog\u00eda, pl\u00e1stico, inyecci\u00f3n, moldeo, m\u00e1quinas, alineadas, en, un, moderno\"><\/div><div class=\"elementor-background-overlay\"><\/div><div class=\"swiper-slide-inner\" ><div class=\"swiper-slide-contents\"><div class=\"elementor-slide-heading\">Declaraci\u00f3n de protecci\u00f3n de datos<\/div><\/div><\/div><\/div>\t\t\t\t<\/div>\n\t\t\t\t\t\t\t<\/div>\n\t\t\t\t<\/div>\n\t\t\t\t\t\t\t\t<\/div>\n\t\t\t\t<\/div>\n\t\t\t\t<\/div>\n\t\t<div class=\"elementor-element elementor-element-21e0755c e-flex e-con-boxed e-con e-parent\" data-id=\"21e0755c\" data-element_type=\"container\" data-e-type=\"container\">\n\t\t\t\t\t<div class=\"e-con-inner\">\n\t\t\t\t<div class=\"elementor-element elementor-element-1d87ea32 elementor-widget elementor-widget-heading\" data-id=\"1d87ea32\" data-element_type=\"widget\" data-e-type=\"widget\" data-widget_type=\"heading.default\">\n\t\t\t\t<div class=\"elementor-widget-container\">\n\t\t\t\t\t<h2 class=\"elementor-heading-title elementor-size-default\">Declaraci\u00f3n de protecci\u00f3n de datos<\/h2>\t\t\t\t<\/div>\n\t\t\t\t<\/div>\n\t\t\t\t<div class=\"elementor-element elementor-element-760cf62b elementor-widget elementor-widget-text-editor\" data-id=\"760cf62b\" data-element_type=\"widget\" data-e-type=\"widget\" data-widget_type=\"text-editor.default\">\n\t\t\t\t<div class=\"elementor-widget-container\">\n\t\t\t\t\t\t\t\t\t<p>Los datos personales (en adelante, denominados generalmente solo como \u00abdatos\u00bb) son procesados por nosotros solo en la medida en que sea necesario y con el fin de proporcionar una presencia en Internet funcional y f\u00e1cil de usar, incluidos sus contenidos y los servicios que all\u00ed se ofrecen.<\/p><p>De acuerdo con el Art. 4, n\u00famero 1, del Reglamento (UE) 2016\/679, es decir, el Reglamento General de Protecci\u00f3n de Datos (en adelante, denominado solo como \u00abRGPD\u00bb), se entiende por \u00abtratamiento\u00bb cualquier operaci\u00f3n o conjunto de operaciones, efectuadas o no mediante procedimientos automatizados, aplicadas a datos personales, como la recogida, el registro, la organizaci\u00f3n, la estructuraci\u00f3n, la conservaci\u00f3n, la adaptaci\u00f3n o modificaci\u00f3n, la extracci\u00f3n, la consulta, la utilizaci\u00f3n, la comunicaci\u00f3n por transmisi\u00f3n, difusi\u00f3n o cualquier otra forma de habilitaci\u00f3n de acceso, cotejo o interconexi\u00f3n, la limitaci\u00f3n, la supresi\u00f3n o la destrucci\u00f3n.<\/p><p>Con la siguiente declaraci\u00f3n de protecci\u00f3n de datos, le informamos en particular sobre el tipo, el alcance, el prop\u00f3sito, la duraci\u00f3n y la base legal del tratamiento de datos personales, siempre que decidamos sobre los fines y medios del tratamiento, ya sea solos o junto con otros. Adem\u00e1s, a continuaci\u00f3n, le informamos sobre los componentes externos que utilizamos con fines de optimizaci\u00f3n y para aumentar la calidad de uso, siempre que terceros procesen datos bajo su propia responsabilidad. <\/p><p>Nuestra declaraci\u00f3n de protecci\u00f3n de datos se estructura de la siguiente manera:<br>I. Informaci\u00f3n sobre nosotros como responsables<br>II. Derechos de los usuarios y de los interesados<br>III. Informaci\u00f3n sobre el tratamiento de datos<\/p><hr><h3 class=\"media-heading\">I. Informaci\u00f3n sobre nosotros como responsables<\/h3><p>El proveedor responsable de esta presencia en Internet en el sentido de la ley de protecci\u00f3n de datos es:<\/p><p>JVK Filtration Systems GmbH<br>Obere Lerch 2<br>91166 Georgensgm\u00fcnd<\/p><p>Tel\u00e9fono: +49 9172 707-0<br>Telefax: +49 9172 707-77<br>Correo electr\u00f3nico: jvk@jvk.de<\/p><hr><h3 class=\"media-heading\">II. Derechos de los usuarios y de los interesados<\/h3><p>Con respecto al tratamiento de datos que se describe con m\u00e1s detalle a continuaci\u00f3n, los usuarios y los interesados tienen derecho<\/p><ul><li>a obtener confirmaci\u00f3n de si se est\u00e1n tratando datos que les conciernen, a obtener informaci\u00f3n sobre los datos tratados, a obtener m\u00e1s informaci\u00f3n sobre el tratamiento de datos, as\u00ed como a obtener copias de los datos (v\u00e9ase tambi\u00e9n el Art. 15 RGPD);<\/li><li>a la rectificaci\u00f3n o complementaci\u00f3n de datos inexactos o incompletos (v\u00e9ase tambi\u00e9n el Art. 16 RGPD);<\/li><li>a la supresi\u00f3n sin dilaci\u00f3n de los datos que les conciernen (v\u00e9ase tambi\u00e9n el Art. 17 RGPD) o, alternativamente, en la medida en que sea necesario un tratamiento ulterior de acuerdo con el Art. 17, apdo. 3 RGPD, a la limitaci\u00f3n del tratamiento de acuerdo con el Art. 18 RGPD; <\/li><li>a recibir los datos que les conciernen y que hayan facilitado y a transmitirlos a otros proveedores\/responsables (v\u00e9ase tambi\u00e9n el Art. 20 RGPD);<\/li><li>a presentar una reclamaci\u00f3n ante la autoridad de control, si consideran que el tratamiento de los datos que les conciernen por parte del proveedor infringe las disposiciones de la ley de protecci\u00f3n de datos (v\u00e9ase tambi\u00e9n el Art. 77 RGPD).<\/li><\/ul><p>Adem\u00e1s, el proveedor est\u00e1 obligado a informar a todos los destinatarios a los que se hayan comunicado datos por parte del proveedor sobre cualquier rectificaci\u00f3n o supresi\u00f3n de datos o la limitaci\u00f3n del tratamiento que se lleve a cabo en virtud de los art\u00edculos 16, 17, apdo. 1, 18 RGPD. No obstante, esta obligaci\u00f3n no existir\u00e1 en la medida en que dicha comunicaci\u00f3n sea imposible o suponga un esfuerzo desproporcionado. Sin perjuicio de ello, el usuario tiene derecho a ser informado sobre estos destinatarios.   <\/p><p><strong>Asimismo, los usuarios y los interesados tienen derecho, de acuerdo con el Art. 21 RGPD, a oponerse al tratamiento futuro de los datos que les conciernen, siempre que los datos sean tratados por el proveedor de acuerdo con el Art. 6, apdo. 1, letra f) RGPD. En particular, es admisible la oposici\u00f3n al tratamiento de datos con fines de publicidad directa.   <\/strong><\/p><hr><h3 class=\"media-heading\">III. Informaci\u00f3n sobre el tratamiento de datos<\/h3><p>Los datos que se procesan al utilizar nuestra presencia en Internet se suprimen o bloquean tan pronto como deja de ser necesario el fin del almacenamiento, no existen obligaciones legales de conservaci\u00f3n que se opongan a la supresi\u00f3n de los datos y no se realizan indicaciones divergentes a continuaci\u00f3n sobre procedimientos de tratamiento individuales.<\/p><p><a href=\"https:\/\/www.ratgeberrecht.eu\/leistungen\/muster-datenschutzerklaerung.html\" target=\"_blank\" rel=\"noopener\">Modelo de declaraci\u00f3n de protecci\u00f3n de datos<\/a> del <a href=\"https:\/\/www.ratgeberrecht.eu\/\" target=\"_blank\" rel=\"noopener\">bufete de abogados Wei\u00df &amp; Partner<\/a><\/p><div data-block-id=\"block-4dc9744e-9ca9-44b8-b4cc-801b213cbeff\"><hr><h3 class=\"media-heading\">IV. Servicios y herramientas de terceros utilizados<\/h3><h4 class=\"media-heading\">1. Bolet\u00edn de noticias<\/h4><p class=\"oCms__cParagraph\">Si se suscribe al bolet\u00edn de noticias de nuestra empresa, los datos se transmitir\u00e1n al responsable del tratamiento en la m\u00e1scara de entrada respectiva. La suscripci\u00f3n a nuestro bolet\u00edn de noticias se realiza mediante un procedimiento denominado \u00abDouble Opt-in\u00bb. Esto significa que, tras el registro, recibir\u00e1 un correo electr\u00f3nico en el que se le pedir\u00e1 que confirme su registro. Esta confirmaci\u00f3n es necesaria para que nadie pueda registrarse con direcciones de correo electr\u00f3nico ajenas. Al registrarse en el bolet\u00edn de noticias, se guardan la direcci\u00f3n IP del usuario, as\u00ed como la fecha y la hora del registro. Esto sirve para evitar un uso indebido de los servicios o de la direcci\u00f3n de correo electr\u00f3nico de la persona afectada. Los datos no se transmiten a terceros. Se har\u00e1 una excepci\u00f3n si existe una obligaci\u00f3n legal de transmitir los datos. Los datos se utilizan exclusivamente para el env\u00edo del bolet\u00edn de noticias. La persona afectada puede cancelar la suscripci\u00f3n al bolet\u00edn de noticias en cualquier momento. Asimismo, el consentimiento para el almacenamiento de los datos personales puede ser revocado en cualquier momento. Para ello, en cada bolet\u00edn de noticias se encuentra un enlace correspondiente. La base legal para el tratamiento de los datos tras el registro en el bolet\u00edn de noticias por parte del usuario es, si existe el consentimiento del usuario, el Art. 6, apdo. 1, letra a) RGPD. La base legal para el env\u00edo del bolet\u00edn de noticias como consecuencia de la venta de bienes o servicios es el art\u00edculo 7, apartado 3, de la Ley alemana contra la competencia desleal (UWG).                <\/p><h5 class=\"oCms__cHeading\">1.1 Uso de rapidmail<\/h5><p class=\"oCms__cParagraph\">Descripci\u00f3n y finalidad: Utilizamos rapidmail para el env\u00edo de boletines de noticias. El proveedor es Positive Group Deutschland GmbH, Wentzingerstra\u00dfe 21, 79106 Friburgo, Alemania. Con rapidmail se organiza y analiza, entre otras cosas, el env\u00edo de boletines de noticias. Los datos que usted introduce con el fin de recibir el bolet\u00edn de noticias se almacenan en los servidores de rapidmail en Alemania. Si no desea que rapidmail realice un an\u00e1lisis, debe cancelar la suscripci\u00f3n al bolet\u00edn de noticias. Para ello, ponemos a su disposici\u00f3n un enlace correspondiente en cada mensaje del bolet\u00edn de noticias. Para el prop\u00f3sito del an\u00e1lisis, los correos electr\u00f3nicos enviados con rapidmail contienen un llamado \u00abp\u00edxel de seguimiento\u00bb, que se conecta con los servidores de rapidmail al abrir el correo electr\u00f3nico. De este modo, se puede determinar si se ha abierto un mensaje del bolet\u00edn de noticias. Adem\u00e1s, con la ayuda de rapidmail podemos determinar si se hace clic en los enlaces del mensaje del bolet\u00edn de noticias y en cu\u00e1les. Opcionalmente, los enlaces del correo electr\u00f3nico pueden configurarse como enlaces de seguimiento con los que se pueden contar sus clics.         <\/p><p class=\"oCms__cParagraph\"><strong>Base legal:<\/strong> La base legal para el tratamiento de datos es el Art. 6, apdo. 1, letra a) RGPD.  <\/p><p class=\"oCms__cParagraph\"><strong>Destinatario:<\/strong> El destinatario de los datos es Positive Group Deutschland GmbH.<\/p><p class=\"oCms__cParagraph\"><strong>Transferencia a terceros pa\u00edses:<\/strong> No se transfieren datos a terceros pa\u00edses.<\/p><p class=\"oCms__cParagraph\"><strong>Duraci\u00f3n:<\/strong> Los datos que usted haya almacenado con nosotros en el marco del consentimiento para el prop\u00f3sito del bolet\u00edn de noticias ser\u00e1n almacenados por nosotros hasta que se d\u00e9 de baja del bolet\u00edn de noticias y, tras la cancelaci\u00f3n de la suscripci\u00f3n al bolet\u00edn de noticias, ser\u00e1n eliminados tanto de nuestros servidores como de los servidores de rapidmail. Los datos que se hayan almacenado con nosotros para otros fines (por ejemplo, direcciones de correo electr\u00f3nico para el \u00e1rea de miembros) no se ver\u00e1n afectados por esto. <\/p><p class=\"oCms__cParagraph\"><strong>Posibilidad de revocaci\u00f3n:<\/strong> Tiene la posibilidad de revocar su consentimiento para el tratamiento de datos con efecto para el futuro en cualquier momento. La legalidad de las operaciones de tratamiento de datos ya realizadas no se ver\u00e1 afectada por la revocaci\u00f3n. <\/p><p class=\"oCms__cParagraph\"><strong>M\u00e1s informaci\u00f3n sobre la protecci\u00f3n de datos:<\/strong> Para m\u00e1s detalles, consulte la informaci\u00f3n sobre seguridad de datos de rapidmail en: <a href=\"https:\/\/www.rapidmail.de\/datensicherheit\">https:\/\/www.rapidmail.de\/datensicherheit<\/a>. Para m\u00e1s detalles sobre las funciones de an\u00e1lisis de rapidmail, consulte el siguiente enlace: <a href=\"https:\/\/www.rapidmail.de\/hilfe\">https:\/\/www.rapidmail.de\/hilfe<\/a> <\/p><\/div><div data-block-id=\"block-4dc9744e-9ca9-44b8-b4cc-801b213cbeff\"><div data-block-id=\"block-4dc9744e-9ca9-44b8-b4cc-801b213cbeff\"><hr><h3 class=\"media-heading\">V. Delegado externo de protecci\u00f3n de datos<\/h3><\/div><\/div><div class=\"ql-block\" data-block-id=\"block-7d22552e-0919-4a57-acee-0a901a4313c0\">Sven L\u00fcnke<\/div><div class=\"ql-block\" data-block-id=\"block-38190aa5-51e3-4556-b0ca-deb38411a32f\">Correo electr\u00f3nico: <a class=\"ql-link\" href=\"mailto:info@sepire.de\" target=\"_blank\" rel=\"noopener noreferrer\">info@sepire.de<\/a><\/div>\t\t\t\t\t\t\t\t<\/div>\n\t\t\t\t<\/div>\n\t\t\t\t\t<\/div>\n\t\t\t\t<\/div>\n\t\t\t\t<\/div>\n\t\t","protected":false},"excerpt":{"rendered":"<p>Declaraci\u00f3n de protecci\u00f3n de datos Declaraci\u00f3n de protecci\u00f3n de datos Los datos personales (en adelante, denominados generalmente solo como \u00abdatos\u00bb) son procesados por nosotros solo en la medida en que sea necesario y con el fin de proporcionar una presencia en Internet funcional y f\u00e1cil de usar, incluidos sus contenidos y los servicios que all\u00ed [&hellip;]<\/p>\n","protected":false},"author":1,"featured_media":0,"parent":0,"menu_order":0,"comment_status":"closed","ping_status":"closed","template":"elementor_header_footer","meta":{"_acf_changed":false,"footnotes":""},"categories":[],"tags":[],"class_list":["post-8271","page","type-page","status-publish","hentry"],"acf":[],"yoast_head":"<!-- This site is optimized with the Yoast SEO Premium plugin v27.1 (Yoast SEO v27.1.1) - https:\/\/yoast.com\/product\/yoast-seo-premium-wordpress\/ -->\n<title>Protecci\u00f3n de datos<\/title>\n<meta name=\"robots\" content=\"noindex, follow\" \/>\n<meta property=\"og:locale\" content=\"es_ES\" \/>\n<meta property=\"og:type\" content=\"article\" \/>\n<meta property=\"og:title\" content=\"Protecci\u00f3n de datos\" \/>\n<meta property=\"og:description\" content=\"Declaraci\u00f3n de protecci\u00f3n de datos Declaraci\u00f3n de protecci\u00f3n de datos Los datos personales (en adelante, denominados generalmente solo como \u00abdatos\u00bb) son procesados por nosotros solo en la medida en que sea necesario y con el fin de proporcionar una presencia en Internet funcional y f\u00e1cil de usar, incluidos sus contenidos y los servicios que all\u00ed [&hellip;]\" \/>\n<meta property=\"og:url\" content=\"https:\/\/jvk.de\/es\/proteccion-de-datos\/\" \/>\n<meta property=\"og:site_name\" content=\"JVK Filtration Systems\" \/>\n<meta property=\"article:modified_time\" content=\"2025-11-10T13:33:40+00:00\" \/>\n<meta property=\"og:image\" content=\"https:\/\/jvk.de\/wp-content\/uploads\/2025\/08\/JVK_page10_img47.png\" \/>\n\t<meta property=\"og:image:width\" content=\"579\" \/>\n\t<meta property=\"og:image:height\" content=\"461\" \/>\n\t<meta property=\"og:image:type\" content=\"image\/png\" \/>\n<meta name=\"twitter:card\" content=\"summary_large_image\" \/>\n<meta name=\"twitter:label1\" content=\"Tiempo de lectura\" \/>\n\t<meta name=\"twitter:data1\" content=\"8 minutos\" \/>\n<script type=\"application\/ld+json\" class=\"yoast-schema-graph\">{\"@context\":\"https:\/\/schema.org\",\"@graph\":[{\"@type\":\"WebPage\",\"@id\":\"https:\/\/jvk.de\/es\/proteccion-de-datos\/\",\"url\":\"https:\/\/jvk.de\/es\/proteccion-de-datos\/\",\"name\":\"Protecci\u00f3n de datos\",\"isPartOf\":{\"@id\":\"https:\/\/jvk.de\/es\/#website\"},\"datePublished\":\"2025-07-15T12:34:59+00:00\",\"dateModified\":\"2025-11-10T13:33:40+00:00\",\"breadcrumb\":{\"@id\":\"https:\/\/jvk.de\/es\/proteccion-de-datos\/#breadcrumb\"},\"inLanguage\":\"es\",\"potentialAction\":[{\"@type\":\"ReadAction\",\"target\":[\"https:\/\/jvk.de\/es\/proteccion-de-datos\/\"]}]},{\"@type\":\"BreadcrumbList\",\"@id\":\"https:\/\/jvk.de\/es\/proteccion-de-datos\/#breadcrumb\",\"itemListElement\":[{\"@type\":\"ListItem\",\"position\":1,\"name\":\"Startseite\",\"item\":\"https:\/\/jvk.de\/es\/jvk-filtration-systems-2\/\"},{\"@type\":\"ListItem\",\"position\":2,\"name\":\"Protecci\u00f3n de datos\"}]},{\"@type\":\"WebSite\",\"@id\":\"https:\/\/jvk.de\/es\/#website\",\"url\":\"https:\/\/jvk.de\/es\/\",\"name\":\"JVK Filtration Systems GmbH\",\"description\":\"\",\"publisher\":{\"@id\":\"https:\/\/jvk.de\/es\/#organization\"},\"potentialAction\":[{\"@type\":\"SearchAction\",\"target\":{\"@type\":\"EntryPoint\",\"urlTemplate\":\"https:\/\/jvk.de\/es\/?s={search_term_string}\"},\"query-input\":{\"@type\":\"PropertyValueSpecification\",\"valueRequired\":true,\"valueName\":\"search_term_string\"}}],\"inLanguage\":\"es\"},{\"@type\":\"Organization\",\"@id\":\"https:\/\/jvk.de\/es\/#organization\",\"name\":\"JVK Filtration Systems\",\"url\":\"https:\/\/jvk.de\/es\/\",\"logo\":{\"@type\":\"ImageObject\",\"inLanguage\":\"es\",\"@id\":\"https:\/\/jvk.de\/es\/#\/schema\/logo\/image\/\",\"url\":\"https:\/\/jvk.de\/wp-content\/uploads\/2025\/02\/logo-jvk.svg\",\"contentUrl\":\"https:\/\/jvk.de\/wp-content\/uploads\/2025\/02\/logo-jvk.svg\",\"width\":100,\"height\":100,\"caption\":\"JVK Filtration Systems\"},\"image\":{\"@id\":\"https:\/\/jvk.de\/es\/#\/schema\/logo\/image\/\"}}]}<\/script>\n<!-- \/ Yoast SEO Premium plugin. -->","yoast_head_json":{"title":"Protecci\u00f3n de datos","robots":{"index":"noindex","follow":"follow"},"og_locale":"es_ES","og_type":"article","og_title":"Protecci\u00f3n de datos","og_description":"Declaraci\u00f3n de protecci\u00f3n de datos Declaraci\u00f3n de protecci\u00f3n de datos Los datos personales (en adelante, denominados generalmente solo como \u00abdatos\u00bb) son procesados por nosotros solo en la medida en que sea necesario y con el fin de proporcionar una presencia en Internet funcional y f\u00e1cil de usar, incluidos sus contenidos y los servicios que all\u00ed [&hellip;]","og_url":"https:\/\/jvk.de\/es\/proteccion-de-datos\/","og_site_name":"JVK Filtration Systems","article_modified_time":"2025-11-10T13:33:40+00:00","og_image":[{"width":579,"height":461,"url":"https:\/\/jvk.de\/wp-content\/uploads\/2025\/08\/JVK_page10_img47.png","type":"image\/png"}],"twitter_card":"summary_large_image","twitter_misc":{"Tiempo de lectura":"8 minutos"},"schema":{"@context":"https:\/\/schema.org","@graph":[{"@type":"WebPage","@id":"https:\/\/jvk.de\/es\/proteccion-de-datos\/","url":"https:\/\/jvk.de\/es\/proteccion-de-datos\/","name":"Protecci\u00f3n de datos","isPartOf":{"@id":"https:\/\/jvk.de\/es\/#website"},"datePublished":"2025-07-15T12:34:59+00:00","dateModified":"2025-11-10T13:33:40+00:00","breadcrumb":{"@id":"https:\/\/jvk.de\/es\/proteccion-de-datos\/#breadcrumb"},"inLanguage":"es","potentialAction":[{"@type":"ReadAction","target":["https:\/\/jvk.de\/es\/proteccion-de-datos\/"]}]},{"@type":"BreadcrumbList","@id":"https:\/\/jvk.de\/es\/proteccion-de-datos\/#breadcrumb","itemListElement":[{"@type":"ListItem","position":1,"name":"Startseite","item":"https:\/\/jvk.de\/es\/jvk-filtration-systems-2\/"},{"@type":"ListItem","position":2,"name":"Protecci\u00f3n de datos"}]},{"@type":"WebSite","@id":"https:\/\/jvk.de\/es\/#website","url":"https:\/\/jvk.de\/es\/","name":"JVK Filtration Systems GmbH","description":"","publisher":{"@id":"https:\/\/jvk.de\/es\/#organization"},"potentialAction":[{"@type":"SearchAction","target":{"@type":"EntryPoint","urlTemplate":"https:\/\/jvk.de\/es\/?s={search_term_string}"},"query-input":{"@type":"PropertyValueSpecification","valueRequired":true,"valueName":"search_term_string"}}],"inLanguage":"es"},{"@type":"Organization","@id":"https:\/\/jvk.de\/es\/#organization","name":"JVK Filtration Systems","url":"https:\/\/jvk.de\/es\/","logo":{"@type":"ImageObject","inLanguage":"es","@id":"https:\/\/jvk.de\/es\/#\/schema\/logo\/image\/","url":"https:\/\/jvk.de\/wp-content\/uploads\/2025\/02\/logo-jvk.svg","contentUrl":"https:\/\/jvk.de\/wp-content\/uploads\/2025\/02\/logo-jvk.svg","width":100,"height":100,"caption":"JVK Filtration Systems"},"image":{"@id":"https:\/\/jvk.de\/es\/#\/schema\/logo\/image\/"}}]}},"_links":{"self":[{"href":"https:\/\/jvk.de\/es\/wp-json\/wp\/v2\/pages\/8271","targetHints":{"allow":["GET"]}}],"collection":[{"href":"https:\/\/jvk.de\/es\/wp-json\/wp\/v2\/pages"}],"about":[{"href":"https:\/\/jvk.de\/es\/wp-json\/wp\/v2\/types\/page"}],"author":[{"embeddable":true,"href":"https:\/\/jvk.de\/es\/wp-json\/wp\/v2\/users\/1"}],"replies":[{"embeddable":true,"href":"https:\/\/jvk.de\/es\/wp-json\/wp\/v2\/comments?post=8271"}],"version-history":[{"count":2,"href":"https:\/\/jvk.de\/es\/wp-json\/wp\/v2\/pages\/8271\/revisions"}],"predecessor-version":[{"id":8274,"href":"https:\/\/jvk.de\/es\/wp-json\/wp\/v2\/pages\/8271\/revisions\/8274"}],"wp:attachment":[{"href":"https:\/\/jvk.de\/es\/wp-json\/wp\/v2\/media?parent=8271"}],"wp:term":[{"taxonomy":"category","embeddable":true,"href":"https:\/\/jvk.de\/es\/wp-json\/wp\/v2\/categories?post=8271"},{"taxonomy":"post_tag","embeddable":true,"href":"https:\/\/jvk.de\/es\/wp-json\/wp\/v2\/tags?post=8271"}],"curies":[{"name":"wp","href":"https:\/\/api.w.org\/{rel}","templated":true}]}}