{"id":8239,"date":"2025-07-08T10:04:18","date_gmt":"2025-07-08T10:04:18","guid":{"rendered":"https:\/\/jvk.novo-peak.it\/indicador-de-fugas\/"},"modified":"2025-12-09T13:16:13","modified_gmt":"2025-12-09T13:16:13","slug":"indicador-de-fugas","status":"publish","type":"page","link":"https:\/\/jvk.de\/es\/productos\/indicador-de-fugas\/","title":{"rendered":"Indicador de represi\u00f3n"},"content":{"rendered":"\t\t<div data-elementor-type=\"wp-page\" data-elementor-id=\"8239\" class=\"elementor elementor-8239 elementor-2374\" data-elementor-post-type=\"page\">\n\t\t\t\t<div class=\"elementor-element elementor-element-34579274 e-con-full e-flex e-con e-parent\" data-id=\"34579274\" data-element_type=\"container\" data-e-type=\"container\" data-settings=\"{&quot;background_background&quot;:&quot;classic&quot;}\">\n\t\t\t\t<div class=\"elementor-element elementor-element-5f91b8d7 elementor-widget__width-inherit elementor--h-position-center elementor--v-position-middle elementor-widget elementor-widget-slides\" data-id=\"5f91b8d7\" data-element_type=\"widget\" data-e-type=\"widget\" data-settings=\"{&quot;navigation&quot;:&quot;none&quot;,&quot;autoplay&quot;:&quot;yes&quot;,&quot;pause_on_hover&quot;:&quot;yes&quot;,&quot;pause_on_interaction&quot;:&quot;yes&quot;,&quot;autoplay_speed&quot;:5000,&quot;infinite&quot;:&quot;yes&quot;,&quot;transition&quot;:&quot;slide&quot;,&quot;transition_speed&quot;:500}\" data-widget_type=\"slides.default\">\n\t\t\t\t<div class=\"elementor-widget-container\">\n\t\t\t\t\t\t\t\t\t<div class=\"elementor-swiper\">\n\t\t\t\t\t<div class=\"elementor-slides-wrapper elementor-main-swiper swiper\" role=\"region\" aria-roledescription=\"carousel\" aria-label=\"Slides\" dir=\"ltr\" data-animation=\"fadeInUp\">\n\t\t\t\t<div class=\"swiper-wrapper elementor-slides\">\n\t\t\t\t\t\t\t\t\t\t<div class=\"elementor-repeater-item-ec279c4 swiper-slide\" role=\"group\" aria-roledescription=\"slide\"><div class=\"swiper-slide-bg elementor-ken-burns elementor-ken-burns--out\" role=\"img\" aria-label=\"Automatisierte Produktionsanlage mit Handhabungsrobotern und Maschinen zur Bearbeitung und Montage von Filterplatten in einer Industriehalle. Fertigungsumgebung f\u00fcr pr\u00e4zise Kunststoff- und Metallverarbeitung im Serienprozess.\"><\/div><div class=\"elementor-background-overlay\"><\/div><div class=\"swiper-slide-inner\" ><div class=\"swiper-slide-contents\"><div class=\"elementor-slide-heading\">Indicador de represi\u00f3n<\/div><\/div><\/div><\/div>\t\t\t\t<\/div>\n\t\t\t\t\t\t\t<\/div>\n\t\t\t\t<\/div>\n\t\t\t\t\t\t\t\t<\/div>\n\t\t\t\t<\/div>\n\t\t\t\t<\/div>\n\t\t<div class=\"elementor-element elementor-element-69b1eb0c e-flex e-con-boxed e-con e-parent\" data-id=\"69b1eb0c\" data-element_type=\"container\" data-e-type=\"container\" data-settings=\"{&quot;background_background&quot;:&quot;classic&quot;}\">\n\t\t\t\t\t<div class=\"e-con-inner\">\n\t\t<div class=\"elementor-element elementor-element-2395d08f e-con-full e-flex elementor-invisible e-con e-child\" data-id=\"2395d08f\" data-element_type=\"container\" data-e-type=\"container\" data-settings=\"{&quot;animation&quot;:&quot;fadeInLeft&quot;}\">\n\t\t\t\t<div class=\"elementor-element elementor-element-9de24a5 elementor-widget elementor-widget-image\" data-id=\"9de24a5\" data-element_type=\"widget\" data-e-type=\"widget\" data-widget_type=\"image.default\">\n\t\t\t\t<div class=\"elementor-widget-container\">\n\t\t\t\t\t\t\t\t\t\t\t\t\t\t\t<img fetchpriority=\"high\" decoding=\"async\" width=\"446\" height=\"437\" src=\"https:\/\/jvk.de\/wp-content\/uploads\/2025\/10\/page01_img04.png\" class=\"attachment-large size-large wp-image-8124\" alt=\"Filterplatten-Seitenansicht mit integrierter Sichtscheibe, schwarzer Membranoberfl\u00e4che und mechanischem Anschluss. Industriekomponente f\u00fcr Filterpressen mit kontrollierbarer Filtration und Medien\u00fcberwachung.\" srcset=\"https:\/\/jvk.de\/wp-content\/uploads\/2025\/10\/page01_img04.png 446w, https:\/\/jvk.de\/wp-content\/uploads\/2025\/10\/page01_img04-300x294.png 300w\" sizes=\"(max-width: 446px) 100vw, 446px\" \/>\t\t\t\t\t\t\t\t\t\t\t\t\t\t\t<\/div>\n\t\t\t\t<\/div>\n\t\t\t\t<\/div>\n\t\t<div class=\"elementor-element elementor-element-65065df4 e-con-full e-flex elementor-invisible e-con e-child\" data-id=\"65065df4\" data-element_type=\"container\" data-e-type=\"container\" data-settings=\"{&quot;animation&quot;:&quot;fadeInRight&quot;}\">\n\t\t\t\t<div class=\"elementor-element elementor-element-3a03cd02 elementor-widget elementor-widget-heading\" data-id=\"3a03cd02\" data-element_type=\"widget\" data-e-type=\"widget\" data-widget_type=\"heading.default\">\n\t\t\t\t<div class=\"elementor-widget-container\">\n\t\t\t\t\t<p class=\"elementor-heading-title elementor-size-default\">Indicador de represi\u00f3n<\/p>\t\t\t\t<\/div>\n\t\t\t\t<\/div>\n\t\t\t\t<div class=\"elementor-element elementor-element-161c5c08 elementor-widget elementor-widget-text-editor\" data-id=\"161c5c08\" data-element_type=\"widget\" data-e-type=\"widget\" data-widget_type=\"text-editor.default\">\n\t\t\t\t<div class=\"elementor-widget-container\">\n\t\t\t\t\t\t\t\t\t<p><strong>Aplicaci\u00f3n:<\/strong><\/p><ul><li>Indicaci\u00f3n de la finalizaci\u00f3n del proceso de exprimido<\/li><li>Localizaci\u00f3n e indicaci\u00f3n de membranas defectuosas y fugas<\/li><li>Gas (p. ej., aire) o l\u00edquido (p. ej., agua, aceite) como medios de recompresi\u00f3n<\/li><\/ul>\t\t\t\t\t\t\t\t<\/div>\n\t\t\t\t<\/div>\n\t\t<div class=\"elementor-element elementor-element-7bd02c1 e-con-full e-flex e-con e-child\" data-id=\"7bd02c1\" data-element_type=\"container\" data-e-type=\"container\">\n\t\t\t\t<div class=\"elementor-element elementor-element-4808e6d elementor-align-center elementor-widget elementor-widget-button\" data-id=\"4808e6d\" data-element_type=\"widget\" data-e-type=\"widget\" data-widget_type=\"button.default\">\n\t\t\t\t<div class=\"elementor-widget-container\">\n\t\t\t\t\t\t\t\t\t<div class=\"elementor-button-wrapper\">\n\t\t\t\t\t<a class=\"elementor-button elementor-button-link elementor-size-sm\" href=\"mailto:sales@jvk.de\" target=\"_blank\">\n\t\t\t\t\t\t<span class=\"elementor-button-content-wrapper\">\n\t\t\t\t\t\t\t\t\t<span class=\"elementor-button-text\">Solicitar producto<\/span>\n\t\t\t\t\t<\/span>\n\t\t\t\t\t<\/a>\n\t\t\t\t<\/div>\n\t\t\t\t\t\t\t\t<\/div>\n\t\t\t\t<\/div>\n\t\t\t\t<div class=\"elementor-element elementor-element-694d0cb elementor-align-center elementor-widget elementor-widget-button\" data-id=\"694d0cb\" data-element_type=\"widget\" data-e-type=\"widget\" data-widget_type=\"button.default\">\n\t\t\t\t<div class=\"elementor-widget-container\">\n\t\t\t\t\t\t\t\t\t<div class=\"elementor-button-wrapper\">\n\t\t\t\t\t<a class=\"elementor-button elementor-button-link elementor-size-sm\" href=\"https:\/\/calendly.com\/jvk-filtration-systems\/neues-meeting\" target=\"_blank\">\n\t\t\t\t\t\t<span class=\"elementor-button-content-wrapper\">\n\t\t\t\t\t\t\t\t\t<span class=\"elementor-button-text\">Solicite asesoramiento ahora<\/span>\n\t\t\t\t\t<\/span>\n\t\t\t\t\t<\/a>\n\t\t\t\t<\/div>\n\t\t\t\t\t\t\t\t<\/div>\n\t\t\t\t<\/div>\n\t\t\t\t<\/div>\n\t\t\t\t<\/div>\n\t\t\t\t\t<\/div>\n\t\t\t\t<\/div>\n\t\t<div class=\"elementor-element elementor-element-2c324bda e-flex e-con-boxed e-con e-parent\" data-id=\"2c324bda\" data-element_type=\"container\" data-e-type=\"container\" data-settings=\"{&quot;background_background&quot;:&quot;classic&quot;}\">\n\t\t\t\t\t<div class=\"e-con-inner\">\n\t\t<div class=\"elementor-element elementor-element-7fecd5f8 e-con-full e-flex elementor-invisible e-con e-child\" data-id=\"7fecd5f8\" data-element_type=\"container\" data-e-type=\"container\" data-settings=\"{&quot;animation&quot;:&quot;fadeInLeft&quot;}\">\n\t\t\t\t<div class=\"elementor-element elementor-element-58b4fc26 elementor-widget elementor-widget-heading\" data-id=\"58b4fc26\" data-element_type=\"widget\" data-e-type=\"widget\" data-widget_type=\"heading.default\">\n\t\t\t\t<div class=\"elementor-widget-container\">\n\t\t\t\t\t<p class=\"elementor-heading-title elementor-size-default\">Indicador de represi\u00f3n <sup>JVK<\/sup> <\/p>\t\t\t\t<\/div>\n\t\t\t\t<\/div>\n\t\t\t\t<div class=\"elementor-element elementor-element-5c9882ac elementor-widget elementor-widget-text-editor\" data-id=\"5c9882ac\" data-element_type=\"widget\" data-e-type=\"widget\" data-widget_type=\"text-editor.default\">\n\t\t\t\t<div class=\"elementor-widget-container\">\n\t\t\t\t\t\t\t\t\t<h3>Caracter\u00edsticas y ventajas<\/h3>\n<ul>\n \t<li>Indica el final de la compresi\u00f3n de la torta, lo que minimiza los tiempos de exprimido y de ciclo.<\/li>\n \t<li>Optimiza la capacidad de las prensas, especialmente con productos cambiantes.<\/li>\n \t<li>Detecta de forma fiable y temprana las fugas de membrana.<\/li>\n \t<li>Advierte de posibles deformaciones de las placas y de las consiguientes interrupciones de la producci\u00f3n.<\/li>\n \t<li>Tambi\u00e9n se puede reequipar en paquetes de membrana existentes.<\/li>\n<\/ul>\n<h3>Funci\u00f3n<\/h3>\n<ul>\n \t<li>El indicador, que funciona seg\u00fan el principio del flotador, se encuentra en posici\u00f3n de reposo mientras no fluya ning\u00fan medio de exprimido.<\/li>\n \t<li>Mientras la torta de filtraci\u00f3n sea compresible, el indicador permanece en suspensi\u00f3n y visualiza que el exprimido a\u00fan no ha finalizado.<\/li>\n \t<li>Con la deflexi\u00f3n m\u00e1xima, se libera toda la secci\u00f3n transversal del flujo.<\/li>\n \t<li>En caso de fuga en una placa de membrana, el indicador de esta placa se comporta de forma contraria a las indicaciones de las dem\u00e1s, lo que permite localizar inequ\u00edvocamente una p\u00e9rdida de medio de prensado.<\/li>\n<\/ul>\n<h3>Aplicaci\u00f3n<\/h3>\n<ul>\n \t<li>Indicaci\u00f3n del final del proceso de exprimido<\/li>\n \t<li>Localizaci\u00f3n e indicaci\u00f3n de defectos y fugas<\/li>\n \t<li>Adecuado para medios de recompresi\u00f3n gaseosos (p. ej., aire) o l\u00edquidos (p. ej., agua, aceite)<\/li>\n<\/ul>\n<h3>Indicador <sup>JVK\u00ae<\/sup> Repress para placas con c\u00e1mara de membrana<\/h3>\nLa placa con c\u00e1mara de membrana <sup>JVK<\/sup> <\/strong>  con indicador de extracci\u00f3n integrado se utiliza con \u00e9xito en todo el mundo.\t\t\t\t\t\t\t\t<\/div>\n\t\t\t\t<\/div>\n\t\t\t\t<\/div>\n\t\t<div class=\"elementor-element elementor-element-729c7ea9 animated-slow e-flex e-con-boxed elementor-invisible e-con e-child\" data-id=\"729c7ea9\" data-element_type=\"container\" data-e-type=\"container\" data-settings=\"{&quot;background_background&quot;:&quot;classic&quot;,&quot;animation&quot;:&quot;fadeInRight&quot;,&quot;animation_widescreen&quot;:&quot;fadeInRight&quot;}\">\n\t\t\t\t\t<div class=\"e-con-inner\">\n\t\t\t\t<div class=\"elementor-element elementor-element-adc5fe8 elementor-widget elementor-widget-image\" data-id=\"adc5fe8\" data-element_type=\"widget\" data-e-type=\"widget\" data-widget_type=\"image.default\">\n\t\t\t\t<div class=\"elementor-widget-container\">\n\t\t\t\t\t\t\t\t\t\t\t\t\t\t\t<img decoding=\"async\" width=\"1811\" height=\"2560\" src=\"https:\/\/jvk.de\/wp-content\/uploads\/2025\/10\/Squeeze-Indikator-1-scaled.jpg\" class=\"attachment-full size-full wp-image-8127\" alt=\"Sonderausf\u00fchrung Sichtscheibe mit Glasfenster und PP-Grundk\u00f6rper f\u00fcr aggressive Medien, ausgelegt f\u00fcr Auspressdr\u00fccke bis 40 bar bei 40 \u00b0C. Alternative Sichtscheibe mit Glasfenster und Aluminium-Grundk\u00f6rper f\u00fcr Auspressdr\u00fccke bis 40 bar bei Temperaturen bis 90 \u00b0C.\" srcset=\"https:\/\/jvk.de\/wp-content\/uploads\/2025\/10\/Squeeze-Indikator-1-scaled.jpg 1811w, https:\/\/jvk.de\/wp-content\/uploads\/2025\/10\/Squeeze-Indikator-1-212x300.jpg 212w, https:\/\/jvk.de\/wp-content\/uploads\/2025\/10\/Squeeze-Indikator-1-725x1024.jpg 725w, https:\/\/jvk.de\/wp-content\/uploads\/2025\/10\/Squeeze-Indikator-1-768x1085.jpg 768w, https:\/\/jvk.de\/wp-content\/uploads\/2025\/10\/Squeeze-Indikator-1-1087x1536.jpg 1087w, https:\/\/jvk.de\/wp-content\/uploads\/2025\/10\/Squeeze-Indikator-1-1449x2048.jpg 1449w\" sizes=\"(max-width: 1811px) 100vw, 1811px\" \/>\t\t\t\t\t\t\t\t\t\t\t\t\t\t\t<\/div>\n\t\t\t\t<\/div>\n\t\t\t\t\t<\/div>\n\t\t\t\t<\/div>\n\t\t\t\t\t<\/div>\n\t\t\t\t<\/div>\n\t\t\t\t<\/div>\n\t\t","protected":false},"excerpt":{"rendered":"<p>Detecci\u00f3n r\u00e1pida y fiable de grietas en la membrana con nuestros indicadores<\/p>\n","protected":false},"author":1,"featured_media":10497,"parent":9179,"menu_order":0,"comment_status":"closed","ping_status":"closed","template":"","meta":{"_acf_changed":false,"footnotes":""},"categories":[44,57,43],"tags":[],"class_list":["post-8239","page","type-page","status-publish","has-post-thumbnail","hentry","category-accesorios","category-bestseller","category-productos"],"acf":[],"yoast_head":"<!-- This site is optimized with the Yoast SEO Premium plugin v27.1 (Yoast SEO v27.1.1) - https:\/\/yoast.com\/product\/yoast-seo-premium-wordpress\/ -->\n<title>Indicador de represi\u00f3n<\/title>\n<meta name=\"robots\" content=\"index, follow, max-snippet:-1, max-image-preview:large, max-video-preview:-1\" \/>\n<link rel=\"canonical\" href=\"https:\/\/jvk.de\/es\/productos\/indicador-de-fugas\/\" \/>\n<meta property=\"og:locale\" content=\"es_ES\" \/>\n<meta property=\"og:type\" content=\"article\" \/>\n<meta property=\"og:title\" content=\"Indicador de represi\u00f3n\" \/>\n<meta property=\"og:description\" content=\"Detecci\u00f3n r\u00e1pida y fiable de grietas en la membrana con nuestros indicadores\" \/>\n<meta property=\"og:url\" content=\"https:\/\/jvk.de\/es\/productos\/indicador-de-fugas\/\" \/>\n<meta property=\"og:site_name\" content=\"JVK Filtration Systems\" \/>\n<meta property=\"article:modified_time\" content=\"2025-12-09T13:16:13+00:00\" \/>\n<meta property=\"og:image\" content=\"https:\/\/jvk.de\/wp-content\/uploads\/2025\/12\/Nachpressindikator_rechteckig.png\" \/>\n\t<meta property=\"og:image:width\" content=\"800\" \/>\n\t<meta property=\"og:image:height\" content=\"800\" \/>\n\t<meta property=\"og:image:type\" content=\"image\/png\" \/>\n<meta name=\"twitter:card\" content=\"summary_large_image\" \/>\n<meta name=\"twitter:label1\" content=\"Tiempo de lectura\" \/>\n\t<meta name=\"twitter:data1\" content=\"1 minuto\" \/>\n<script type=\"application\/ld+json\" class=\"yoast-schema-graph\">{\"@context\":\"https:\/\/schema.org\",\"@graph\":[{\"@type\":\"WebPage\",\"@id\":\"https:\/\/jvk.de\/es\/productos\/indicador-de-fugas\/\",\"url\":\"https:\/\/jvk.de\/es\/productos\/indicador-de-fugas\/\",\"name\":\"Indicador de represi\u00f3n\",\"isPartOf\":{\"@id\":\"https:\/\/jvk.de\/es\/#website\"},\"primaryImageOfPage\":{\"@id\":\"https:\/\/jvk.de\/es\/productos\/indicador-de-fugas\/#primaryimage\"},\"image\":{\"@id\":\"https:\/\/jvk.de\/es\/productos\/indicador-de-fugas\/#primaryimage\"},\"thumbnailUrl\":\"https:\/\/jvk.de\/wp-content\/uploads\/2025\/12\/Nachpressindikator_rechteckig.png\",\"datePublished\":\"2025-07-08T10:04:18+00:00\",\"dateModified\":\"2025-12-09T13:16:13+00:00\",\"breadcrumb\":{\"@id\":\"https:\/\/jvk.de\/es\/productos\/indicador-de-fugas\/#breadcrumb\"},\"inLanguage\":\"es\",\"potentialAction\":[{\"@type\":\"ReadAction\",\"target\":[\"https:\/\/jvk.de\/es\/productos\/indicador-de-fugas\/\"]}]},{\"@type\":\"ImageObject\",\"inLanguage\":\"es\",\"@id\":\"https:\/\/jvk.de\/es\/productos\/indicador-de-fugas\/#primaryimage\",\"url\":\"https:\/\/jvk.de\/wp-content\/uploads\/2025\/12\/Nachpressindikator_rechteckig.png\",\"contentUrl\":\"https:\/\/jvk.de\/wp-content\/uploads\/2025\/12\/Nachpressindikator_rechteckig.png\",\"width\":800,\"height\":800,\"caption\":\"Reprimir indicador_rectangular\"},{\"@type\":\"BreadcrumbList\",\"@id\":\"https:\/\/jvk.de\/es\/productos\/indicador-de-fugas\/#breadcrumb\",\"itemListElement\":[{\"@type\":\"ListItem\",\"position\":1,\"name\":\"Startseite\",\"item\":\"https:\/\/jvk.de\/es\/jvk-filtration-systems-2\/\"},{\"@type\":\"ListItem\",\"position\":2,\"name\":\"Productos\",\"item\":\"https:\/\/jvk.de\/es\/productos\/\"},{\"@type\":\"ListItem\",\"position\":3,\"name\":\"Indicador de represi\u00f3n\"}]},{\"@type\":\"WebSite\",\"@id\":\"https:\/\/jvk.de\/es\/#website\",\"url\":\"https:\/\/jvk.de\/es\/\",\"name\":\"JVK Filtration Systems GmbH\",\"description\":\"\",\"publisher\":{\"@id\":\"https:\/\/jvk.de\/es\/#organization\"},\"potentialAction\":[{\"@type\":\"SearchAction\",\"target\":{\"@type\":\"EntryPoint\",\"urlTemplate\":\"https:\/\/jvk.de\/es\/?s={search_term_string}\"},\"query-input\":{\"@type\":\"PropertyValueSpecification\",\"valueRequired\":true,\"valueName\":\"search_term_string\"}}],\"inLanguage\":\"es\"},{\"@type\":\"Organization\",\"@id\":\"https:\/\/jvk.de\/es\/#organization\",\"name\":\"JVK Filtration Systems\",\"url\":\"https:\/\/jvk.de\/es\/\",\"logo\":{\"@type\":\"ImageObject\",\"inLanguage\":\"es\",\"@id\":\"https:\/\/jvk.de\/es\/#\/schema\/logo\/image\/\",\"url\":\"https:\/\/jvk.de\/wp-content\/uploads\/2025\/02\/logo-jvk.svg\",\"contentUrl\":\"https:\/\/jvk.de\/wp-content\/uploads\/2025\/02\/logo-jvk.svg\",\"width\":100,\"height\":100,\"caption\":\"JVK Filtration Systems\"},\"image\":{\"@id\":\"https:\/\/jvk.de\/es\/#\/schema\/logo\/image\/\"}}]}<\/script>\n<!-- \/ Yoast SEO Premium plugin. -->","yoast_head_json":{"title":"Indicador de represi\u00f3n","robots":{"index":"index","follow":"follow","max-snippet":"max-snippet:-1","max-image-preview":"max-image-preview:large","max-video-preview":"max-video-preview:-1"},"canonical":"https:\/\/jvk.de\/es\/productos\/indicador-de-fugas\/","og_locale":"es_ES","og_type":"article","og_title":"Indicador de represi\u00f3n","og_description":"Detecci\u00f3n r\u00e1pida y fiable de grietas en la membrana con nuestros indicadores","og_url":"https:\/\/jvk.de\/es\/productos\/indicador-de-fugas\/","og_site_name":"JVK Filtration Systems","article_modified_time":"2025-12-09T13:16:13+00:00","og_image":[{"width":800,"height":800,"url":"https:\/\/jvk.de\/wp-content\/uploads\/2025\/12\/Nachpressindikator_rechteckig.png","type":"image\/png"}],"twitter_card":"summary_large_image","twitter_misc":{"Tiempo de lectura":"1 minuto"},"schema":{"@context":"https:\/\/schema.org","@graph":[{"@type":"WebPage","@id":"https:\/\/jvk.de\/es\/productos\/indicador-de-fugas\/","url":"https:\/\/jvk.de\/es\/productos\/indicador-de-fugas\/","name":"Indicador de represi\u00f3n","isPartOf":{"@id":"https:\/\/jvk.de\/es\/#website"},"primaryImageOfPage":{"@id":"https:\/\/jvk.de\/es\/productos\/indicador-de-fugas\/#primaryimage"},"image":{"@id":"https:\/\/jvk.de\/es\/productos\/indicador-de-fugas\/#primaryimage"},"thumbnailUrl":"https:\/\/jvk.de\/wp-content\/uploads\/2025\/12\/Nachpressindikator_rechteckig.png","datePublished":"2025-07-08T10:04:18+00:00","dateModified":"2025-12-09T13:16:13+00:00","breadcrumb":{"@id":"https:\/\/jvk.de\/es\/productos\/indicador-de-fugas\/#breadcrumb"},"inLanguage":"es","potentialAction":[{"@type":"ReadAction","target":["https:\/\/jvk.de\/es\/productos\/indicador-de-fugas\/"]}]},{"@type":"ImageObject","inLanguage":"es","@id":"https:\/\/jvk.de\/es\/productos\/indicador-de-fugas\/#primaryimage","url":"https:\/\/jvk.de\/wp-content\/uploads\/2025\/12\/Nachpressindikator_rechteckig.png","contentUrl":"https:\/\/jvk.de\/wp-content\/uploads\/2025\/12\/Nachpressindikator_rechteckig.png","width":800,"height":800,"caption":"Reprimir indicador_rectangular"},{"@type":"BreadcrumbList","@id":"https:\/\/jvk.de\/es\/productos\/indicador-de-fugas\/#breadcrumb","itemListElement":[{"@type":"ListItem","position":1,"name":"Startseite","item":"https:\/\/jvk.de\/es\/jvk-filtration-systems-2\/"},{"@type":"ListItem","position":2,"name":"Productos","item":"https:\/\/jvk.de\/es\/productos\/"},{"@type":"ListItem","position":3,"name":"Indicador de represi\u00f3n"}]},{"@type":"WebSite","@id":"https:\/\/jvk.de\/es\/#website","url":"https:\/\/jvk.de\/es\/","name":"JVK Filtration Systems GmbH","description":"","publisher":{"@id":"https:\/\/jvk.de\/es\/#organization"},"potentialAction":[{"@type":"SearchAction","target":{"@type":"EntryPoint","urlTemplate":"https:\/\/jvk.de\/es\/?s={search_term_string}"},"query-input":{"@type":"PropertyValueSpecification","valueRequired":true,"valueName":"search_term_string"}}],"inLanguage":"es"},{"@type":"Organization","@id":"https:\/\/jvk.de\/es\/#organization","name":"JVK Filtration Systems","url":"https:\/\/jvk.de\/es\/","logo":{"@type":"ImageObject","inLanguage":"es","@id":"https:\/\/jvk.de\/es\/#\/schema\/logo\/image\/","url":"https:\/\/jvk.de\/wp-content\/uploads\/2025\/02\/logo-jvk.svg","contentUrl":"https:\/\/jvk.de\/wp-content\/uploads\/2025\/02\/logo-jvk.svg","width":100,"height":100,"caption":"JVK Filtration Systems"},"image":{"@id":"https:\/\/jvk.de\/es\/#\/schema\/logo\/image\/"}}]}},"_links":{"self":[{"href":"https:\/\/jvk.de\/es\/wp-json\/wp\/v2\/pages\/8239","targetHints":{"allow":["GET"]}}],"collection":[{"href":"https:\/\/jvk.de\/es\/wp-json\/wp\/v2\/pages"}],"about":[{"href":"https:\/\/jvk.de\/es\/wp-json\/wp\/v2\/types\/page"}],"author":[{"embeddable":true,"href":"https:\/\/jvk.de\/es\/wp-json\/wp\/v2\/users\/1"}],"replies":[{"embeddable":true,"href":"https:\/\/jvk.de\/es\/wp-json\/wp\/v2\/comments?post=8239"}],"version-history":[{"count":4,"href":"https:\/\/jvk.de\/es\/wp-json\/wp\/v2\/pages\/8239\/revisions"}],"predecessor-version":[{"id":10683,"href":"https:\/\/jvk.de\/es\/wp-json\/wp\/v2\/pages\/8239\/revisions\/10683"}],"up":[{"embeddable":true,"href":"https:\/\/jvk.de\/es\/wp-json\/wp\/v2\/pages\/9179"}],"wp:featuredmedia":[{"embeddable":true,"href":"https:\/\/jvk.de\/es\/wp-json\/wp\/v2\/media\/10497"}],"wp:attachment":[{"href":"https:\/\/jvk.de\/es\/wp-json\/wp\/v2\/media?parent=8239"}],"wp:term":[{"taxonomy":"category","embeddable":true,"href":"https:\/\/jvk.de\/es\/wp-json\/wp\/v2\/categories?post=8239"},{"taxonomy":"post_tag","embeddable":true,"href":"https:\/\/jvk.de\/es\/wp-json\/wp\/v2\/tags?post=8239"}],"curies":[{"name":"wp","href":"https:\/\/api.w.org\/{rel}","templated":true}]}}