{"id":9173,"date":"2025-07-08T07:03:40","date_gmt":"2025-07-08T07:03:40","guid":{"rendered":"https:\/\/jvk.novo-peak.it\/sala-mining-plate\/"},"modified":"2026-01-26T09:09:38","modified_gmt":"2026-01-26T09:09:38","slug":"sala-mining-plate","status":"publish","type":"page","link":"https:\/\/jvk.de\/en\/products\/sala-mining-plate\/","title":{"rendered":"Sala Mining Plate"},"content":{"rendered":"\t\t<div data-elementor-type=\"wp-page\" data-elementor-id=\"9173\" class=\"elementor elementor-9173 elementor-2246\" data-elementor-post-type=\"page\">\n\t\t\t\t<div class=\"elementor-element elementor-element-46ced249 e-con-full e-flex e-con e-parent\" data-id=\"46ced249\" data-element_type=\"container\" data-e-type=\"container\" data-settings=\"{&quot;background_background&quot;:&quot;classic&quot;}\">\n\t\t\t\t<div class=\"elementor-element elementor-element-2bb29cdc elementor-widget__width-inherit elementor--h-position-center elementor--v-position-middle elementor-widget elementor-widget-slides\" data-id=\"2bb29cdc\" data-element_type=\"widget\" data-e-type=\"widget\" data-settings=\"{&quot;navigation&quot;:&quot;none&quot;,&quot;autoplay&quot;:&quot;yes&quot;,&quot;pause_on_hover&quot;:&quot;yes&quot;,&quot;pause_on_interaction&quot;:&quot;yes&quot;,&quot;autoplay_speed&quot;:5000,&quot;infinite&quot;:&quot;yes&quot;,&quot;transition&quot;:&quot;slide&quot;,&quot;transition_speed&quot;:500}\" data-widget_type=\"slides.default\">\n\t\t\t\t<div class=\"elementor-widget-container\">\n\t\t\t\t\t\t\t\t\t<div class=\"elementor-swiper\">\n\t\t\t\t\t<div class=\"elementor-slides-wrapper elementor-main-swiper swiper\" role=\"region\" aria-roledescription=\"carousel\" aria-label=\"Slides\" dir=\"ltr\" data-animation=\"fadeInUp\">\n\t\t\t\t<div class=\"swiper-wrapper elementor-slides\">\n\t\t\t\t\t\t\t\t\t\t<div class=\"elementor-repeater-item-ec279c4 swiper-slide\" role=\"group\" aria-roledescription=\"slide\"><div class=\"swiper-slide-bg elementor-ken-burns elementor-ken-burns--out\" role=\"img\" aria-label=\"Automatisierte Produktionsanlage mit Handhabungsrobotern und Maschinen zur Bearbeitung und Montage von Filterplatten in einer Industriehalle. Fertigungsumgebung f\u00fcr pr\u00e4zise Kunststoff- und Metallverarbeitung im Serienprozess.\"><\/div><div class=\"elementor-background-overlay\"><\/div><div class=\"swiper-slide-inner\" ><div class=\"swiper-slide-contents\"><h1 class=\"elementor-slide-heading\">Sala Mining Plate<\/h1><h2 class=\"elementor-slide-description\">for industrial use<\/h2><\/div><\/div><\/div>\t\t\t\t<\/div>\n\t\t\t\t\t\t\t<\/div>\n\t\t\t\t<\/div>\n\t\t\t\t\t\t\t\t<\/div>\n\t\t\t\t<\/div>\n\t\t\t\t<\/div>\n\t\t<div class=\"elementor-element elementor-element-74ab23d3 e-flex e-con-boxed e-con e-parent\" data-id=\"74ab23d3\" data-element_type=\"container\" data-e-type=\"container\" data-settings=\"{&quot;background_background&quot;:&quot;classic&quot;}\">\n\t\t\t\t\t<div class=\"e-con-inner\">\n\t\t<div class=\"elementor-element elementor-element-5eb53802 e-con-full e-flex elementor-invisible e-con e-child\" data-id=\"5eb53802\" data-element_type=\"container\" data-e-type=\"container\" data-settings=\"{&quot;animation&quot;:&quot;fadeInLeft&quot;}\">\n\t\t\t\t<div class=\"elementor-element elementor-element-399dd95 elementor-widget elementor-widget-image\" data-id=\"399dd95\" data-element_type=\"widget\" data-e-type=\"widget\" data-widget_type=\"image.default\">\n\t\t\t\t<div class=\"elementor-widget-container\">\n\t\t\t\t\t\t\t\t\t\t\t\t\t\t\t<img fetchpriority=\"high\" decoding=\"async\" width=\"800\" height=\"441\" src=\"https:\/\/jvk.de\/wp-content\/uploads\/2025\/10\/montage_jvk_plates_on_mining-1024x564.png\" class=\"attachment-large size-large wp-image-8181\" alt=\"Mining-Platte SALA von JVK Filtration Systems mit schwarzer Membran und grauer Filterplatte vor Tagebau-Hintergrund. Industrie-Filterplatte f\u00fcr Bergbauanwendungen mit austauschbarer Membran und stabiler Tr\u00e4gerkonstruktion.\" srcset=\"https:\/\/jvk.de\/wp-content\/uploads\/2025\/10\/montage_jvk_plates_on_mining-1024x564.png 1024w, https:\/\/jvk.de\/wp-content\/uploads\/2025\/10\/montage_jvk_plates_on_mining-300x165.png 300w, https:\/\/jvk.de\/wp-content\/uploads\/2025\/10\/montage_jvk_plates_on_mining-768x423.png 768w, https:\/\/jvk.de\/wp-content\/uploads\/2025\/10\/montage_jvk_plates_on_mining-1536x845.png 1536w, https:\/\/jvk.de\/wp-content\/uploads\/2025\/10\/montage_jvk_plates_on_mining.png 2048w\" sizes=\"(max-width: 800px) 100vw, 800px\" \/>\t\t\t\t\t\t\t\t\t\t\t\t\t\t\t<\/div>\n\t\t\t\t<\/div>\n\t\t\t\t<\/div>\n\t\t<div class=\"elementor-element elementor-element-8503bae e-con-full e-flex elementor-invisible e-con e-child\" data-id=\"8503bae\" data-element_type=\"container\" data-e-type=\"container\" data-settings=\"{&quot;animation&quot;:&quot;fadeInRight&quot;}\">\n\t\t\t\t<div class=\"elementor-element elementor-element-2a51a89f elementor-widget elementor-widget-heading\" data-id=\"2a51a89f\" data-element_type=\"widget\" data-e-type=\"widget\" data-widget_type=\"heading.default\">\n\t\t\t\t<div class=\"elementor-widget-container\">\n\t\t\t\t\t<h2 class=\"elementor-heading-title elementor-size-default\">Sala Mining Plate<\/h2>\t\t\t\t<\/div>\n\t\t\t\t<\/div>\n\t\t\t\t<div class=\"elementor-element elementor-element-4d8413ce elementor-widget elementor-widget-text-editor\" data-id=\"4d8413ce\" data-element_type=\"widget\" data-e-type=\"widget\" data-widget_type=\"text-editor.default\">\n\t\t\t\t<div class=\"elementor-widget-container\">\n\t\t\t\t\t\t\t\t\t<p><strong>Size:<\/strong> 1500&#215;1500 mm<br><strong>Applications:<\/strong> Mining, Chemical Industry, Metal Processing<\/p><p><strong>Features:<\/strong><\/p><ul><li>replaceable membrane <\/li><li>Replaceable filtrate discharge<\/li><\/ul>\t\t\t\t\t\t\t\t<\/div>\n\t\t\t\t<\/div>\n\t\t<div class=\"elementor-element elementor-element-82999d2 e-con-full e-flex e-con e-child\" data-id=\"82999d2\" data-element_type=\"container\" data-e-type=\"container\">\n\t\t\t\t<div class=\"elementor-element elementor-element-ed27fbd elementor-align-center elementor-widget elementor-widget-button\" data-id=\"ed27fbd\" data-element_type=\"widget\" data-e-type=\"widget\" data-widget_type=\"button.default\">\n\t\t\t\t<div class=\"elementor-widget-container\">\n\t\t\t\t\t\t\t\t\t<div class=\"elementor-button-wrapper\">\n\t\t\t\t\t<a class=\"elementor-button elementor-button-link elementor-size-sm\" href=\"mailto:sales@jvk.de\" target=\"_blank\">\n\t\t\t\t\t\t<span class=\"elementor-button-content-wrapper\">\n\t\t\t\t\t\t\t\t\t<span class=\"elementor-button-text\">Request product<\/span>\n\t\t\t\t\t<\/span>\n\t\t\t\t\t<\/a>\n\t\t\t\t<\/div>\n\t\t\t\t\t\t\t\t<\/div>\n\t\t\t\t<\/div>\n\t\t\t\t<div class=\"elementor-element elementor-element-5bae466 elementor-align-center elementor-widget elementor-widget-button\" data-id=\"5bae466\" data-element_type=\"widget\" data-e-type=\"widget\" data-widget_type=\"button.default\">\n\t\t\t\t<div class=\"elementor-widget-container\">\n\t\t\t\t\t\t\t\t\t<div class=\"elementor-button-wrapper\">\n\t\t\t\t\t<a class=\"elementor-button elementor-button-link elementor-size-sm\" href=\"https:\/\/calendly.com\/jvk-filtration-systems\/neues-meeting\" target=\"_blank\">\n\t\t\t\t\t\t<span class=\"elementor-button-content-wrapper\">\n\t\t\t\t\t\t\t\t\t<span class=\"elementor-button-text\">Request consultation now<\/span>\n\t\t\t\t\t<\/span>\n\t\t\t\t\t<\/a>\n\t\t\t\t<\/div>\n\t\t\t\t\t\t\t\t<\/div>\n\t\t\t\t<\/div>\n\t\t\t\t<\/div>\n\t\t\t\t<\/div>\n\t\t\t\t\t<\/div>\n\t\t\t\t<\/div>\n\t\t<div class=\"elementor-element elementor-element-30e5d70d e-flex e-con-boxed e-con e-parent\" data-id=\"30e5d70d\" data-element_type=\"container\" data-e-type=\"container\" data-settings=\"{&quot;background_background&quot;:&quot;classic&quot;}\">\n\t\t\t\t\t<div class=\"e-con-inner\">\n\t\t<div class=\"elementor-element elementor-element-6d74a5f3 e-con-full e-flex elementor-invisible e-con e-child\" data-id=\"6d74a5f3\" data-element_type=\"container\" data-e-type=\"container\" data-settings=\"{&quot;animation&quot;:&quot;fadeInLeft&quot;}\">\n\t\t\t\t<div class=\"elementor-element elementor-element-56943c4c elementor-widget elementor-widget-heading\" data-id=\"56943c4c\" data-element_type=\"widget\" data-e-type=\"widget\" data-widget_type=\"heading.default\">\n\t\t\t\t<div class=\"elementor-widget-container\">\n\t\t\t\t\t<h3 class=\"elementor-heading-title elementor-size-default\">JVK\u00ae SALA Plate \u2013 Example SALA 1500<\/h3>\t\t\t\t<\/div>\n\t\t\t\t<\/div>\n\t\t\t\t<div class=\"elementor-element elementor-element-14f6d200 elementor-widget elementor-widget-text-editor\" data-id=\"14f6d200\" data-element_type=\"widget\" data-e-type=\"widget\" data-widget_type=\"text-editor.default\">\n\t\t\t\t<div class=\"elementor-widget-container\">\n\t\t\t\t\t\t\t\t\t<p><strong>Compatible. Robust. Mining-proven.  <\/strong><\/p><p>The JVK\u00ae SALA plate is the perfectly matched solution for filter presses of the (former) SALA\/Metso series. Taking <strong>SALA 1500<\/strong> as an example, JVK\u00ae manufactures chamber, membrane chamber (MRP), and membrane combination plates (MCP) that are mechanically and hydraulically compatible with the system \u2013 including suspensions, drilling patterns, and sealing concepts. <\/p><h3><br>Benefits at a Glance<\/h3><ul><li><strong>Plug &amp; Play Compatibility:<\/strong> Direct replacement in existing SALA presses without modifications.<\/li><li><strong>Long Service Life:<\/strong> Flow-optimized channels and abrasion-resistant materials for abrasive mining media.<\/li><li><strong>Increased Process Reliability:<\/strong> Optional post-pressing (MRP\/MCP), efficient cake washing, thermal drying\/temperature control.<\/li><li><strong>Consistent Quality:<\/strong> Dimensionally accurate manufacturing, reproducible cake thickness, secure sealing.<\/li><\/ul><h3><br>Technical Specifications (SALA 1500 \u2013 Exemplary)<\/h3><ul><li><strong>Plate Size:<\/strong> 1500 mm<\/li><li><strong>Plate Types:<\/strong> Chamber, MRP, MCP<\/li><li><strong>Materials:<\/strong> PP or PVDF; membrane e.g., TPE\/EPDM\/NBR<\/li><li><strong>Operating Pressure:<\/strong> depending on type\/material; dewatering possible with MRP\/MCP<\/li><li><strong>Options:<\/strong> Center\/Corner Inlet, Cake Washing, Thermal Drying\/Temperature Control<\/li><\/ul><p><br><strong>Applications:<\/strong> Concentrates, Tailings, Ore Processing, Residue Dewatering \u2013 wherever reliable operation of SALA presses is required.<\/p>\t\t\t\t\t\t\t\t<\/div>\n\t\t\t\t<\/div>\n\t\t\t\t<\/div>\n\t\t<div class=\"elementor-element elementor-element-9bbf533 e-con-full animated-slow e-flex elementor-invisible e-con e-child\" data-id=\"9bbf533\" data-element_type=\"container\" data-e-type=\"container\" data-settings=\"{&quot;background_background&quot;:&quot;classic&quot;,&quot;animation_widescreen&quot;:&quot;fadeInRight&quot;,&quot;animation&quot;:&quot;fadeInRight&quot;}\">\n\t\t\t\t<div class=\"elementor-element elementor-element-5d412f6 elementor-widget elementor-widget-image\" data-id=\"5d412f6\" data-element_type=\"widget\" data-e-type=\"widget\" data-settings=\"{&quot;_animation_widescreen&quot;:&quot;fadeInRight&quot;}\" data-widget_type=\"image.default\">\n\t\t\t\t<div class=\"elementor-widget-container\">\n\t\t\t\t\t\t\t\t\t\t\t\t\t\t\t<img decoding=\"async\" width=\"600\" height=\"1050\" src=\"https:\/\/jvk.de\/wp-content\/uploads\/2025\/10\/mining_sala_jvk-1.jpg\" class=\"attachment-full size-full wp-image-8183\" alt=\"Die Mining-Platte SALA ist eine robuste Filterplattenl\u00f6sung f\u00fcr den Einsatz im Bergbau, der chemischen Industrie und der Metallverarbeitung. Sie verf\u00fcgt \u00fcber eine auswechselbare Membrane sowie einen austauschbaren Filtratauslauf f\u00fcr maximale Wartungsfreundlichkeit und Prozesssicherheit.\" srcset=\"https:\/\/jvk.de\/wp-content\/uploads\/2025\/10\/mining_sala_jvk-1.jpg 600w, https:\/\/jvk.de\/wp-content\/uploads\/2025\/10\/mining_sala_jvk-1-171x300.jpg 171w, https:\/\/jvk.de\/wp-content\/uploads\/2025\/10\/mining_sala_jvk-1-585x1024.jpg 585w\" sizes=\"(max-width: 600px) 100vw, 600px\" \/>\t\t\t\t\t\t\t\t\t\t\t\t\t\t\t<\/div>\n\t\t\t\t<\/div>\n\t\t\t\t<\/div>\n\t\t\t\t\t<\/div>\n\t\t\t\t<\/div>\n\t\t\t\t<\/div>\n\t\t","protected":false},"excerpt":{"rendered":"<p>Special Sala Mining panels for mining, chemistry and metallurgy<\/p>\n","protected":false},"author":1,"featured_media":10498,"parent":9186,"menu_order":0,"comment_status":"closed","ping_status":"closed","template":"","meta":{"_acf_changed":false,"footnotes":""},"categories":[45,40],"tags":[],"class_list":["post-9173","page","type-page","status-publish","has-post-thumbnail","hentry","category-membrane-plates","category-products"],"acf":[],"yoast_head":"<!-- This site is optimized with the Yoast SEO Premium plugin v27.1 (Yoast SEO v27.1.1) - https:\/\/yoast.com\/product\/yoast-seo-premium-wordpress\/ -->\n<title>Sala mining plate for industrial use | JVK Filtration Systems<\/title>\n<meta name=\"description\" content=\"Discover the Sala mining plate 1500\u00d71500 mm for industrial applications like mining, chemical industry, metal processing etc. - request now.\" \/>\n<meta name=\"robots\" content=\"index, follow, max-snippet:-1, max-image-preview:large, max-video-preview:-1\" \/>\n<link rel=\"canonical\" href=\"https:\/\/jvk.de\/en\/products\/sala-mining-plate\/\" \/>\n<meta property=\"og:locale\" content=\"en_US\" \/>\n<meta property=\"og:type\" content=\"article\" \/>\n<meta property=\"og:title\" content=\"Sala Mining Plate\" \/>\n<meta property=\"og:description\" content=\"Discover the Sala mining plate 1500\u00d71500 mm for industrial applications like mining, chemical industry, metal processing etc. - request now.\" \/>\n<meta property=\"og:url\" content=\"https:\/\/jvk.de\/en\/products\/sala-mining-plate\/\" \/>\n<meta property=\"og:site_name\" content=\"JVK Filtration Systems\" \/>\n<meta property=\"article:modified_time\" content=\"2026-01-26T09:09:38+00:00\" \/>\n<meta property=\"og:image\" content=\"https:\/\/jvk.de\/wp-content\/uploads\/2025\/12\/Mining-Platte-Sala.png\" \/>\n\t<meta property=\"og:image:width\" content=\"800\" \/>\n\t<meta property=\"og:image:height\" content=\"800\" \/>\n\t<meta property=\"og:image:type\" content=\"image\/png\" \/>\n<meta name=\"twitter:card\" content=\"summary_large_image\" \/>\n<meta name=\"twitter:label1\" content=\"Est. reading time\" \/>\n\t<meta name=\"twitter:data1\" content=\"2 minutes\" \/>\n<script type=\"application\/ld+json\" class=\"yoast-schema-graph\">{\"@context\":\"https:\/\/schema.org\",\"@graph\":[{\"@type\":\"WebPage\",\"@id\":\"https:\/\/jvk.de\/en\/products\/sala-mining-plate\/\",\"url\":\"https:\/\/jvk.de\/en\/products\/sala-mining-plate\/\",\"name\":\"Sala mining plate for industrial use | JVK Filtration Systems\",\"isPartOf\":{\"@id\":\"https:\/\/jvk.de\/en\/#website\"},\"primaryImageOfPage\":{\"@id\":\"https:\/\/jvk.de\/en\/products\/sala-mining-plate\/#primaryimage\"},\"image\":{\"@id\":\"https:\/\/jvk.de\/en\/products\/sala-mining-plate\/#primaryimage\"},\"thumbnailUrl\":\"https:\/\/jvk.de\/wp-content\/uploads\/2025\/12\/Mining-Platte-Sala.png\",\"datePublished\":\"2025-07-08T07:03:40+00:00\",\"dateModified\":\"2026-01-26T09:09:38+00:00\",\"description\":\"Discover the Sala mining plate 1500\u00d71500 mm for industrial applications like mining, chemical industry, metal processing etc. - request now.\",\"breadcrumb\":{\"@id\":\"https:\/\/jvk.de\/en\/products\/sala-mining-plate\/#breadcrumb\"},\"inLanguage\":\"en-US\",\"potentialAction\":[{\"@type\":\"ReadAction\",\"target\":[\"https:\/\/jvk.de\/en\/products\/sala-mining-plate\/\"]}]},{\"@type\":\"ImageObject\",\"inLanguage\":\"en-US\",\"@id\":\"https:\/\/jvk.de\/en\/products\/sala-mining-plate\/#primaryimage\",\"url\":\"https:\/\/jvk.de\/wp-content\/uploads\/2025\/12\/Mining-Platte-Sala.png\",\"contentUrl\":\"https:\/\/jvk.de\/wp-content\/uploads\/2025\/12\/Mining-Platte-Sala.png\",\"width\":800,\"height\":800,\"caption\":\"Mining plate Sala\"},{\"@type\":\"BreadcrumbList\",\"@id\":\"https:\/\/jvk.de\/en\/products\/sala-mining-plate\/#breadcrumb\",\"itemListElement\":[{\"@type\":\"ListItem\",\"position\":1,\"name\":\"Startseite\",\"item\":\"https:\/\/jvk.de\/en\/jvk-filtration-systems-2\/\"},{\"@type\":\"ListItem\",\"position\":2,\"name\":\"Products\",\"item\":\"https:\/\/jvk.de\/en\/products\/\"},{\"@type\":\"ListItem\",\"position\":3,\"name\":\"Sala Mining Plate\"}]},{\"@type\":\"WebSite\",\"@id\":\"https:\/\/jvk.de\/en\/#website\",\"url\":\"https:\/\/jvk.de\/en\/\",\"name\":\"JVK Filtration Systems GmbH\",\"description\":\"\",\"publisher\":{\"@id\":\"https:\/\/jvk.de\/en\/#organization\"},\"potentialAction\":[{\"@type\":\"SearchAction\",\"target\":{\"@type\":\"EntryPoint\",\"urlTemplate\":\"https:\/\/jvk.de\/en\/?s={search_term_string}\"},\"query-input\":{\"@type\":\"PropertyValueSpecification\",\"valueRequired\":true,\"valueName\":\"search_term_string\"}}],\"inLanguage\":\"en-US\"},{\"@type\":\"Organization\",\"@id\":\"https:\/\/jvk.de\/en\/#organization\",\"name\":\"JVK Filtration Systems\",\"url\":\"https:\/\/jvk.de\/en\/\",\"logo\":{\"@type\":\"ImageObject\",\"inLanguage\":\"en-US\",\"@id\":\"https:\/\/jvk.de\/en\/#\/schema\/logo\/image\/\",\"url\":\"https:\/\/jvk.de\/wp-content\/uploads\/2025\/02\/logo-jvk.svg\",\"contentUrl\":\"https:\/\/jvk.de\/wp-content\/uploads\/2025\/02\/logo-jvk.svg\",\"width\":100,\"height\":100,\"caption\":\"JVK Filtration Systems\"},\"image\":{\"@id\":\"https:\/\/jvk.de\/en\/#\/schema\/logo\/image\/\"}}]}<\/script>\n<!-- \/ Yoast SEO Premium plugin. -->","yoast_head_json":{"title":"Sala mining plate for industrial use | JVK Filtration Systems","description":"Discover the Sala mining plate 1500\u00d71500 mm for industrial applications like mining, chemical industry, metal processing etc. - request now.","robots":{"index":"index","follow":"follow","max-snippet":"max-snippet:-1","max-image-preview":"max-image-preview:large","max-video-preview":"max-video-preview:-1"},"canonical":"https:\/\/jvk.de\/en\/products\/sala-mining-plate\/","og_locale":"en_US","og_type":"article","og_title":"Sala Mining Plate","og_description":"Discover the Sala mining plate 1500\u00d71500 mm for industrial applications like mining, chemical industry, metal processing etc. - request now.","og_url":"https:\/\/jvk.de\/en\/products\/sala-mining-plate\/","og_site_name":"JVK Filtration Systems","article_modified_time":"2026-01-26T09:09:38+00:00","og_image":[{"width":800,"height":800,"url":"https:\/\/jvk.de\/wp-content\/uploads\/2025\/12\/Mining-Platte-Sala.png","type":"image\/png"}],"twitter_card":"summary_large_image","twitter_misc":{"Est. reading time":"2 minutes"},"schema":{"@context":"https:\/\/schema.org","@graph":[{"@type":"WebPage","@id":"https:\/\/jvk.de\/en\/products\/sala-mining-plate\/","url":"https:\/\/jvk.de\/en\/products\/sala-mining-plate\/","name":"Sala mining plate for industrial use | JVK Filtration Systems","isPartOf":{"@id":"https:\/\/jvk.de\/en\/#website"},"primaryImageOfPage":{"@id":"https:\/\/jvk.de\/en\/products\/sala-mining-plate\/#primaryimage"},"image":{"@id":"https:\/\/jvk.de\/en\/products\/sala-mining-plate\/#primaryimage"},"thumbnailUrl":"https:\/\/jvk.de\/wp-content\/uploads\/2025\/12\/Mining-Platte-Sala.png","datePublished":"2025-07-08T07:03:40+00:00","dateModified":"2026-01-26T09:09:38+00:00","description":"Discover the Sala mining plate 1500\u00d71500 mm for industrial applications like mining, chemical industry, metal processing etc. - request now.","breadcrumb":{"@id":"https:\/\/jvk.de\/en\/products\/sala-mining-plate\/#breadcrumb"},"inLanguage":"en-US","potentialAction":[{"@type":"ReadAction","target":["https:\/\/jvk.de\/en\/products\/sala-mining-plate\/"]}]},{"@type":"ImageObject","inLanguage":"en-US","@id":"https:\/\/jvk.de\/en\/products\/sala-mining-plate\/#primaryimage","url":"https:\/\/jvk.de\/wp-content\/uploads\/2025\/12\/Mining-Platte-Sala.png","contentUrl":"https:\/\/jvk.de\/wp-content\/uploads\/2025\/12\/Mining-Platte-Sala.png","width":800,"height":800,"caption":"Mining plate Sala"},{"@type":"BreadcrumbList","@id":"https:\/\/jvk.de\/en\/products\/sala-mining-plate\/#breadcrumb","itemListElement":[{"@type":"ListItem","position":1,"name":"Startseite","item":"https:\/\/jvk.de\/en\/jvk-filtration-systems-2\/"},{"@type":"ListItem","position":2,"name":"Products","item":"https:\/\/jvk.de\/en\/products\/"},{"@type":"ListItem","position":3,"name":"Sala Mining Plate"}]},{"@type":"WebSite","@id":"https:\/\/jvk.de\/en\/#website","url":"https:\/\/jvk.de\/en\/","name":"JVK Filtration Systems GmbH","description":"","publisher":{"@id":"https:\/\/jvk.de\/en\/#organization"},"potentialAction":[{"@type":"SearchAction","target":{"@type":"EntryPoint","urlTemplate":"https:\/\/jvk.de\/en\/?s={search_term_string}"},"query-input":{"@type":"PropertyValueSpecification","valueRequired":true,"valueName":"search_term_string"}}],"inLanguage":"en-US"},{"@type":"Organization","@id":"https:\/\/jvk.de\/en\/#organization","name":"JVK Filtration Systems","url":"https:\/\/jvk.de\/en\/","logo":{"@type":"ImageObject","inLanguage":"en-US","@id":"https:\/\/jvk.de\/en\/#\/schema\/logo\/image\/","url":"https:\/\/jvk.de\/wp-content\/uploads\/2025\/02\/logo-jvk.svg","contentUrl":"https:\/\/jvk.de\/wp-content\/uploads\/2025\/02\/logo-jvk.svg","width":100,"height":100,"caption":"JVK Filtration Systems"},"image":{"@id":"https:\/\/jvk.de\/en\/#\/schema\/logo\/image\/"}}]}},"_links":{"self":[{"href":"https:\/\/jvk.de\/en\/wp-json\/wp\/v2\/pages\/9173","targetHints":{"allow":["GET"]}}],"collection":[{"href":"https:\/\/jvk.de\/en\/wp-json\/wp\/v2\/pages"}],"about":[{"href":"https:\/\/jvk.de\/en\/wp-json\/wp\/v2\/types\/page"}],"author":[{"embeddable":true,"href":"https:\/\/jvk.de\/en\/wp-json\/wp\/v2\/users\/1"}],"replies":[{"embeddable":true,"href":"https:\/\/jvk.de\/en\/wp-json\/wp\/v2\/comments?post=9173"}],"version-history":[{"count":7,"href":"https:\/\/jvk.de\/en\/wp-json\/wp\/v2\/pages\/9173\/revisions"}],"predecessor-version":[{"id":11555,"href":"https:\/\/jvk.de\/en\/wp-json\/wp\/v2\/pages\/9173\/revisions\/11555"}],"up":[{"embeddable":true,"href":"https:\/\/jvk.de\/en\/wp-json\/wp\/v2\/pages\/9186"}],"wp:featuredmedia":[{"embeddable":true,"href":"https:\/\/jvk.de\/en\/wp-json\/wp\/v2\/media\/10498"}],"wp:attachment":[{"href":"https:\/\/jvk.de\/en\/wp-json\/wp\/v2\/media?parent=9173"}],"wp:term":[{"taxonomy":"category","embeddable":true,"href":"https:\/\/jvk.de\/en\/wp-json\/wp\/v2\/categories?post=9173"},{"taxonomy":"post_tag","embeddable":true,"href":"https:\/\/jvk.de\/en\/wp-json\/wp\/v2\/tags?post=9173"}],"curies":[{"name":"wp","href":"https:\/\/api.w.org\/{rel}","templated":true}]}}