{"id":8851,"date":"2025-07-08T10:04:18","date_gmt":"2025-07-08T10:04:18","guid":{"rendered":"https:\/\/jvk.novo-peak.it\/leak-indicator\/"},"modified":"2026-01-19T13:07:53","modified_gmt":"2026-01-19T13:07:53","slug":"leak-indicator","status":"publish","type":"page","link":"https:\/\/jvk.de\/en\/products\/leak-indicator\/","title":{"rendered":"Repressing indicator"},"content":{"rendered":"\t\t<div data-elementor-type=\"wp-page\" data-elementor-id=\"8851\" class=\"elementor elementor-8851 elementor-2374\" data-elementor-post-type=\"page\">\n\t\t\t\t<div class=\"elementor-element elementor-element-34579274 e-con-full e-flex e-con e-parent\" data-id=\"34579274\" data-element_type=\"container\" data-e-type=\"container\" data-settings=\"{&quot;background_background&quot;:&quot;classic&quot;}\">\n\t\t\t\t<div class=\"elementor-element elementor-element-5f91b8d7 elementor-widget__width-inherit elementor--h-position-center elementor--v-position-middle elementor-widget elementor-widget-slides\" data-id=\"5f91b8d7\" data-element_type=\"widget\" data-e-type=\"widget\" data-settings=\"{&quot;navigation&quot;:&quot;none&quot;,&quot;autoplay&quot;:&quot;yes&quot;,&quot;pause_on_hover&quot;:&quot;yes&quot;,&quot;pause_on_interaction&quot;:&quot;yes&quot;,&quot;autoplay_speed&quot;:5000,&quot;infinite&quot;:&quot;yes&quot;,&quot;transition&quot;:&quot;slide&quot;,&quot;transition_speed&quot;:500}\" data-widget_type=\"slides.default\">\n\t\t\t\t<div class=\"elementor-widget-container\">\n\t\t\t\t\t\t\t\t\t<div class=\"elementor-swiper\">\n\t\t\t\t\t<div class=\"elementor-slides-wrapper elementor-main-swiper swiper\" role=\"region\" aria-roledescription=\"carousel\" aria-label=\"Slides\" dir=\"ltr\" data-animation=\"fadeInUp\">\n\t\t\t\t<div class=\"swiper-wrapper elementor-slides\">\n\t\t\t\t\t\t\t\t\t\t<div class=\"elementor-repeater-item-ec279c4 swiper-slide\" role=\"group\" aria-roledescription=\"slide\"><div class=\"swiper-slide-bg elementor-ken-burns elementor-ken-burns--out\" role=\"img\" aria-label=\"Automatisierte Produktionsanlage mit Handhabungsrobotern und Maschinen zur Bearbeitung und Montage von Filterplatten in einer Industriehalle. Fertigungsumgebung f\u00fcr pr\u00e4zise Kunststoff- und Metallverarbeitung im Serienprozess.\"><\/div><div class=\"elementor-background-overlay\"><\/div><div class=\"swiper-slide-inner\" ><div class=\"swiper-slide-contents\"><div class=\"elementor-slide-heading\">Repressing indicator<\/div><\/div><\/div><\/div>\t\t\t\t<\/div>\n\t\t\t\t\t\t\t<\/div>\n\t\t\t\t<\/div>\n\t\t\t\t\t\t\t\t<\/div>\n\t\t\t\t<\/div>\n\t\t\t\t<\/div>\n\t\t<div class=\"elementor-element elementor-element-69b1eb0c e-flex e-con-boxed e-con e-parent\" data-id=\"69b1eb0c\" data-element_type=\"container\" data-e-type=\"container\" data-settings=\"{&quot;background_background&quot;:&quot;classic&quot;}\">\n\t\t\t\t\t<div class=\"e-con-inner\">\n\t\t<div class=\"elementor-element elementor-element-2395d08f e-con-full e-flex elementor-invisible e-con e-child\" data-id=\"2395d08f\" data-element_type=\"container\" data-e-type=\"container\" data-settings=\"{&quot;animation&quot;:&quot;fadeInLeft&quot;}\">\n\t\t\t\t<div class=\"elementor-element elementor-element-9de24a5 elementor-widget elementor-widget-image\" data-id=\"9de24a5\" data-element_type=\"widget\" data-e-type=\"widget\" data-widget_type=\"image.default\">\n\t\t\t\t<div class=\"elementor-widget-container\">\n\t\t\t\t\t\t\t\t\t\t\t\t\t\t\t<img fetchpriority=\"high\" decoding=\"async\" width=\"446\" height=\"437\" src=\"https:\/\/jvk.de\/wp-content\/uploads\/2025\/10\/page01_img04.png\" class=\"attachment-large size-large wp-image-8124\" alt=\"Filterplatten-Seitenansicht mit integrierter Sichtscheibe, schwarzer Membranoberfl\u00e4che und mechanischem Anschluss. Industriekomponente f\u00fcr Filterpressen mit kontrollierbarer Filtration und Medien\u00fcberwachung.\" srcset=\"https:\/\/jvk.de\/wp-content\/uploads\/2025\/10\/page01_img04.png 446w, https:\/\/jvk.de\/wp-content\/uploads\/2025\/10\/page01_img04-300x294.png 300w\" sizes=\"(max-width: 446px) 100vw, 446px\" \/>\t\t\t\t\t\t\t\t\t\t\t\t\t\t\t<\/div>\n\t\t\t\t<\/div>\n\t\t\t\t<\/div>\n\t\t<div class=\"elementor-element elementor-element-65065df4 e-con-full e-flex elementor-invisible e-con e-child\" data-id=\"65065df4\" data-element_type=\"container\" data-e-type=\"container\" data-settings=\"{&quot;animation&quot;:&quot;fadeInRight&quot;}\">\n\t\t\t\t<div class=\"elementor-element elementor-element-3a03cd02 elementor-widget elementor-widget-heading\" data-id=\"3a03cd02\" data-element_type=\"widget\" data-e-type=\"widget\" data-widget_type=\"heading.default\">\n\t\t\t\t<div class=\"elementor-widget-container\">\n\t\t\t\t\t<p class=\"elementor-heading-title elementor-size-default\">Repressing indicator<\/p>\t\t\t\t<\/div>\n\t\t\t\t<\/div>\n\t\t\t\t<div class=\"elementor-element elementor-element-161c5c08 elementor-widget elementor-widget-text-editor\" data-id=\"161c5c08\" data-element_type=\"widget\" data-e-type=\"widget\" data-widget_type=\"text-editor.default\">\n\t\t\t\t<div class=\"elementor-widget-container\">\n\t\t\t\t\t\t\t\t\t<p><strong>Application:<\/strong><\/p><ul><li>Indication of the completion of the dewatering process<\/li><li>Localization and detection of defective membranes and leaks<\/li><li>Gas (e.g., air) or liquid (e.g., water, oil) as dewatering media<\/li><\/ul>\t\t\t\t\t\t\t\t<\/div>\n\t\t\t\t<\/div>\n\t\t<div class=\"elementor-element elementor-element-7bd02c1 e-con-full e-flex e-con e-child\" data-id=\"7bd02c1\" data-element_type=\"container\" data-e-type=\"container\">\n\t\t\t\t<div class=\"elementor-element elementor-element-4808e6d elementor-align-center elementor-widget elementor-widget-button\" data-id=\"4808e6d\" data-element_type=\"widget\" data-e-type=\"widget\" data-widget_type=\"button.default\">\n\t\t\t\t<div class=\"elementor-widget-container\">\n\t\t\t\t\t\t\t\t\t<div class=\"elementor-button-wrapper\">\n\t\t\t\t\t<a class=\"elementor-button elementor-button-link elementor-size-sm\" href=\"mailto:sales@jvk.de\" target=\"_blank\">\n\t\t\t\t\t\t<span class=\"elementor-button-content-wrapper\">\n\t\t\t\t\t\t\t\t\t<span class=\"elementor-button-text\">Request product<\/span>\n\t\t\t\t\t<\/span>\n\t\t\t\t\t<\/a>\n\t\t\t\t<\/div>\n\t\t\t\t\t\t\t\t<\/div>\n\t\t\t\t<\/div>\n\t\t\t\t<div class=\"elementor-element elementor-element-694d0cb elementor-align-center elementor-widget elementor-widget-button\" data-id=\"694d0cb\" data-element_type=\"widget\" data-e-type=\"widget\" data-widget_type=\"button.default\">\n\t\t\t\t<div class=\"elementor-widget-container\">\n\t\t\t\t\t\t\t\t\t<div class=\"elementor-button-wrapper\">\n\t\t\t\t\t<a class=\"elementor-button elementor-button-link elementor-size-sm\" href=\"https:\/\/calendly.com\/jvk-filtration-systems\/neues-meeting\" target=\"_blank\">\n\t\t\t\t\t\t<span class=\"elementor-button-content-wrapper\">\n\t\t\t\t\t\t\t\t\t<span class=\"elementor-button-text\">Request consultation now<\/span>\n\t\t\t\t\t<\/span>\n\t\t\t\t\t<\/a>\n\t\t\t\t<\/div>\n\t\t\t\t\t\t\t\t<\/div>\n\t\t\t\t<\/div>\n\t\t\t\t<\/div>\n\t\t\t\t<\/div>\n\t\t\t\t\t<\/div>\n\t\t\t\t<\/div>\n\t\t<div class=\"elementor-element elementor-element-2c324bda e-flex e-con-boxed e-con e-parent\" data-id=\"2c324bda\" data-element_type=\"container\" data-e-type=\"container\" data-settings=\"{&quot;background_background&quot;:&quot;classic&quot;}\">\n\t\t\t\t\t<div class=\"e-con-inner\">\n\t\t<div class=\"elementor-element elementor-element-7fecd5f8 e-con-full e-flex elementor-invisible e-con e-child\" data-id=\"7fecd5f8\" data-element_type=\"container\" data-e-type=\"container\" data-settings=\"{&quot;animation&quot;:&quot;fadeInLeft&quot;}\">\n\t\t\t\t<div class=\"elementor-element elementor-element-58b4fc26 elementor-widget elementor-widget-heading\" data-id=\"58b4fc26\" data-element_type=\"widget\" data-e-type=\"widget\" data-widget_type=\"heading.default\">\n\t\t\t\t<div class=\"elementor-widget-container\">\n\t\t\t\t\t<p class=\"elementor-heading-title elementor-size-default\"><sup>JVK\u00ae<\/sup> Repressing indicator<\/p>\t\t\t\t<\/div>\n\t\t\t\t<\/div>\n\t\t\t\t<div class=\"elementor-element elementor-element-5c9882ac elementor-widget elementor-widget-text-editor\" data-id=\"5c9882ac\" data-element_type=\"widget\" data-e-type=\"widget\" data-widget_type=\"text-editor.default\">\n\t\t\t\t<div class=\"elementor-widget-container\">\n\t\t\t\t\t\t\t\t\t<h3>Features and Benefits<\/h3>\n<ul>\n \t<li>Indicates the end of cake compression, thereby minimizing dewatering and cycle times.<\/li>\n \t<li>Optimizes press capacity, especially with changing products.<\/li>\n \t<li>Reliably and promptly detects membrane leaks.<\/li>\n \t<li>Warns of potential plate deformations and resulting production disruptions.<\/li>\n \t<li>Can also be retrofitted to existing membrane packs.<\/li>\n<\/ul>\n<h3>Function<\/h3>\n<ul>\n \t<li>The indicator, operating on the float principle, remains in a resting position as long as no dewatering medium flows.<\/li>\n \t<li>As long as the filter cake is compressible, the indicator remains in a floating state and visualizes the incomplete dewatering.<\/li>\n \t<li>At maximum deflection, the entire flow cross-section is cleared.<\/li>\n \t<li>In the event of a leak in a membrane plate, the indicator for this plate behaves contrary to the indications of the others, thus enabling the precise localization of a dewatering media loss.<\/li>\n<\/ul>\n<h3>Application<\/h3>\n<ul>\n \t<li>Indication of the end of the dewatering process<\/li>\n \t<li>Localization and detection of defects and leaks<\/li>\n \t<li>Suitable for gaseous (e.g., air) or liquid dewatering media (e.g., water, oil)<\/li>\n<\/ul>\n<h3><sup>JVK\u00ae<\/sup> Repress indicator for membrane chamber plates<\/h3>\nThe <sup>JVK\u00ae<\/sup> membrane chamber plate<\/strong>  with integrated squeeze-out indicator is successfully in use worldwide.\t\t\t\t\t\t\t\t<\/div>\n\t\t\t\t<\/div>\n\t\t\t\t<\/div>\n\t\t<div class=\"elementor-element elementor-element-729c7ea9 animated-slow e-flex e-con-boxed elementor-invisible e-con e-child\" data-id=\"729c7ea9\" data-element_type=\"container\" data-e-type=\"container\" data-settings=\"{&quot;background_background&quot;:&quot;classic&quot;,&quot;animation&quot;:&quot;fadeInRight&quot;,&quot;animation_widescreen&quot;:&quot;fadeInRight&quot;}\">\n\t\t\t\t\t<div class=\"e-con-inner\">\n\t\t\t\t<div class=\"elementor-element elementor-element-adc5fe8 elementor-widget elementor-widget-image\" data-id=\"adc5fe8\" data-element_type=\"widget\" data-e-type=\"widget\" data-widget_type=\"image.default\">\n\t\t\t\t<div class=\"elementor-widget-container\">\n\t\t\t\t\t\t\t\t\t\t\t\t\t\t\t<img decoding=\"async\" width=\"1811\" height=\"2560\" src=\"https:\/\/jvk.de\/wp-content\/uploads\/2025\/10\/Squeeze-Indikator-1-scaled.jpg\" class=\"attachment-full size-full wp-image-8127\" alt=\"Sonderausf\u00fchrung Sichtscheibe mit Glasfenster und PP-Grundk\u00f6rper f\u00fcr aggressive Medien, ausgelegt f\u00fcr Auspressdr\u00fccke bis 40 bar bei 40 \u00b0C. Alternative Sichtscheibe mit Glasfenster und Aluminium-Grundk\u00f6rper f\u00fcr Auspressdr\u00fccke bis 40 bar bei Temperaturen bis 90 \u00b0C.\" srcset=\"https:\/\/jvk.de\/wp-content\/uploads\/2025\/10\/Squeeze-Indikator-1-scaled.jpg 1811w, https:\/\/jvk.de\/wp-content\/uploads\/2025\/10\/Squeeze-Indikator-1-212x300.jpg 212w, https:\/\/jvk.de\/wp-content\/uploads\/2025\/10\/Squeeze-Indikator-1-725x1024.jpg 725w, https:\/\/jvk.de\/wp-content\/uploads\/2025\/10\/Squeeze-Indikator-1-768x1085.jpg 768w, https:\/\/jvk.de\/wp-content\/uploads\/2025\/10\/Squeeze-Indikator-1-1087x1536.jpg 1087w, https:\/\/jvk.de\/wp-content\/uploads\/2025\/10\/Squeeze-Indikator-1-1449x2048.jpg 1449w\" sizes=\"(max-width: 1811px) 100vw, 1811px\" \/>\t\t\t\t\t\t\t\t\t\t\t\t\t\t\t<\/div>\n\t\t\t\t<\/div>\n\t\t\t\t\t<\/div>\n\t\t\t\t<\/div>\n\t\t\t\t\t<\/div>\n\t\t\t\t<\/div>\n\t\t\t\t<\/div>\n\t\t","protected":false},"excerpt":{"rendered":"<p>Quick and reliable detection of membrane cracks with our indicators<\/p>\n","protected":false},"author":1,"featured_media":10496,"parent":9186,"menu_order":0,"comment_status":"closed","ping_status":"closed","template":"","meta":{"_acf_changed":false,"footnotes":""},"categories":[53,56,40],"tags":[],"class_list":["post-8851","page","type-page","status-publish","has-post-thumbnail","hentry","category-accessories","category-bestseller","category-products"],"acf":[],"yoast_head":"<!-- This site is optimized with the Yoast SEO Premium plugin v27.1 (Yoast SEO v27.1.1) - https:\/\/yoast.com\/product\/yoast-seo-premium-wordpress\/ -->\n<title>Repressing Indicator: Enhancing Production Efficiency<\/title>\n<meta name=\"description\" content=\"Learn how the JVK Repressing Indicator reliably detects membrane leaks and optimizes production processes.\" \/>\n<meta name=\"robots\" content=\"index, follow, max-snippet:-1, max-image-preview:large, max-video-preview:-1\" \/>\n<link rel=\"canonical\" href=\"https:\/\/jvk.de\/en\/products\/leak-indicator\/\" \/>\n<meta property=\"og:locale\" content=\"en_US\" \/>\n<meta property=\"og:type\" content=\"article\" \/>\n<meta property=\"og:title\" content=\"Repressing indicator\" \/>\n<meta property=\"og:description\" content=\"Learn how the JVK Repressing Indicator reliably detects membrane leaks and optimizes production processes.\" \/>\n<meta property=\"og:url\" content=\"https:\/\/jvk.de\/en\/products\/leak-indicator\/\" \/>\n<meta property=\"og:site_name\" content=\"JVK Filtration Systems\" \/>\n<meta property=\"article:modified_time\" content=\"2026-01-19T13:07:53+00:00\" \/>\n<meta property=\"og:image\" content=\"https:\/\/jvk.de\/wp-content\/uploads\/2025\/12\/Nachpressindikator_rechteckig.png\" \/>\n\t<meta property=\"og:image:width\" content=\"800\" \/>\n\t<meta property=\"og:image:height\" content=\"800\" \/>\n\t<meta property=\"og:image:type\" content=\"image\/png\" \/>\n<meta name=\"twitter:card\" content=\"summary_large_image\" \/>\n<meta name=\"twitter:label1\" content=\"Est. reading time\" \/>\n\t<meta name=\"twitter:data1\" content=\"2 minutes\" \/>\n<script type=\"application\/ld+json\" class=\"yoast-schema-graph\">{\"@context\":\"https:\/\/schema.org\",\"@graph\":[{\"@type\":\"WebPage\",\"@id\":\"https:\/\/jvk.de\/en\/products\/leak-indicator\/\",\"url\":\"https:\/\/jvk.de\/en\/products\/leak-indicator\/\",\"name\":\"Repressing Indicator: Enhancing Production Efficiency\",\"isPartOf\":{\"@id\":\"https:\/\/jvk.de\/en\/#website\"},\"primaryImageOfPage\":{\"@id\":\"https:\/\/jvk.de\/en\/products\/leak-indicator\/#primaryimage\"},\"image\":{\"@id\":\"https:\/\/jvk.de\/en\/products\/leak-indicator\/#primaryimage\"},\"thumbnailUrl\":\"https:\/\/jvk.de\/wp-content\/uploads\/2025\/12\/Nachpressindikator_rechteckig.png\",\"datePublished\":\"2025-07-08T10:04:18+00:00\",\"dateModified\":\"2026-01-19T13:07:53+00:00\",\"description\":\"Learn how the JVK Repressing Indicator reliably detects membrane leaks and optimizes production processes.\",\"breadcrumb\":{\"@id\":\"https:\/\/jvk.de\/en\/products\/leak-indicator\/#breadcrumb\"},\"inLanguage\":\"en-US\",\"potentialAction\":[{\"@type\":\"ReadAction\",\"target\":[\"https:\/\/jvk.de\/en\/products\/leak-indicator\/\"]}]},{\"@type\":\"ImageObject\",\"inLanguage\":\"en-US\",\"@id\":\"https:\/\/jvk.de\/en\/products\/leak-indicator\/#primaryimage\",\"url\":\"https:\/\/jvk.de\/wp-content\/uploads\/2025\/12\/Nachpressindikator_rechteckig.png\",\"contentUrl\":\"https:\/\/jvk.de\/wp-content\/uploads\/2025\/12\/Nachpressindikator_rechteckig.png\",\"width\":800,\"height\":800,\"caption\":\"Repress indicator_rectangular\"},{\"@type\":\"BreadcrumbList\",\"@id\":\"https:\/\/jvk.de\/en\/products\/leak-indicator\/#breadcrumb\",\"itemListElement\":[{\"@type\":\"ListItem\",\"position\":1,\"name\":\"Startseite\",\"item\":\"https:\/\/jvk.de\/en\/jvk-filtration-systems-2\/\"},{\"@type\":\"ListItem\",\"position\":2,\"name\":\"Products\",\"item\":\"https:\/\/jvk.de\/en\/products\/\"},{\"@type\":\"ListItem\",\"position\":3,\"name\":\"Repressing indicator\"}]},{\"@type\":\"WebSite\",\"@id\":\"https:\/\/jvk.de\/en\/#website\",\"url\":\"https:\/\/jvk.de\/en\/\",\"name\":\"JVK Filtration Systems GmbH\",\"description\":\"\",\"publisher\":{\"@id\":\"https:\/\/jvk.de\/en\/#organization\"},\"potentialAction\":[{\"@type\":\"SearchAction\",\"target\":{\"@type\":\"EntryPoint\",\"urlTemplate\":\"https:\/\/jvk.de\/en\/?s={search_term_string}\"},\"query-input\":{\"@type\":\"PropertyValueSpecification\",\"valueRequired\":true,\"valueName\":\"search_term_string\"}}],\"inLanguage\":\"en-US\"},{\"@type\":\"Organization\",\"@id\":\"https:\/\/jvk.de\/en\/#organization\",\"name\":\"JVK Filtration Systems\",\"url\":\"https:\/\/jvk.de\/en\/\",\"logo\":{\"@type\":\"ImageObject\",\"inLanguage\":\"en-US\",\"@id\":\"https:\/\/jvk.de\/en\/#\/schema\/logo\/image\/\",\"url\":\"https:\/\/jvk.de\/wp-content\/uploads\/2025\/02\/logo-jvk.svg\",\"contentUrl\":\"https:\/\/jvk.de\/wp-content\/uploads\/2025\/02\/logo-jvk.svg\",\"width\":100,\"height\":100,\"caption\":\"JVK Filtration Systems\"},\"image\":{\"@id\":\"https:\/\/jvk.de\/en\/#\/schema\/logo\/image\/\"}}]}<\/script>\n<!-- \/ Yoast SEO Premium plugin. -->","yoast_head_json":{"title":"Repressing Indicator: Enhancing Production Efficiency","description":"Learn how the JVK Repressing Indicator reliably detects membrane leaks and optimizes production processes.","robots":{"index":"index","follow":"follow","max-snippet":"max-snippet:-1","max-image-preview":"max-image-preview:large","max-video-preview":"max-video-preview:-1"},"canonical":"https:\/\/jvk.de\/en\/products\/leak-indicator\/","og_locale":"en_US","og_type":"article","og_title":"Repressing indicator","og_description":"Learn how the JVK Repressing Indicator reliably detects membrane leaks and optimizes production processes.","og_url":"https:\/\/jvk.de\/en\/products\/leak-indicator\/","og_site_name":"JVK Filtration Systems","article_modified_time":"2026-01-19T13:07:53+00:00","og_image":[{"width":800,"height":800,"url":"https:\/\/jvk.de\/wp-content\/uploads\/2025\/12\/Nachpressindikator_rechteckig.png","type":"image\/png"}],"twitter_card":"summary_large_image","twitter_misc":{"Est. reading time":"2 minutes"},"schema":{"@context":"https:\/\/schema.org","@graph":[{"@type":"WebPage","@id":"https:\/\/jvk.de\/en\/products\/leak-indicator\/","url":"https:\/\/jvk.de\/en\/products\/leak-indicator\/","name":"Repressing Indicator: Enhancing Production Efficiency","isPartOf":{"@id":"https:\/\/jvk.de\/en\/#website"},"primaryImageOfPage":{"@id":"https:\/\/jvk.de\/en\/products\/leak-indicator\/#primaryimage"},"image":{"@id":"https:\/\/jvk.de\/en\/products\/leak-indicator\/#primaryimage"},"thumbnailUrl":"https:\/\/jvk.de\/wp-content\/uploads\/2025\/12\/Nachpressindikator_rechteckig.png","datePublished":"2025-07-08T10:04:18+00:00","dateModified":"2026-01-19T13:07:53+00:00","description":"Learn how the JVK Repressing Indicator reliably detects membrane leaks and optimizes production processes.","breadcrumb":{"@id":"https:\/\/jvk.de\/en\/products\/leak-indicator\/#breadcrumb"},"inLanguage":"en-US","potentialAction":[{"@type":"ReadAction","target":["https:\/\/jvk.de\/en\/products\/leak-indicator\/"]}]},{"@type":"ImageObject","inLanguage":"en-US","@id":"https:\/\/jvk.de\/en\/products\/leak-indicator\/#primaryimage","url":"https:\/\/jvk.de\/wp-content\/uploads\/2025\/12\/Nachpressindikator_rechteckig.png","contentUrl":"https:\/\/jvk.de\/wp-content\/uploads\/2025\/12\/Nachpressindikator_rechteckig.png","width":800,"height":800,"caption":"Repress indicator_rectangular"},{"@type":"BreadcrumbList","@id":"https:\/\/jvk.de\/en\/products\/leak-indicator\/#breadcrumb","itemListElement":[{"@type":"ListItem","position":1,"name":"Startseite","item":"https:\/\/jvk.de\/en\/jvk-filtration-systems-2\/"},{"@type":"ListItem","position":2,"name":"Products","item":"https:\/\/jvk.de\/en\/products\/"},{"@type":"ListItem","position":3,"name":"Repressing indicator"}]},{"@type":"WebSite","@id":"https:\/\/jvk.de\/en\/#website","url":"https:\/\/jvk.de\/en\/","name":"JVK Filtration Systems GmbH","description":"","publisher":{"@id":"https:\/\/jvk.de\/en\/#organization"},"potentialAction":[{"@type":"SearchAction","target":{"@type":"EntryPoint","urlTemplate":"https:\/\/jvk.de\/en\/?s={search_term_string}"},"query-input":{"@type":"PropertyValueSpecification","valueRequired":true,"valueName":"search_term_string"}}],"inLanguage":"en-US"},{"@type":"Organization","@id":"https:\/\/jvk.de\/en\/#organization","name":"JVK Filtration Systems","url":"https:\/\/jvk.de\/en\/","logo":{"@type":"ImageObject","inLanguage":"en-US","@id":"https:\/\/jvk.de\/en\/#\/schema\/logo\/image\/","url":"https:\/\/jvk.de\/wp-content\/uploads\/2025\/02\/logo-jvk.svg","contentUrl":"https:\/\/jvk.de\/wp-content\/uploads\/2025\/02\/logo-jvk.svg","width":100,"height":100,"caption":"JVK Filtration Systems"},"image":{"@id":"https:\/\/jvk.de\/en\/#\/schema\/logo\/image\/"}}]}},"_links":{"self":[{"href":"https:\/\/jvk.de\/en\/wp-json\/wp\/v2\/pages\/8851","targetHints":{"allow":["GET"]}}],"collection":[{"href":"https:\/\/jvk.de\/en\/wp-json\/wp\/v2\/pages"}],"about":[{"href":"https:\/\/jvk.de\/en\/wp-json\/wp\/v2\/types\/page"}],"author":[{"embeddable":true,"href":"https:\/\/jvk.de\/en\/wp-json\/wp\/v2\/users\/1"}],"replies":[{"embeddable":true,"href":"https:\/\/jvk.de\/en\/wp-json\/wp\/v2\/comments?post=8851"}],"version-history":[{"count":4,"href":"https:\/\/jvk.de\/en\/wp-json\/wp\/v2\/pages\/8851\/revisions"}],"predecessor-version":[{"id":10719,"href":"https:\/\/jvk.de\/en\/wp-json\/wp\/v2\/pages\/8851\/revisions\/10719"}],"up":[{"embeddable":true,"href":"https:\/\/jvk.de\/en\/wp-json\/wp\/v2\/pages\/9186"}],"wp:featuredmedia":[{"embeddable":true,"href":"https:\/\/jvk.de\/en\/wp-json\/wp\/v2\/media\/10496"}],"wp:attachment":[{"href":"https:\/\/jvk.de\/en\/wp-json\/wp\/v2\/media?parent=8851"}],"wp:term":[{"taxonomy":"category","embeddable":true,"href":"https:\/\/jvk.de\/en\/wp-json\/wp\/v2\/categories?post=8851"},{"taxonomy":"post_tag","embeddable":true,"href":"https:\/\/jvk.de\/en\/wp-json\/wp\/v2\/tags?post=8851"}],"curies":[{"name":"wp","href":"https:\/\/api.w.org\/{rel}","templated":true}]}}