{"id":8673,"date":"2025-10-15T12:23:30","date_gmt":"2025-10-15T12:23:30","guid":{"rendered":"https:\/\/jvk.novo-peak.it\/jvk-news\/"},"modified":"2026-01-26T09:21:48","modified_gmt":"2026-01-26T09:21:48","slug":"jvk-news","status":"publish","type":"page","link":"https:\/\/jvk.de\/en\/jvk-news\/","title":{"rendered":"JVK News"},"content":{"rendered":"\t\t<div data-elementor-type=\"wp-page\" data-elementor-id=\"8673\" class=\"elementor elementor-8673 elementor-7239\" data-elementor-post-type=\"page\">\n\t\t\t\t<div class=\"elementor-element elementor-element-5cf8a2e3 e-con-full e-flex e-con e-parent\" data-id=\"5cf8a2e3\" data-element_type=\"container\" data-e-type=\"container\" data-settings=\"{&quot;background_background&quot;:&quot;classic&quot;}\">\n\t\t\t\t<div class=\"elementor-element elementor-element-1b1d7219 elementor-widget__width-inherit elementor--h-position-center elementor--v-position-middle elementor-widget elementor-widget-slides\" data-id=\"1b1d7219\" data-element_type=\"widget\" data-e-type=\"widget\" data-settings=\"{&quot;navigation&quot;:&quot;none&quot;,&quot;autoplay&quot;:&quot;yes&quot;,&quot;pause_on_hover&quot;:&quot;yes&quot;,&quot;pause_on_interaction&quot;:&quot;yes&quot;,&quot;autoplay_speed&quot;:5000,&quot;infinite&quot;:&quot;yes&quot;,&quot;transition&quot;:&quot;slide&quot;,&quot;transition_speed&quot;:500}\" data-widget_type=\"slides.default\">\n\t\t\t\t<div class=\"elementor-widget-container\">\n\t\t\t\t\t\t\t\t\t<div class=\"elementor-swiper\">\n\t\t\t\t\t<div class=\"elementor-slides-wrapper elementor-main-swiper swiper\" role=\"region\" aria-roledescription=\"carousel\" aria-label=\"Slides\" dir=\"ltr\" data-animation=\"fadeInUp\">\n\t\t\t\t<div class=\"swiper-wrapper elementor-slides\">\n\t\t\t\t\t\t\t\t\t\t<div class=\"elementor-repeater-item-ec279c4 swiper-slide\" role=\"group\" aria-roledescription=\"slide\"><div class=\"swiper-slide-bg elementor-ken-burns elementor-ken-burns--out\" role=\"img\" aria-label=\"DSC_8695\"><\/div><div class=\"elementor-background-overlay\"><\/div><div class=\"swiper-slide-inner\" ><div class=\"swiper-slide-contents\"><h1 class=\"elementor-slide-heading\">JVK News<\/h1><\/div><\/div><\/div>\t\t\t\t<\/div>\n\t\t\t\t\t\t\t<\/div>\n\t\t\t\t<\/div>\n\t\t\t\t\t\t\t\t<\/div>\n\t\t\t\t<\/div>\n\t\t\t\t<\/div>\n\t\t<div class=\"elementor-element elementor-element-4bc59feb e-flex e-con-boxed e-con e-parent\" data-id=\"4bc59feb\" data-element_type=\"container\" data-e-type=\"container\">\n\t\t\t\t\t<div class=\"e-con-inner\">\n\t\t\t\t<div class=\"elementor-element elementor-element-2867476c elementor-posts__hover-none elementor-grid-3 elementor-grid-tablet-2 elementor-grid-mobile-1 elementor-posts--thumbnail-top elementor-widget elementor-widget-posts\" data-id=\"2867476c\" data-element_type=\"widget\" data-e-type=\"widget\" data-settings=\"{&quot;cards_row_gap&quot;:{&quot;unit&quot;:&quot;px&quot;,&quot;size&quot;:74,&quot;sizes&quot;:[]},&quot;cards_row_gap_tablet&quot;:{&quot;unit&quot;:&quot;px&quot;,&quot;size&quot;:71,&quot;sizes&quot;:[]},&quot;cards_row_gap_mobile&quot;:{&quot;unit&quot;:&quot;px&quot;,&quot;size&quot;:30,&quot;sizes&quot;:[]},&quot;pagination_type&quot;:&quot;load_more_infinite_scroll&quot;,&quot;cards_columns&quot;:&quot;3&quot;,&quot;cards_columns_tablet&quot;:&quot;2&quot;,&quot;cards_columns_mobile&quot;:&quot;1&quot;,&quot;cards_row_gap_widescreen&quot;:{&quot;unit&quot;:&quot;px&quot;,&quot;size&quot;:&quot;&quot;,&quot;sizes&quot;:[]},&quot;cards_row_gap_laptop&quot;:{&quot;unit&quot;:&quot;px&quot;,&quot;size&quot;:&quot;&quot;,&quot;sizes&quot;:[]},&quot;cards_row_gap_tablet_extra&quot;:{&quot;unit&quot;:&quot;px&quot;,&quot;size&quot;:&quot;&quot;,&quot;sizes&quot;:[]},&quot;cards_row_gap_mobile_extra&quot;:{&quot;unit&quot;:&quot;px&quot;,&quot;size&quot;:&quot;&quot;,&quot;sizes&quot;:[]},&quot;load_more_spinner&quot;:{&quot;value&quot;:&quot;fas fa-spinner&quot;,&quot;library&quot;:&quot;fa-solid&quot;}}\" data-widget_type=\"posts.cards\">\n\t\t\t\t<div class=\"elementor-widget-container\">\n\t\t\t\t\t\t\t<div class=\"elementor-posts-container elementor-posts elementor-posts--skin-cards elementor-grid\" role=\"list\">\n\t\t\t\t<article class=\"elementor-post elementor-grid-item post-8368 post type-post status-publish format-standard has-post-thumbnail hentry category-exhibition\" role=\"listitem\">\n\t\t\t<div class=\"elementor-post__card\">\n\t\t\t\t<a class=\"elementor-post__thumbnail__link\" href=\"https:\/\/jvk.de\/en\/jvk-news\/xxxvi-mining-convention\/\" tabindex=\"-1\" ><div class=\"elementor-post__thumbnail\"><img fetchpriority=\"high\" decoding=\"async\" width=\"800\" height=\"537\" src=\"https:\/\/jvk.de\/wp-content\/uploads\/2025\/10\/3-1-1024x687.png\" class=\"attachment-large size-large wp-image-9763\" alt=\"Logo der \u201eXXXVI Convenci\u00f3n Internacional de Miner\u00eda Acapulco 2025\u201c mit starkem Bezug zur mexikanischen Bergbauindustrie. Klare Farbgebung und Symbolik unterstreichen den Leitgedanken \u201eLa Miner\u00eda Unida por M\u00e9xico\u201c.\" srcset=\"https:\/\/jvk.de\/wp-content\/uploads\/2025\/10\/3-1-1024x687.png 1024w, https:\/\/jvk.de\/wp-content\/uploads\/2025\/10\/3-1-300x201.png 300w, https:\/\/jvk.de\/wp-content\/uploads\/2025\/10\/3-1-768x515.png 768w, https:\/\/jvk.de\/wp-content\/uploads\/2025\/10\/3-1-1536x1030.png 1536w, https:\/\/jvk.de\/wp-content\/uploads\/2025\/10\/3-1.png 1737w\" sizes=\"(max-width: 800px) 100vw, 800px\" \/><\/div><\/a>\n\t\t\t\t<div class=\"elementor-post__badge\">Exhibition<\/div>\n\t\t\t\t<div class=\"elementor-post__text\">\n\t\t\t\t<h2 class=\"elementor-post__title\">\n\t\t\t<a href=\"https:\/\/jvk.de\/en\/jvk-news\/xxxvi-mining-convention\/\" >\n\t\t\t\tXXXVI Mining Convention\t\t\t<\/a>\n\t\t<\/h2>\n\t\t\t\t<div class=\"elementor-post__excerpt\">\n\t\t\t<p>Visit us at our booth. We look forward to your interest. <\/p>\n\t\t<\/div>\n\t\t\n\t\t<a class=\"elementor-post__read-more\" href=\"https:\/\/jvk.de\/en\/jvk-news\/xxxvi-mining-convention\/\" aria-label=\"Read more about XXXVI Mining Convention\" tabindex=\"-1\" >\n\t\t\tRead more\t\t<\/a>\n\n\t\t\t\t<\/div>\n\t\t\t\t\t<\/div>\n\t\t<\/article>\n\t\t\t\t<article class=\"elementor-post elementor-grid-item post-8225 post type-post status-publish format-standard has-post-thumbnail hentry category-exhibition\" role=\"listitem\">\n\t\t\t<div class=\"elementor-post__card\">\n\t\t\t\t<a class=\"elementor-post__thumbnail__link\" href=\"https:\/\/jvk.de\/en\/jvk-news\/the-mining-show\/\" tabindex=\"-1\" ><div class=\"elementor-post__thumbnail\"><img decoding=\"async\" width=\"800\" height=\"600\" src=\"https:\/\/jvk.de\/wp-content\/uploads\/2025\/10\/Dubai_2025-1024x768.jpg\" class=\"attachment-large size-large wp-image-11343\" alt=\"Three visitors and employees pose together in front of the JVK Filtration Systems stand. The stand showcases filtration technology &quot;Made in Germany&quot; and serves as a meeting point for technical discussions.\" srcset=\"https:\/\/jvk.de\/wp-content\/uploads\/2025\/10\/Dubai_2025-1024x768.jpg 1024w, https:\/\/jvk.de\/wp-content\/uploads\/2025\/10\/Dubai_2025-300x225.jpg 300w, https:\/\/jvk.de\/wp-content\/uploads\/2025\/10\/Dubai_2025-768x576.jpg 768w, https:\/\/jvk.de\/wp-content\/uploads\/2025\/10\/Dubai_2025.jpg 1280w\" sizes=\"(max-width: 800px) 100vw, 800px\" \/><\/div><\/a>\n\t\t\t\t<div class=\"elementor-post__badge\">Exhibition<\/div>\n\t\t\t\t<div class=\"elementor-post__text\">\n\t\t\t\t<h2 class=\"elementor-post__title\">\n\t\t\t<a href=\"https:\/\/jvk.de\/en\/jvk-news\/the-mining-show\/\" >\n\t\t\t\tThe Mining Show 2025 in Dubai \u2013 Review\t\t\t<\/a>\n\t\t<\/h2>\n\t\t\t\t<div class=\"elementor-post__excerpt\">\n\t\t\t<p>The Mining Show 2025 set new standards for the mining industry. We were there, of course! <\/p>\n\t\t<\/div>\n\t\t\n\t\t<a class=\"elementor-post__read-more\" href=\"https:\/\/jvk.de\/en\/jvk-news\/the-mining-show\/\" aria-label=\"Read more about The Mining Show 2025 in Dubai \u2013 Review\" tabindex=\"-1\" >\n\t\t\tRead more\t\t<\/a>\n\n\t\t\t\t<\/div>\n\t\t\t\t\t<\/div>\n\t\t<\/article>\n\t\t\t\t<article class=\"elementor-post elementor-grid-item post-8345 post type-post status-publish format-standard has-post-thumbnail hentry category-exhibition\" role=\"listitem\">\n\t\t\t<div class=\"elementor-post__card\">\n\t\t\t\t<a class=\"elementor-post__thumbnail__link\" href=\"https:\/\/jvk.de\/en\/jvk-news\/8th-mining-4-0-europe-summit\/\" tabindex=\"-1\" ><div class=\"elementor-post__thumbnail\"><img decoding=\"async\" width=\"768\" height=\"1024\" src=\"https:\/\/jvk.de\/wp-content\/uploads\/2025\/10\/summit5-768x1024.jpg\" class=\"attachment-large size-large wp-image-11401\" alt=\"Messestand von JVK Filtration Systems mit gebrandeter R\u00fcckwand, Produktabbildungen und Slogan \u201eInnovation \u2013 Built on Experience\u201c. Auf dem Tisch liegen Muster, Brosch\u00fcren und Werbematerialien zur Pr\u00e4sentation der Filtrationsl\u00f6sungen.\" srcset=\"https:\/\/jvk.de\/wp-content\/uploads\/2025\/10\/summit5-768x1024.jpg 768w, https:\/\/jvk.de\/wp-content\/uploads\/2025\/10\/summit5-225x300.jpg 225w, https:\/\/jvk.de\/wp-content\/uploads\/2025\/10\/summit5-1152x1536.jpg 1152w, https:\/\/jvk.de\/wp-content\/uploads\/2025\/10\/summit5.jpg 1280w\" sizes=\"(max-width: 768px) 100vw, 768px\" \/><\/div><\/a>\n\t\t\t\t<div class=\"elementor-post__badge\">Exhibition<\/div>\n\t\t\t\t<div class=\"elementor-post__text\">\n\t\t\t\t<h2 class=\"elementor-post__title\">\n\t\t\t<a href=\"https:\/\/jvk.de\/en\/jvk-news\/8th-mining-4-0-europe-summit\/\" >\n\t\t\t\t8th Mining 4.0 Europe Summit\t\t\t<\/a>\n\t\t<\/h2>\n\t\t\t\t<div class=\"elementor-post__excerpt\">\n\t\t\t<p>Visit us at our booth. We appreciate your interest.<\/p>\n\t\t<\/div>\n\t\t\n\t\t<a class=\"elementor-post__read-more\" href=\"https:\/\/jvk.de\/en\/jvk-news\/8th-mining-4-0-europe-summit\/\" aria-label=\"Read more about 8th Mining 4.0 Europe Summit\" tabindex=\"-1\" >\n\t\t\tRead more\t\t<\/a>\n\n\t\t\t\t<\/div>\n\t\t\t\t\t<\/div>\n\t\t<\/article>\n\t\t\t\t<article class=\"elementor-post elementor-grid-item post-8315 post type-post status-publish format-standard has-post-thumbnail hentry category-exhibition\" role=\"listitem\">\n\t\t\t<div class=\"elementor-post__card\">\n\t\t\t\t<a class=\"elementor-post__thumbnail__link\" href=\"https:\/\/jvk.de\/en\/jvk-news\/37th-perumin-recap\/\" tabindex=\"-1\" ><div class=\"elementor-post__thumbnail\"><img loading=\"lazy\" decoding=\"async\" width=\"768\" height=\"1024\" src=\"https:\/\/jvk.de\/wp-content\/uploads\/2025\/07\/1758790542496-768x1024.jpeg\" class=\"attachment-large size-large wp-image-8321\" alt=\"Messestand von JVK Filtration Systems auf einer Fachmesse mit Produktdemonstration am Tresen.\nDrei Personen im Gespr\u00e4ch \u00fcber SnapFit-Filterplatten vor gebrandeter Pr\u00e4sentationswand.\" srcset=\"https:\/\/jvk.de\/wp-content\/uploads\/2025\/07\/1758790542496-768x1024.jpeg 768w, https:\/\/jvk.de\/wp-content\/uploads\/2025\/07\/1758790542496-225x300.jpeg 225w, https:\/\/jvk.de\/wp-content\/uploads\/2025\/07\/1758790542496.jpeg 1152w\" sizes=\"(max-width: 768px) 100vw, 768px\" \/><\/div><\/a>\n\t\t\t\t<div class=\"elementor-post__badge\">Exhibition<\/div>\n\t\t\t\t<div class=\"elementor-post__text\">\n\t\t\t\t<h2 class=\"elementor-post__title\">\n\t\t\t<a href=\"https:\/\/jvk.de\/en\/jvk-news\/37th-perumin-recap\/\" >\n\t\t\t\t37th Perumin Recap\t\t\t<\/a>\n\t\t<\/h2>\n\t\t\t\t<div class=\"elementor-post__excerpt\">\n\t\t\t<p>JVK Filtration Systems is proud to have been part of PERUMIN 37\ud83c\uddf5\ud83c\uddea!<\/p>\n\t\t<\/div>\n\t\t\n\t\t<a class=\"elementor-post__read-more\" href=\"https:\/\/jvk.de\/en\/jvk-news\/37th-perumin-recap\/\" aria-label=\"Read more about 37th Perumin Recap\" tabindex=\"-1\" >\n\t\t\tRead more\t\t<\/a>\n\n\t\t\t\t<\/div>\n\t\t\t\t\t<\/div>\n\t\t<\/article>\n\t\t\t\t<\/div>\n\t\t\t\t\t<span class=\"e-load-more-spinner\">\n\t\t\t\t<svg aria-hidden=\"true\" class=\"e-font-icon-svg e-fas-spinner\" viewBox=\"0 0 512 512\" xmlns=\"http:\/\/www.w3.org\/2000\/svg\"><path d=\"M304 48c0 26.51-21.49 48-48 48s-48-21.49-48-48 21.49-48 48-48 48 21.49 48 48zm-48 368c-26.51 0-48 21.49-48 48s21.49 48 48 48 48-21.49 48-48-21.49-48-48-48zm208-208c-26.51 0-48 21.49-48 48s21.49 48 48 48 48-21.49 48-48-21.49-48-48-48zM96 256c0-26.51-21.49-48-48-48S0 229.49 0 256s21.49 48 48 48 48-21.49 48-48zm12.922 99.078c-26.51 0-48 21.49-48 48s21.49 48 48 48 48-21.49 48-48c0-26.509-21.491-48-48-48zm294.156 0c-26.51 0-48 21.49-48 48s21.49 48 48 48 48-21.49 48-48c0-26.509-21.49-48-48-48zM108.922 60.922c-26.51 0-48 21.49-48 48s21.49 48 48 48 48-21.49 48-48-21.491-48-48-48z\"><\/path><\/svg>\t\t\t<\/span>\n\t\t\n\t\t\t\t\t\t<\/div>\n\t\t\t\t<\/div>\n\t\t\t\t\t<\/div>\n\t\t\t\t<\/div>\n\t\t\t\t<\/div>\n\t\t","protected":false},"excerpt":{"rendered":"<p>JVK News<\/p>\n","protected":false},"author":1,"featured_media":0,"parent":0,"menu_order":0,"comment_status":"closed","ping_status":"closed","template":"","meta":{"_acf_changed":false,"footnotes":""},"categories":[],"tags":[],"class_list":["post-8673","page","type-page","status-publish","hentry"],"acf":[],"yoast_head":"<!-- This site is optimized with the Yoast SEO Premium plugin v27.1 (Yoast SEO v27.1.1) - https:\/\/yoast.com\/product\/yoast-seo-premium-wordpress\/ -->\n<title>JVK Filtration Systems | News from industrial filtering<\/title>\n<meta name=\"description\" content=\"Discover the latest news from the filtering industries and dive into the world of our perfect fitting solutions for your own niche. More...\" \/>\n<meta name=\"robots\" content=\"index, follow, max-snippet:-1, max-image-preview:large, max-video-preview:-1\" \/>\n<link rel=\"canonical\" href=\"https:\/\/jvk.de\/en\/jvk-news\/\" \/>\n<meta property=\"og:locale\" content=\"en_US\" \/>\n<meta property=\"og:type\" content=\"article\" \/>\n<meta property=\"og:title\" content=\"JVK News\" \/>\n<meta property=\"og:description\" content=\"Discover the latest news from the filtering industries and dive into the world of our perfect fitting solutions for your own niche. More...\" \/>\n<meta property=\"og:url\" content=\"https:\/\/jvk.de\/en\/jvk-news\/\" \/>\n<meta property=\"og:site_name\" content=\"JVK Filtration Systems\" \/>\n<meta property=\"article:modified_time\" content=\"2026-01-26T09:21:48+00:00\" \/>\n<meta property=\"og:image\" content=\"https:\/\/jvk.de\/wp-content\/uploads\/2025\/08\/JVK_page10_img47.png\" \/>\n\t<meta property=\"og:image:width\" content=\"579\" \/>\n\t<meta property=\"og:image:height\" content=\"461\" \/>\n\t<meta property=\"og:image:type\" content=\"image\/png\" \/>\n<meta name=\"twitter:card\" content=\"summary_large_image\" \/>\n<meta name=\"twitter:label1\" content=\"Est. reading time\" \/>\n\t<meta name=\"twitter:data1\" content=\"2 minutes\" \/>\n<script type=\"application\/ld+json\" class=\"yoast-schema-graph\">{\"@context\":\"https:\/\/schema.org\",\"@graph\":[{\"@type\":\"WebPage\",\"@id\":\"https:\/\/jvk.de\/en\/jvk-news\/\",\"url\":\"https:\/\/jvk.de\/en\/jvk-news\/\",\"name\":\"JVK Filtration Systems | News from industrial filtering\",\"isPartOf\":{\"@id\":\"https:\/\/jvk.de\/en\/#website\"},\"datePublished\":\"2025-10-15T12:23:30+00:00\",\"dateModified\":\"2026-01-26T09:21:48+00:00\",\"description\":\"Discover the latest news from the filtering industries and dive into the world of our perfect fitting solutions for your own niche. More...\",\"breadcrumb\":{\"@id\":\"https:\/\/jvk.de\/en\/jvk-news\/#breadcrumb\"},\"inLanguage\":\"en-US\",\"potentialAction\":[{\"@type\":\"ReadAction\",\"target\":[\"https:\/\/jvk.de\/en\/jvk-news\/\"]}]},{\"@type\":\"BreadcrumbList\",\"@id\":\"https:\/\/jvk.de\/en\/jvk-news\/#breadcrumb\",\"itemListElement\":[{\"@type\":\"ListItem\",\"position\":1,\"name\":\"Startseite\",\"item\":\"https:\/\/jvk.de\/en\/jvk-filtration-systems-2\/\"},{\"@type\":\"ListItem\",\"position\":2,\"name\":\"JVK News\"}]},{\"@type\":\"WebSite\",\"@id\":\"https:\/\/jvk.de\/en\/#website\",\"url\":\"https:\/\/jvk.de\/en\/\",\"name\":\"JVK Filtration Systems GmbH\",\"description\":\"\",\"publisher\":{\"@id\":\"https:\/\/jvk.de\/en\/#organization\"},\"potentialAction\":[{\"@type\":\"SearchAction\",\"target\":{\"@type\":\"EntryPoint\",\"urlTemplate\":\"https:\/\/jvk.de\/en\/?s={search_term_string}\"},\"query-input\":{\"@type\":\"PropertyValueSpecification\",\"valueRequired\":true,\"valueName\":\"search_term_string\"}}],\"inLanguage\":\"en-US\"},{\"@type\":\"Organization\",\"@id\":\"https:\/\/jvk.de\/en\/#organization\",\"name\":\"JVK Filtration Systems\",\"url\":\"https:\/\/jvk.de\/en\/\",\"logo\":{\"@type\":\"ImageObject\",\"inLanguage\":\"en-US\",\"@id\":\"https:\/\/jvk.de\/en\/#\/schema\/logo\/image\/\",\"url\":\"https:\/\/jvk.de\/wp-content\/uploads\/2025\/02\/logo-jvk.svg\",\"contentUrl\":\"https:\/\/jvk.de\/wp-content\/uploads\/2025\/02\/logo-jvk.svg\",\"width\":100,\"height\":100,\"caption\":\"JVK Filtration Systems\"},\"image\":{\"@id\":\"https:\/\/jvk.de\/en\/#\/schema\/logo\/image\/\"}}]}<\/script>\n<!-- \/ Yoast SEO Premium plugin. -->","yoast_head_json":{"title":"JVK Filtration Systems | News from industrial filtering","description":"Discover the latest news from the filtering industries and dive into the world of our perfect fitting solutions for your own niche. More...","robots":{"index":"index","follow":"follow","max-snippet":"max-snippet:-1","max-image-preview":"max-image-preview:large","max-video-preview":"max-video-preview:-1"},"canonical":"https:\/\/jvk.de\/en\/jvk-news\/","og_locale":"en_US","og_type":"article","og_title":"JVK News","og_description":"Discover the latest news from the filtering industries and dive into the world of our perfect fitting solutions for your own niche. More...","og_url":"https:\/\/jvk.de\/en\/jvk-news\/","og_site_name":"JVK Filtration Systems","article_modified_time":"2026-01-26T09:21:48+00:00","og_image":[{"width":579,"height":461,"url":"https:\/\/jvk.de\/wp-content\/uploads\/2025\/08\/JVK_page10_img47.png","type":"image\/png"}],"twitter_card":"summary_large_image","twitter_misc":{"Est. reading time":"2 minutes"},"schema":{"@context":"https:\/\/schema.org","@graph":[{"@type":"WebPage","@id":"https:\/\/jvk.de\/en\/jvk-news\/","url":"https:\/\/jvk.de\/en\/jvk-news\/","name":"JVK Filtration Systems | News from industrial filtering","isPartOf":{"@id":"https:\/\/jvk.de\/en\/#website"},"datePublished":"2025-10-15T12:23:30+00:00","dateModified":"2026-01-26T09:21:48+00:00","description":"Discover the latest news from the filtering industries and dive into the world of our perfect fitting solutions for your own niche. More...","breadcrumb":{"@id":"https:\/\/jvk.de\/en\/jvk-news\/#breadcrumb"},"inLanguage":"en-US","potentialAction":[{"@type":"ReadAction","target":["https:\/\/jvk.de\/en\/jvk-news\/"]}]},{"@type":"BreadcrumbList","@id":"https:\/\/jvk.de\/en\/jvk-news\/#breadcrumb","itemListElement":[{"@type":"ListItem","position":1,"name":"Startseite","item":"https:\/\/jvk.de\/en\/jvk-filtration-systems-2\/"},{"@type":"ListItem","position":2,"name":"JVK News"}]},{"@type":"WebSite","@id":"https:\/\/jvk.de\/en\/#website","url":"https:\/\/jvk.de\/en\/","name":"JVK Filtration Systems GmbH","description":"","publisher":{"@id":"https:\/\/jvk.de\/en\/#organization"},"potentialAction":[{"@type":"SearchAction","target":{"@type":"EntryPoint","urlTemplate":"https:\/\/jvk.de\/en\/?s={search_term_string}"},"query-input":{"@type":"PropertyValueSpecification","valueRequired":true,"valueName":"search_term_string"}}],"inLanguage":"en-US"},{"@type":"Organization","@id":"https:\/\/jvk.de\/en\/#organization","name":"JVK Filtration Systems","url":"https:\/\/jvk.de\/en\/","logo":{"@type":"ImageObject","inLanguage":"en-US","@id":"https:\/\/jvk.de\/en\/#\/schema\/logo\/image\/","url":"https:\/\/jvk.de\/wp-content\/uploads\/2025\/02\/logo-jvk.svg","contentUrl":"https:\/\/jvk.de\/wp-content\/uploads\/2025\/02\/logo-jvk.svg","width":100,"height":100,"caption":"JVK Filtration Systems"},"image":{"@id":"https:\/\/jvk.de\/en\/#\/schema\/logo\/image\/"}}]}},"_links":{"self":[{"href":"https:\/\/jvk.de\/en\/wp-json\/wp\/v2\/pages\/8673","targetHints":{"allow":["GET"]}}],"collection":[{"href":"https:\/\/jvk.de\/en\/wp-json\/wp\/v2\/pages"}],"about":[{"href":"https:\/\/jvk.de\/en\/wp-json\/wp\/v2\/types\/page"}],"author":[{"embeddable":true,"href":"https:\/\/jvk.de\/en\/wp-json\/wp\/v2\/users\/1"}],"replies":[{"embeddable":true,"href":"https:\/\/jvk.de\/en\/wp-json\/wp\/v2\/comments?post=8673"}],"version-history":[{"count":5,"href":"https:\/\/jvk.de\/en\/wp-json\/wp\/v2\/pages\/8673\/revisions"}],"predecessor-version":[{"id":11561,"href":"https:\/\/jvk.de\/en\/wp-json\/wp\/v2\/pages\/8673\/revisions\/11561"}],"wp:attachment":[{"href":"https:\/\/jvk.de\/en\/wp-json\/wp\/v2\/media?parent=8673"}],"wp:term":[{"taxonomy":"category","embeddable":true,"href":"https:\/\/jvk.de\/en\/wp-json\/wp\/v2\/categories?post=8673"},{"taxonomy":"post_tag","embeddable":true,"href":"https:\/\/jvk.de\/en\/wp-json\/wp\/v2\/tags?post=8673"}],"curies":[{"name":"wp","href":"https:\/\/api.w.org\/{rel}","templated":true}]}}