{"id":8226,"date":"2025-07-08T10:01:20","date_gmt":"2025-07-08T10:01:20","guid":{"rendered":"https:\/\/jvk.novo-peak.it\/laboratory-plates\/"},"modified":"2026-02-10T12:06:19","modified_gmt":"2026-02-10T12:06:19","slug":"laboratory-plates","status":"publish","type":"page","link":"https:\/\/jvk.de\/en\/products\/laboratory-plates\/","title":{"rendered":"Laboratory Plates"},"content":{"rendered":"\t\t<div data-elementor-type=\"wp-page\" data-elementor-id=\"8226\" class=\"elementor elementor-8226 elementor-2368\" data-elementor-post-type=\"page\">\n\t\t\t\t<div class=\"elementor-element elementor-element-17760297 e-con-full e-flex e-con e-parent\" data-id=\"17760297\" data-element_type=\"container\" data-e-type=\"container\" data-settings=\"{&quot;background_background&quot;:&quot;classic&quot;}\">\n\t\t\t\t<div class=\"elementor-element elementor-element-18e8c31b elementor-widget__width-inherit elementor--h-position-center elementor--v-position-middle elementor-widget elementor-widget-slides\" data-id=\"18e8c31b\" data-element_type=\"widget\" data-e-type=\"widget\" data-settings=\"{&quot;navigation&quot;:&quot;none&quot;,&quot;autoplay&quot;:&quot;yes&quot;,&quot;pause_on_hover&quot;:&quot;yes&quot;,&quot;pause_on_interaction&quot;:&quot;yes&quot;,&quot;autoplay_speed&quot;:5000,&quot;infinite&quot;:&quot;yes&quot;,&quot;transition&quot;:&quot;slide&quot;,&quot;transition_speed&quot;:500}\" data-widget_type=\"slides.default\">\n\t\t\t\t<div class=\"elementor-widget-container\">\n\t\t\t\t\t\t\t\t\t<div class=\"elementor-swiper\">\n\t\t\t\t\t<div class=\"elementor-slides-wrapper elementor-main-swiper swiper\" role=\"region\" aria-roledescription=\"carousel\" aria-label=\"Slides\" dir=\"ltr\" data-animation=\"fadeInUp\">\n\t\t\t\t<div class=\"swiper-wrapper elementor-slides\">\n\t\t\t\t\t\t\t\t\t\t<div class=\"elementor-repeater-item-ec279c4 swiper-slide\" role=\"group\" aria-roledescription=\"slide\"><div class=\"swiper-slide-bg elementor-ken-burns elementor-ken-burns--out\" role=\"img\" aria-label=\"Automatisierte Produktionsanlage mit Handhabungsrobotern und Maschinen zur Bearbeitung und Montage von Filterplatten in einer Industriehalle. Fertigungsumgebung f\u00fcr pr\u00e4zise Kunststoff- und Metallverarbeitung im Serienprozess.\"><\/div><div class=\"elementor-background-overlay\"><\/div><div class=\"swiper-slide-inner\" ><div class=\"swiper-slide-contents\"><div class=\"elementor-slide-heading\">Laboratory Plates<\/div><\/div><\/div><\/div>\t\t\t\t<\/div>\n\t\t\t\t\t\t\t<\/div>\n\t\t\t\t<\/div>\n\t\t\t\t\t\t\t\t<\/div>\n\t\t\t\t<\/div>\n\t\t\t\t<\/div>\n\t\t<div class=\"elementor-element elementor-element-19bfad47 e-flex e-con-boxed e-con e-parent\" data-id=\"19bfad47\" data-element_type=\"container\" data-e-type=\"container\" data-settings=\"{&quot;background_background&quot;:&quot;classic&quot;}\">\n\t\t\t\t\t<div class=\"e-con-inner\">\n\t\t<div class=\"elementor-element elementor-element-1580cb2b e-con-full e-flex elementor-invisible e-con e-child\" data-id=\"1580cb2b\" data-element_type=\"container\" data-e-type=\"container\" data-settings=\"{&quot;animation&quot;:&quot;fadeInLeft&quot;}\">\n\t\t\t\t<div class=\"elementor-element elementor-element-c99c5a1 elementor-widget elementor-widget-image\" data-id=\"c99c5a1\" data-element_type=\"widget\" data-e-type=\"widget\" data-widget_type=\"image.default\">\n\t\t\t\t<div class=\"elementor-widget-container\">\n\t\t\t\t\t\t\t\t\t\t\t\t\t\t\t<img fetchpriority=\"high\" decoding=\"async\" width=\"382\" height=\"290\" src=\"https:\/\/jvk.de\/wp-content\/uploads\/2025\/10\/labor-platte-jvk.png\" class=\"attachment-large size-large wp-image-7997\" alt=\"Laborfilterpresse mit kompakten Laborplatten, Schlauchanschluss und Spannmechanik f\u00fcr Versuche im Technikums- und Laborbetrieb. JVK Laborplatten zur pr\u00e4zisen Fest-Fl\u00fcssig-Trennung im kleinen Ma\u00dfstab.\" srcset=\"https:\/\/jvk.de\/wp-content\/uploads\/2025\/10\/labor-platte-jvk.png 382w, https:\/\/jvk.de\/wp-content\/uploads\/2025\/10\/labor-platte-jvk-300x228.png 300w\" sizes=\"(max-width: 382px) 100vw, 382px\" \/>\t\t\t\t\t\t\t\t\t\t\t\t\t\t\t<\/div>\n\t\t\t\t<\/div>\n\t\t\t\t<\/div>\n\t\t<div class=\"elementor-element elementor-element-71216f90 e-con-full e-flex elementor-invisible e-con e-child\" data-id=\"71216f90\" data-element_type=\"container\" data-e-type=\"container\" data-settings=\"{&quot;animation&quot;:&quot;fadeInRight&quot;}\">\n\t\t\t\t<div class=\"elementor-element elementor-element-66eafb28 elementor-widget elementor-widget-heading\" data-id=\"66eafb28\" data-element_type=\"widget\" data-e-type=\"widget\" data-widget_type=\"heading.default\">\n\t\t\t\t<div class=\"elementor-widget-container\">\n\t\t\t\t\t<p class=\"elementor-heading-title elementor-size-default\">Laboratory Plates<\/p>\t\t\t\t<\/div>\n\t\t\t\t<\/div>\n\t\t\t\t<div class=\"elementor-element elementor-element-7e5c240b elementor-widget elementor-widget-text-editor\" data-id=\"7e5c240b\" data-element_type=\"widget\" data-e-type=\"widget\" data-widget_type=\"text-editor.default\">\n\t\t\t\t<div class=\"elementor-widget-container\">\n\t\t\t\t\t\t\t\t\t<p><strong>Producer<\/strong>: <span style=\"text-decoration: underline;\"><a href=\"https:\/\/jvk.de\/en\/\">JVK Filtration Systems<\/a><\/span><\/p><p><strong>Size:<\/strong> 150&#215;150 to 500&#215;500 mm<br \/><strong>Application:<\/strong> in all industries<\/p><p><strong>Features:<\/strong><\/p><ul><li>Thermal cake drying<\/li><li>Replaceable membrane<\/li><li>Variable chamber depths via frame 15-50 mm<\/li><\/ul>\t\t\t\t\t\t\t\t<\/div>\n\t\t\t\t<\/div>\n\t\t<div class=\"elementor-element elementor-element-299f6bc e-con-full e-flex e-con e-child\" data-id=\"299f6bc\" data-element_type=\"container\" data-e-type=\"container\">\n\t\t\t\t<div class=\"elementor-element elementor-element-00c4742 elementor-align-center elementor-widget elementor-widget-button\" data-id=\"00c4742\" data-element_type=\"widget\" data-e-type=\"widget\" data-widget_type=\"button.default\">\n\t\t\t\t<div class=\"elementor-widget-container\">\n\t\t\t\t\t\t\t\t\t<div class=\"elementor-button-wrapper\">\n\t\t\t\t\t<a class=\"elementor-button elementor-button-link elementor-size-sm\" href=\"mailto:sales@jvk.de\" target=\"_blank\">\n\t\t\t\t\t\t<span class=\"elementor-button-content-wrapper\">\n\t\t\t\t\t\t\t\t\t<span class=\"elementor-button-text\">Request product<\/span>\n\t\t\t\t\t<\/span>\n\t\t\t\t\t<\/a>\n\t\t\t\t<\/div>\n\t\t\t\t\t\t\t\t<\/div>\n\t\t\t\t<\/div>\n\t\t\t\t<div class=\"elementor-element elementor-element-7ff046a elementor-align-center elementor-widget elementor-widget-button\" data-id=\"7ff046a\" data-element_type=\"widget\" data-e-type=\"widget\" data-widget_type=\"button.default\">\n\t\t\t\t<div class=\"elementor-widget-container\">\n\t\t\t\t\t\t\t\t\t<div class=\"elementor-button-wrapper\">\n\t\t\t\t\t<a class=\"elementor-button elementor-button-link elementor-size-sm\" href=\"https:\/\/calendly.com\/jvk-filtration-systems\/neues-meeting\" target=\"_blank\">\n\t\t\t\t\t\t<span class=\"elementor-button-content-wrapper\">\n\t\t\t\t\t\t\t\t\t<span class=\"elementor-button-text\">Request consultation now<\/span>\n\t\t\t\t\t<\/span>\n\t\t\t\t\t<\/a>\n\t\t\t\t<\/div>\n\t\t\t\t\t\t\t\t<\/div>\n\t\t\t\t<\/div>\n\t\t\t\t<\/div>\n\t\t\t\t<\/div>\n\t\t\t\t\t<\/div>\n\t\t\t\t<\/div>\n\t\t<div class=\"elementor-element elementor-element-6768fd69 e-flex e-con-boxed e-con e-parent\" data-id=\"6768fd69\" data-element_type=\"container\" data-e-type=\"container\" data-settings=\"{&quot;background_background&quot;:&quot;classic&quot;}\">\n\t\t\t\t\t<div class=\"e-con-inner\">\n\t\t<div class=\"elementor-element elementor-element-4a2f0085 e-con-full e-flex elementor-invisible e-con e-child\" data-id=\"4a2f0085\" data-element_type=\"container\" data-e-type=\"container\" data-settings=\"{&quot;animation&quot;:&quot;fadeInLeft&quot;}\">\n\t\t\t\t<div class=\"elementor-element elementor-element-7b90e23f elementor-widget elementor-widget-heading\" data-id=\"7b90e23f\" data-element_type=\"widget\" data-e-type=\"widget\" data-widget_type=\"heading.default\">\n\t\t\t\t<div class=\"elementor-widget-container\">\n\t\t\t\t\t<p class=\"elementor-heading-title elementor-size-default\">Laboratory filter press type JVK\u00ae LFP 150<\/p>\t\t\t\t<\/div>\n\t\t\t\t<\/div>\n\t\t\t\t<div class=\"elementor-element elementor-element-2710e4b7 elementor-widget elementor-widget-text-editor\" data-id=\"2710e4b7\" data-element_type=\"widget\" data-e-type=\"widget\" data-widget_type=\"text-editor.default\">\n\t\t\t\t<div class=\"elementor-widget-container\">\n\t\t\t\t\t\t\t\t\t<h3>Functional Principle<\/h3><p>The laboratory filter press JVK\u00ae LFP 150 was developed to investigate new tasks in suspension and cake treatment and to improve existing applications. It is designed so that different methods of cake treatment can be presented and tested: <\/p><ul><li>Pressure filtration<\/li><li>Repressing with membrane (max. 60 bar)<\/li><li>Dry blowing with air<\/li><li>Thermal cake drying<\/li><li>Cake washing<\/li><\/ul><p><br>The handy design allows the use directly on site at the customer&#8217;s premises. In conjunction with pneumatically controlled pumps, a compressed air network with 6 bar operating pressure is sufficient for operation. The appropriate chamber depth is set by selecting the correct filter frame thickness.  <\/p><h3>Complete Solution<\/h3><p>The laboratory filter press JVK\u00ae LFP 150, type Gamma, can also be realized as a mobile version.<\/p><p>Available plate types<\/p><ul><li>JVK\u00ae <strong>MCP<\/strong> \u2013 Membrane combination plate<\/li><li>JVK\u00ae <strong>MRP<\/strong> \u2013 Membrane chamber plate<\/li><li>JVK\u00ae <strong>TCC<\/strong> \u2013 temperature-controllable chamber plate<\/li><\/ul>\t\t\t\t\t\t\t\t<\/div>\n\t\t\t\t<\/div>\n\t\t\t\t<\/div>\n\t\t<div class=\"elementor-element elementor-element-0b4f5b8 e-con-full animated-slow e-flex elementor-invisible e-con e-child\" data-id=\"0b4f5b8\" data-element_type=\"container\" data-e-type=\"container\" data-settings=\"{&quot;background_background&quot;:&quot;classic&quot;,&quot;animation_widescreen&quot;:&quot;fadeInRight&quot;,&quot;animation&quot;:&quot;fadeInRight&quot;}\">\n\t\t\t\t<div class=\"elementor-element elementor-element-c350ce1 elementor-widget elementor-widget-image\" data-id=\"c350ce1\" data-element_type=\"widget\" data-e-type=\"widget\" data-settings=\"{&quot;_animation_widescreen&quot;:&quot;fadeInRight&quot;}\" data-widget_type=\"image.default\">\n\t\t\t\t<div class=\"elementor-widget-container\">\n\t\t\t\t\t\t\t\t\t\t\t\t\t\t\t<img decoding=\"async\" width=\"1024\" height=\"1536\" src=\"https:\/\/jvk.de\/wp-content\/uploads\/2025\/08\/laborfilterpress.png\" class=\"attachment-full size-full wp-image-6409\" alt=\"Mobiler Versuchs- oder Pr\u00fcfstand mit Pumpen, Ventilen, Druckanzeigen und Edelstahlbeh\u00e4ltern auf einem fahrbaren Gestell. Die Anlage ist f\u00fcr industrielle Labor- oder Prozessanwendungen in einer Reinraum- oder Produktionsumgebung ausgelegt.\" srcset=\"https:\/\/jvk.de\/wp-content\/uploads\/2025\/08\/laborfilterpress.png 1024w, https:\/\/jvk.de\/wp-content\/uploads\/2025\/08\/laborfilterpress-200x300.png 200w, https:\/\/jvk.de\/wp-content\/uploads\/2025\/08\/laborfilterpress-683x1024.png 683w, https:\/\/jvk.de\/wp-content\/uploads\/2025\/08\/laborfilterpress-768x1152.png 768w\" sizes=\"(max-width: 1024px) 100vw, 1024px\" \/>\t\t\t\t\t\t\t\t\t\t\t\t\t\t\t<\/div>\n\t\t\t\t<\/div>\n\t\t\t\t<\/div>\n\t\t\t\t\t<\/div>\n\t\t\t\t<\/div>\n\t\t\t\t<\/div>\n\t\t","protected":false},"excerpt":{"rendered":"<p>Precise laboratory plates for test series and pilot filter presses<\/p>\n","protected":false},"author":1,"featured_media":10494,"parent":9186,"menu_order":0,"comment_status":"closed","ping_status":"closed","template":"","meta":{"_acf_changed":false,"footnotes":""},"categories":[41,40],"tags":[],"class_list":["post-8226","page","type-page","status-publish","has-post-thumbnail","hentry","category-other-filter-elements","category-products"],"acf":[],"yoast_head":"<!-- This site is optimized with the Yoast SEO Premium plugin v27.1 (Yoast SEO v27.1.1) - https:\/\/yoast.com\/product\/yoast-seo-premium-wordpress\/ -->\n<title>Laboratory Plates 150\u00d7150-500\u00d7500mm | JVK Filtration Systems<\/title>\n<meta name=\"description\" content=\"Laboratory Plates from JVK Filtration Systems | Size: 150\u00d7150 to 500\u00d7500 mm | For Applications in all industries - contact us now!\" \/>\n<meta name=\"robots\" content=\"index, follow, max-snippet:-1, max-image-preview:large, max-video-preview:-1\" \/>\n<link rel=\"canonical\" href=\"https:\/\/jvk.de\/en\/products\/laboratory-plates\/\" \/>\n<meta property=\"og:locale\" content=\"en_US\" \/>\n<meta property=\"og:type\" content=\"article\" \/>\n<meta property=\"og:title\" content=\"Laboratory Plates\" \/>\n<meta property=\"og:description\" content=\"Laboratory Plates from JVK Filtration Systems | Size: 150\u00d7150 to 500\u00d7500 mm | For Applications in all industries - contact us now!\" \/>\n<meta property=\"og:url\" content=\"https:\/\/jvk.de\/en\/products\/laboratory-plates\/\" \/>\n<meta property=\"og:site_name\" content=\"JVK Filtration Systems\" \/>\n<meta property=\"article:modified_time\" content=\"2026-02-10T12:06:19+00:00\" \/>\n<meta property=\"og:image\" content=\"https:\/\/jvk.de\/wp-content\/uploads\/2025\/12\/Pilotplatten.png\" \/>\n\t<meta property=\"og:image:width\" content=\"800\" \/>\n\t<meta property=\"og:image:height\" content=\"800\" \/>\n\t<meta property=\"og:image:type\" content=\"image\/png\" \/>\n<meta name=\"twitter:card\" content=\"summary_large_image\" \/>\n<meta name=\"twitter:label1\" content=\"Est. reading time\" \/>\n\t<meta name=\"twitter:data1\" content=\"2 minutes\" \/>\n<script type=\"application\/ld+json\" class=\"yoast-schema-graph\">{\"@context\":\"https:\/\/schema.org\",\"@graph\":[{\"@type\":\"WebPage\",\"@id\":\"https:\/\/jvk.de\/en\/products\/laboratory-plates\/\",\"url\":\"https:\/\/jvk.de\/en\/products\/laboratory-plates\/\",\"name\":\"Laboratory Plates 150\u00d7150-500\u00d7500mm | JVK Filtration Systems\",\"isPartOf\":{\"@id\":\"https:\/\/jvk.de\/en\/#website\"},\"primaryImageOfPage\":{\"@id\":\"https:\/\/jvk.de\/en\/products\/laboratory-plates\/#primaryimage\"},\"image\":{\"@id\":\"https:\/\/jvk.de\/en\/products\/laboratory-plates\/#primaryimage\"},\"thumbnailUrl\":\"https:\/\/jvk.de\/wp-content\/uploads\/2025\/12\/Pilotplatten.png\",\"datePublished\":\"2025-07-08T10:01:20+00:00\",\"dateModified\":\"2026-02-10T12:06:19+00:00\",\"description\":\"Laboratory Plates from JVK Filtration Systems | Size: 150\u00d7150 to 500\u00d7500 mm | For Applications in all industries - contact us now!\",\"breadcrumb\":{\"@id\":\"https:\/\/jvk.de\/en\/products\/laboratory-plates\/#breadcrumb\"},\"inLanguage\":\"en-US\",\"potentialAction\":[{\"@type\":\"ReadAction\",\"target\":[\"https:\/\/jvk.de\/en\/products\/laboratory-plates\/\"]}]},{\"@type\":\"ImageObject\",\"inLanguage\":\"en-US\",\"@id\":\"https:\/\/jvk.de\/en\/products\/laboratory-plates\/#primaryimage\",\"url\":\"https:\/\/jvk.de\/wp-content\/uploads\/2025\/12\/Pilotplatten.png\",\"contentUrl\":\"https:\/\/jvk.de\/wp-content\/uploads\/2025\/12\/Pilotplatten.png\",\"width\":800,\"height\":800,\"caption\":\"Pilot plates\"},{\"@type\":\"BreadcrumbList\",\"@id\":\"https:\/\/jvk.de\/en\/products\/laboratory-plates\/#breadcrumb\",\"itemListElement\":[{\"@type\":\"ListItem\",\"position\":1,\"name\":\"Startseite\",\"item\":\"https:\/\/jvk.de\/en\/jvk-filtration-systems-2\/\"},{\"@type\":\"ListItem\",\"position\":2,\"name\":\"Products\",\"item\":\"https:\/\/jvk.de\/en\/products\/\"},{\"@type\":\"ListItem\",\"position\":3,\"name\":\"Laboratory Plates\"}]},{\"@type\":\"WebSite\",\"@id\":\"https:\/\/jvk.de\/en\/#website\",\"url\":\"https:\/\/jvk.de\/en\/\",\"name\":\"JVK Filtration Systems GmbH\",\"description\":\"\",\"publisher\":{\"@id\":\"https:\/\/jvk.de\/en\/#organization\"},\"potentialAction\":[{\"@type\":\"SearchAction\",\"target\":{\"@type\":\"EntryPoint\",\"urlTemplate\":\"https:\/\/jvk.de\/en\/?s={search_term_string}\"},\"query-input\":{\"@type\":\"PropertyValueSpecification\",\"valueRequired\":true,\"valueName\":\"search_term_string\"}}],\"inLanguage\":\"en-US\"},{\"@type\":\"Organization\",\"@id\":\"https:\/\/jvk.de\/en\/#organization\",\"name\":\"JVK Filtration Systems\",\"url\":\"https:\/\/jvk.de\/en\/\",\"logo\":{\"@type\":\"ImageObject\",\"inLanguage\":\"en-US\",\"@id\":\"https:\/\/jvk.de\/en\/#\/schema\/logo\/image\/\",\"url\":\"https:\/\/jvk.de\/wp-content\/uploads\/2025\/02\/logo-jvk.svg\",\"contentUrl\":\"https:\/\/jvk.de\/wp-content\/uploads\/2025\/02\/logo-jvk.svg\",\"width\":100,\"height\":100,\"caption\":\"JVK Filtration Systems\"},\"image\":{\"@id\":\"https:\/\/jvk.de\/en\/#\/schema\/logo\/image\/\"}}]}<\/script>\n<!-- \/ Yoast SEO Premium plugin. -->","yoast_head_json":{"title":"Laboratory Plates 150\u00d7150-500\u00d7500mm | JVK Filtration Systems","description":"Laboratory Plates from JVK Filtration Systems | Size: 150\u00d7150 to 500\u00d7500 mm | For Applications in all industries - contact us now!","robots":{"index":"index","follow":"follow","max-snippet":"max-snippet:-1","max-image-preview":"max-image-preview:large","max-video-preview":"max-video-preview:-1"},"canonical":"https:\/\/jvk.de\/en\/products\/laboratory-plates\/","og_locale":"en_US","og_type":"article","og_title":"Laboratory Plates","og_description":"Laboratory Plates from JVK Filtration Systems | Size: 150\u00d7150 to 500\u00d7500 mm | For Applications in all industries - contact us now!","og_url":"https:\/\/jvk.de\/en\/products\/laboratory-plates\/","og_site_name":"JVK Filtration Systems","article_modified_time":"2026-02-10T12:06:19+00:00","og_image":[{"width":800,"height":800,"url":"https:\/\/jvk.de\/wp-content\/uploads\/2025\/12\/Pilotplatten.png","type":"image\/png"}],"twitter_card":"summary_large_image","twitter_misc":{"Est. reading time":"2 minutes"},"schema":{"@context":"https:\/\/schema.org","@graph":[{"@type":"WebPage","@id":"https:\/\/jvk.de\/en\/products\/laboratory-plates\/","url":"https:\/\/jvk.de\/en\/products\/laboratory-plates\/","name":"Laboratory Plates 150\u00d7150-500\u00d7500mm | JVK Filtration Systems","isPartOf":{"@id":"https:\/\/jvk.de\/en\/#website"},"primaryImageOfPage":{"@id":"https:\/\/jvk.de\/en\/products\/laboratory-plates\/#primaryimage"},"image":{"@id":"https:\/\/jvk.de\/en\/products\/laboratory-plates\/#primaryimage"},"thumbnailUrl":"https:\/\/jvk.de\/wp-content\/uploads\/2025\/12\/Pilotplatten.png","datePublished":"2025-07-08T10:01:20+00:00","dateModified":"2026-02-10T12:06:19+00:00","description":"Laboratory Plates from JVK Filtration Systems | Size: 150\u00d7150 to 500\u00d7500 mm | For Applications in all industries - contact us now!","breadcrumb":{"@id":"https:\/\/jvk.de\/en\/products\/laboratory-plates\/#breadcrumb"},"inLanguage":"en-US","potentialAction":[{"@type":"ReadAction","target":["https:\/\/jvk.de\/en\/products\/laboratory-plates\/"]}]},{"@type":"ImageObject","inLanguage":"en-US","@id":"https:\/\/jvk.de\/en\/products\/laboratory-plates\/#primaryimage","url":"https:\/\/jvk.de\/wp-content\/uploads\/2025\/12\/Pilotplatten.png","contentUrl":"https:\/\/jvk.de\/wp-content\/uploads\/2025\/12\/Pilotplatten.png","width":800,"height":800,"caption":"Pilot plates"},{"@type":"BreadcrumbList","@id":"https:\/\/jvk.de\/en\/products\/laboratory-plates\/#breadcrumb","itemListElement":[{"@type":"ListItem","position":1,"name":"Startseite","item":"https:\/\/jvk.de\/en\/jvk-filtration-systems-2\/"},{"@type":"ListItem","position":2,"name":"Products","item":"https:\/\/jvk.de\/en\/products\/"},{"@type":"ListItem","position":3,"name":"Laboratory Plates"}]},{"@type":"WebSite","@id":"https:\/\/jvk.de\/en\/#website","url":"https:\/\/jvk.de\/en\/","name":"JVK Filtration Systems GmbH","description":"","publisher":{"@id":"https:\/\/jvk.de\/en\/#organization"},"potentialAction":[{"@type":"SearchAction","target":{"@type":"EntryPoint","urlTemplate":"https:\/\/jvk.de\/en\/?s={search_term_string}"},"query-input":{"@type":"PropertyValueSpecification","valueRequired":true,"valueName":"search_term_string"}}],"inLanguage":"en-US"},{"@type":"Organization","@id":"https:\/\/jvk.de\/en\/#organization","name":"JVK Filtration Systems","url":"https:\/\/jvk.de\/en\/","logo":{"@type":"ImageObject","inLanguage":"en-US","@id":"https:\/\/jvk.de\/en\/#\/schema\/logo\/image\/","url":"https:\/\/jvk.de\/wp-content\/uploads\/2025\/02\/logo-jvk.svg","contentUrl":"https:\/\/jvk.de\/wp-content\/uploads\/2025\/02\/logo-jvk.svg","width":100,"height":100,"caption":"JVK Filtration Systems"},"image":{"@id":"https:\/\/jvk.de\/en\/#\/schema\/logo\/image\/"}}]}},"_links":{"self":[{"href":"https:\/\/jvk.de\/en\/wp-json\/wp\/v2\/pages\/8226","targetHints":{"allow":["GET"]}}],"collection":[{"href":"https:\/\/jvk.de\/en\/wp-json\/wp\/v2\/pages"}],"about":[{"href":"https:\/\/jvk.de\/en\/wp-json\/wp\/v2\/types\/page"}],"author":[{"embeddable":true,"href":"https:\/\/jvk.de\/en\/wp-json\/wp\/v2\/users\/1"}],"replies":[{"embeddable":true,"href":"https:\/\/jvk.de\/en\/wp-json\/wp\/v2\/comments?post=8226"}],"version-history":[{"count":7,"href":"https:\/\/jvk.de\/en\/wp-json\/wp\/v2\/pages\/8226\/revisions"}],"predecessor-version":[{"id":11683,"href":"https:\/\/jvk.de\/en\/wp-json\/wp\/v2\/pages\/8226\/revisions\/11683"}],"up":[{"embeddable":true,"href":"https:\/\/jvk.de\/en\/wp-json\/wp\/v2\/pages\/9186"}],"wp:featuredmedia":[{"embeddable":true,"href":"https:\/\/jvk.de\/en\/wp-json\/wp\/v2\/media\/10494"}],"wp:attachment":[{"href":"https:\/\/jvk.de\/en\/wp-json\/wp\/v2\/media?parent=8226"}],"wp:term":[{"taxonomy":"category","embeddable":true,"href":"https:\/\/jvk.de\/en\/wp-json\/wp\/v2\/categories?post=8226"},{"taxonomy":"post_tag","embeddable":true,"href":"https:\/\/jvk.de\/en\/wp-json\/wp\/v2\/tags?post=8226"}],"curies":[{"name":"wp","href":"https:\/\/api.w.org\/{rel}","templated":true}]}}